{"id":4348,"date":"2021-11-30T13:44:32","date_gmt":"2021-11-30T11:44:32","guid":{"rendered":"https:\/\/www.granlunds.com\/?post_type=product&#038;p=4348"},"modified":"2023-03-11T23:20:33","modified_gmt":"2023-03-11T21:20:33","slug":"savustin-ritila","status":"publish","type":"product","link":"https:\/\/www.granlunds.com\/fi\/tuote\/savustin-ritila\/","title":{"rendered":"Savustin ritil\u00e4"},"content":{"rendered":"<p>Ruostumaton ritil\u00e4 sopii useimpiin s\u00e4hk\u00f6savustimiin sek\u00e4 savustuslaatikkoihin.<\/p>\n<p>T\u00e4ll\u00e4 tuotteella voidaan savustaa pienempi\u00e4 kaloja sel\u00e4ll\u00e4\u00e4n esim. ahventa ja siikaa.<\/p>\n<p>N\u00e4in kala savustuu tasaisesti ja maut s\u00e4ilyy.<\/p>\n<p>Pituus: 410mm<br \/>\nLeveys: 238mm<br \/>\nKorkeus: 40mm<br \/>\nPaino: 0,6kg<br \/>\nMateriaali: Ruostumaton verkko 1\u00d71\u201d, 2,0mm<\/p>\n","protected":false},"excerpt":{"rendered":"<p>Ruostumaton ritil\u00e4 joka sopii useimpiin s\u00e4hk\u00f6savustimiin.<\/p>\n","protected":false},"author":3,"featured_media":6617,"template":"","meta":{"advgb_blocks_editor_width":"","advgb_blocks_columns_visual_guide":""},"product_cat":[71],"product_tag":[],"featured_img":"https:\/\/www.granlunds.com\/wp-content\/uploads\/2021\/11\/Savustimen-ritila.jpg","coauthors":[],"author_meta":{"author_link":"https:\/\/www.granlunds.com\/fi\/author\/kaj\/","display_name":"Kaj"},"relative_dates":{"created":"Julkaistu 4 vuotta sitten","modified":"P\u00e4ivitetty 3 vuotta sitten"},"absolute_dates":{"created":"Julkaistu 30.11.2021","modified":"P\u00e4ivitetty 11.3.2023"},"absolute_dates_time":{"created":"Julkaistu 30.11.2021 13:44","modified":"P\u00e4ivitetty 11.3.2023 23:20"},"featured_img_caption":"","tax_additional":{"product_type":{"linked":["<a href=\"https:\/\/www.granlunds.com\/fi\/?taxonomy=product_type&#038;term=simple\" class=\"advgb-post-tax-term\">simple<\/a>"],"unlinked":["<span class=\"advgb-post-tax-term\">simple<\/span>"],"slug":"product_type","name":"Tuotetyyppi"},"product_visibility":{"linked":[],"unlinked":[],"slug":"product_visibility","name":"Tuotteen n\u00e4kyvyys"},"product_cat":{"linked":["<a href=\"https:\/\/www.granlunds.com\/fi\/tuote-kategoria\/savustin-ritila\/\" class=\"advgb-post-tax-term\">Savustin ritil\u00e4<\/a>"],"unlinked":["<span class=\"advgb-post-tax-term\">Savustin ritil\u00e4<\/span>"],"slug":"product_cat","name":"Osastot"},"product_tag":{"linked":[],"unlinked":[],"slug":"product_tag","name":"Avainsanat tuotteelle"},"product_shipping_class":{"linked":["<a href=\"https:\/\/www.granlunds.com\/fi\/?taxonomy=product_shipping_class&#038;term=pieni-paketti\" class=\"advgb-post-tax-term\">Pieni paketti<\/a>"],"unlinked":["<span class=\"advgb-post-tax-term\">Pieni paketti<\/span>"],"slug":"product_shipping_class","name":"Tuotteen toimitusluokat"},"translation_priority":{"linked":["<a href=\"https:\/\/www.granlunds.com\/fi\/?taxonomy=translation_priority&#038;term=optional-fi\" class=\"advgb-post-tax-term\">Optional<\/a>"],"unlinked":["<span class=\"advgb-post-tax-term\">Optional<\/span>"],"slug":"translation_priority","name":"Translation Priorities"}},"series_order":"","_links":{"self":[{"href":"https:\/\/www.granlunds.com\/fi\/wp-json\/wp\/v2\/product\/4348"}],"collection":[{"href":"https:\/\/www.granlunds.com\/fi\/wp-json\/wp\/v2\/product"}],"about":[{"href":"https:\/\/www.granlunds.com\/fi\/wp-json\/wp\/v2\/types\/product"}],"wp:featuredmedia":[{"embeddable":true,"href":"https:\/\/www.granlunds.com\/fi\/wp-json\/wp\/v2\/media\/6617"}],"wp:attachment":[{"href":"https:\/\/www.granlunds.com\/fi\/wp-json\/wp\/v2\/media?parent=4348"}],"wp:term":[{"taxonomy":"product_cat","embeddable":true,"href":"https:\/\/www.granlunds.com\/fi\/wp-json\/wp\/v2\/product_cat?post=4348"},{"taxonomy":"product_tag","embeddable":true,"href":"https:\/\/www.granlunds.com\/fi\/wp-json\/wp\/v2\/product_tag?post=4348"}],"curies":[{"name":"wp","href":"https:\/\/api.w.org\/{rel}","templated":true}]}}