{"id":3984,"date":"2021-08-21T09:35:31","date_gmt":"2021-08-21T07:10:58","guid":{"rendered":"https:\/\/www.granlunds.com\/?post_type=product&#038;p=3984"},"modified":"2021-08-21T22:10:42","modified_gmt":"2021-08-21T19:10:42","slug":"majakkavalaisin1-120cm","status":"publish","type":"product","link":"https:\/\/www.granlunds.com\/fi\/tuote\/majakkavalaisin1-120cm\/","title":{"rendered":"Majakkavalaisin 120cm"},"content":{"rendered":"<p>Led valaisin joka soveltuu majakkaan sek\u00e4 pokattu alumiiniputki s\u00e4hk\u00f6asennusta varten.<br \/>\nValaisin suunnataan yl\u00f6sp\u00e4in kattoon joka levi\u00e4\u00e4 valon majakan ymp\u00e4ri.<\/p>\n<ul>\n<li>220V<\/li>\n<li>5watt<\/li>\n<li>IP65<\/li>\n<li>harmaa<\/li>\n<li>putken halk. 16\/13mm<\/li>\n<li>majakan korkeus 120cm<\/li>\n<\/ul>\n<p>S\u00e4hk\u00f6kaapeli ei sis\u00e4lly!<br \/>\nS\u00e4hk\u00f6kaapeli tai putki on asennettava majakan keskelle t\u00e4ytt\u00f6vaiheessa.<\/p>\n","protected":false},"excerpt":{"rendered":"<p>Led valaisin 220V majakalle sek\u00e4 pokattu s\u00e4hk\u00f6putki.<\/p>\n","protected":false},"author":3,"featured_media":3978,"template":"","meta":{"advgb_blocks_editor_width":"","advgb_blocks_columns_visual_guide":""},"product_cat":[64,62,70],"product_tag":[],"featured_img":"https:\/\/www.granlunds.com\/wp-content\/uploads\/2021\/08\/Majakka-valaisin.jpg","coauthors":[],"author_meta":{"author_link":"https:\/\/www.granlunds.com\/fi\/author\/kaj\/","display_name":"Kaj"},"relative_dates":{"created":"Julkaistu 5 vuotta sitten","modified":"P\u00e4ivitetty 5 vuotta sitten"},"absolute_dates":{"created":"Julkaistu 21.8.2021","modified":"P\u00e4ivitetty 21.8.2021"},"absolute_dates_time":{"created":"Julkaistu 21.8.2021 9:35","modified":"P\u00e4ivitetty 21.8.2021 22:10"},"featured_img_caption":"","tax_additional":{"product_type":{"linked":["<a href=\"https:\/\/www.granlunds.com\/fi\/?taxonomy=product_type&#038;term=simple\" class=\"advgb-post-tax-term\">simple<\/a>"],"unlinked":["<span class=\"advgb-post-tax-term\">simple<\/span>"],"slug":"product_type","name":"Tuotetyyppi"},"product_visibility":{"linked":[],"unlinked":[],"slug":"product_visibility","name":"Tuotteen n\u00e4kyvyys"},"product_cat":{"linked":["<a href=\"https:\/\/www.granlunds.com\/fi\/tuote-kategoria\/kivikorit-3mm\/\" class=\"advgb-post-tax-term\">Kivikorit 3mm<\/a>","<a href=\"https:\/\/www.granlunds.com\/fi\/tuote-kategoria\/kivikorit-5mm\/\" class=\"advgb-post-tax-term\">Kivikorit 5 mm<\/a>","<a href=\"https:\/\/www.granlunds.com\/fi\/tuote-kategoria\/kivimajakka\/\" class=\"advgb-post-tax-term\">Kivimajakka<\/a>"],"unlinked":["<span class=\"advgb-post-tax-term\">Kivikorit 3mm<\/span>","<span class=\"advgb-post-tax-term\">Kivikorit 5 mm<\/span>","<span class=\"advgb-post-tax-term\">Kivimajakka<\/span>"],"slug":"product_cat","name":"Osastot"},"product_tag":{"linked":[],"unlinked":[],"slug":"product_tag","name":"Avainsanat tuotteelle"},"product_shipping_class":{"linked":["<a href=\"https:\/\/www.granlunds.com\/fi\/?taxonomy=product_shipping_class&#038;term=pieni-paketti\" class=\"advgb-post-tax-term\">Pieni paketti<\/a>"],"unlinked":["<span class=\"advgb-post-tax-term\">Pieni paketti<\/span>"],"slug":"product_shipping_class","name":"Tuotteen toimitusluokat"},"translation_priority":{"linked":["<a href=\"https:\/\/www.granlunds.com\/fi\/?taxonomy=translation_priority&#038;term=optional-fi\" class=\"advgb-post-tax-term\">Optional<\/a>"],"unlinked":["<span class=\"advgb-post-tax-term\">Optional<\/span>"],"slug":"translation_priority","name":"Translation Priorities"}},"series_order":"","_links":{"self":[{"href":"https:\/\/www.granlunds.com\/fi\/wp-json\/wp\/v2\/product\/3984"}],"collection":[{"href":"https:\/\/www.granlunds.com\/fi\/wp-json\/wp\/v2\/product"}],"about":[{"href":"https:\/\/www.granlunds.com\/fi\/wp-json\/wp\/v2\/types\/product"}],"wp:featuredmedia":[{"embeddable":true,"href":"https:\/\/www.granlunds.com\/fi\/wp-json\/wp\/v2\/media\/3978"}],"wp:attachment":[{"href":"https:\/\/www.granlunds.com\/fi\/wp-json\/wp\/v2\/media?parent=3984"}],"wp:term":[{"taxonomy":"product_cat","embeddable":true,"href":"https:\/\/www.granlunds.com\/fi\/wp-json\/wp\/v2\/product_cat?post=3984"},{"taxonomy":"product_tag","embeddable":true,"href":"https:\/\/www.granlunds.com\/fi\/wp-json\/wp\/v2\/product_tag?post=3984"}],"curies":[{"name":"wp","href":"https:\/\/api.w.org\/{rel}","templated":true}]}}