{"id":3614,"date":"2021-03-11T12:21:39","date_gmt":"2021-03-11T10:36:39","guid":{"rendered":"https:\/\/www.granlunds.com\/?post_type=product&#038;p=3614"},"modified":"2024-04-05T11:45:52","modified_gmt":"2024-04-05T08:45:52","slug":"kaivuueste-206-x-46cm","status":"publish","type":"product","link":"https:\/\/www.granlunds.com\/fi\/tuote\/kaivuueste-206-x-46cm\/","title":{"rendered":"Kaivuueste 206 x 46cm"},"content":{"rendered":"<ul>\n<li>Pituus: 206cm<\/li>\n<li>Leveys: 46cm<\/li>\n<li>Lanka: 3,0mm<\/li>\n<li>Silm\u00e4koko: 76 x 76mm<\/li>\n<\/ul>\n<p>Verkko asennetaan n. 10cm maapinnan alle, tarhasein\u00e4n pitkin.<\/p>\n<p>Est\u00e4\u00e4 koiraa p\u00e4\u00e4sem\u00e4\u00e4n tarhasta ulos kaivamalla.<\/p>\n","protected":false},"excerpt":{"rendered":"<p>Est\u00e4\u00e4 koiraa p\u00e4\u00e4sem\u00e4\u00e4n tarhasta ulos kaivamalla.<\/p>\n","protected":false},"author":3,"featured_media":3613,"template":"","meta":{"advgb_blocks_editor_width":"","advgb_blocks_columns_visual_guide":""},"product_cat":[33,75],"product_tag":[],"featured_img":"https:\/\/www.granlunds.com\/wp-content\/uploads\/2021\/03\/Kaivuueste-1-1000x1000-1.jpg","coauthors":[],"author_meta":{"author_link":"https:\/\/www.granlunds.com\/fi\/author\/kaj\/","display_name":"Kaj"},"relative_dates":{"created":"Julkaistu 5 vuotta sitten","modified":"P\u00e4ivitetty 2 vuotta sitten"},"absolute_dates":{"created":"Julkaistu 11.3.2021","modified":"P\u00e4ivitetty 5.4.2024"},"absolute_dates_time":{"created":"Julkaistu 11.3.2021 12:21","modified":"P\u00e4ivitetty 5.4.2024 11:45"},"featured_img_caption":"","tax_additional":{"product_type":{"linked":["<a href=\"https:\/\/www.granlunds.com\/fi\/?taxonomy=product_type&#038;term=simple\" class=\"advgb-post-tax-term\">simple<\/a>"],"unlinked":["<span class=\"advgb-post-tax-term\">simple<\/span>"],"slug":"product_type","name":"Tuotetyyppi"},"product_visibility":{"linked":[],"unlinked":[],"slug":"product_visibility","name":"Tuotteen n\u00e4kyvyys"},"product_cat":{"linked":["<a href=\"https:\/\/www.granlunds.com\/fi\/tuote-kategoria\/koiratarhat\/\" class=\"advgb-post-tax-term\">JEPO koiratarha<\/a>","<a href=\"https:\/\/www.granlunds.com\/fi\/tuote-kategoria\/jimi-hundgard-fi\/\" class=\"advgb-post-tax-term\">JIMI koiratarha<\/a>"],"unlinked":["<span class=\"advgb-post-tax-term\">JEPO koiratarha<\/span>","<span class=\"advgb-post-tax-term\">JIMI koiratarha<\/span>"],"slug":"product_cat","name":"Osastot"},"product_tag":{"linked":[],"unlinked":[],"slug":"product_tag","name":"Avainsanat tuotteelle"},"product_shipping_class":{"linked":["<a href=\"https:\/\/www.granlunds.com\/fi\/?taxonomy=product_shipping_class&#038;term=stenkorgar-fi\" class=\"advgb-post-tax-term\">Stenkorgar<\/a>"],"unlinked":["<span class=\"advgb-post-tax-term\">Stenkorgar<\/span>"],"slug":"product_shipping_class","name":"Tuotteen toimitusluokat"},"translation_priority":{"linked":["<a href=\"https:\/\/www.granlunds.com\/fi\/?taxonomy=translation_priority&#038;term=optional-fi\" class=\"advgb-post-tax-term\">Optional<\/a>"],"unlinked":["<span class=\"advgb-post-tax-term\">Optional<\/span>"],"slug":"translation_priority","name":"Translation Priorities"}},"series_order":"","_links":{"self":[{"href":"https:\/\/www.granlunds.com\/fi\/wp-json\/wp\/v2\/product\/3614"}],"collection":[{"href":"https:\/\/www.granlunds.com\/fi\/wp-json\/wp\/v2\/product"}],"about":[{"href":"https:\/\/www.granlunds.com\/fi\/wp-json\/wp\/v2\/types\/product"}],"wp:featuredmedia":[{"embeddable":true,"href":"https:\/\/www.granlunds.com\/fi\/wp-json\/wp\/v2\/media\/3613"}],"wp:attachment":[{"href":"https:\/\/www.granlunds.com\/fi\/wp-json\/wp\/v2\/media?parent=3614"}],"wp:term":[{"taxonomy":"product_cat","embeddable":true,"href":"https:\/\/www.granlunds.com\/fi\/wp-json\/wp\/v2\/product_cat?post=3614"},{"taxonomy":"product_tag","embeddable":true,"href":"https:\/\/www.granlunds.com\/fi\/wp-json\/wp\/v2\/product_tag?post=3614"}],"curies":[{"name":"wp","href":"https:\/\/api.w.org\/{rel}","templated":true}]}}