{"id":3368,"date":"2021-01-26T10:36:53","date_gmt":"2021-01-26T08:36:53","guid":{"rendered":"https:\/\/www.granlunds.com\/?post_type=product&#038;p=3368"},"modified":"2025-07-14T10:46:41","modified_gmt":"2025-07-14T07:46:41","slug":"kivimajakka-120cm","status":"publish","type":"product","link":"https:\/\/www.granlunds.com\/fi\/tuote\/kivimajakka-120cm\/","title":{"rendered":"Kivimajakka 120cm"},"content":{"rendered":"<p>Majakka on kuumasinkitty ja valmistettu Suomessa.<\/p>\n<p><strong>HUOM! Pienemm\u00e4n majakan rahti on nyt halvempi, alle 25\u20ac koko Suomeen!<\/strong><\/p>\n<p><strong>Tekniset tiedot:<\/strong><br \/>\nPohjan halkaisija: 47cm<br \/>\nKorkeus: 120cm<br \/>\nPaino: 18kg<br \/>\nReik\u00e4 valaisimelle: 72mm<\/p>\n<p>Majakkaan voidaan asentaa kohdevalaisin. Valaisin suunnataan yl\u00f6sp\u00e4in kattoon joka levi\u00e4\u00e4 valon majakan ymp\u00e4ri.<br \/>\nS\u00e4hk\u00f6kaapeli tai putki on asennettava majakan keskelle t\u00e4ytt\u00f6vaiheessa.<\/p>\n<p>Valaisin tilattavaa erikseen verkkokaupastamme!<\/p>\n<p>T\u00e4ytt\u00f6materiaali ei kuulu toimitukseen!<\/p>\n","protected":false},"excerpt":{"rendered":"<p>T\u00e4ydellinen koriste puutarhalle tai m\u00f6kin rannalle. Majakka on t\u00e4ytett\u00e4v\u00e4 luonnonkivill\u00e4.<\/p>\n<p>Majakat ovat my\u00f6skin myynniss\u00e4 Sep\u00e4nkyl\u00e4n <strong>SORATERMINAALISTA<\/strong> ja Sulvan <strong>AGRICENTERIST\u00c4<\/strong>.<\/p>\n","protected":false},"author":2,"featured_media":3701,"template":"","meta":{"advgb_blocks_editor_width":"","advgb_blocks_columns_visual_guide":""},"product_cat":[64,62,70],"product_tag":[],"featured_img":"https:\/\/www.granlunds.com\/wp-content\/uploads\/2021\/01\/IMG-20210217-WA0011.jpg","coauthors":[],"author_meta":{"author_link":"https:\/\/www.granlunds.com\/fi\/author\/jos\/","display_name":"jos"},"relative_dates":{"created":"Julkaistu 5 vuotta sitten","modified":"P\u00e4ivitetty 10 kuukautta sitten"},"absolute_dates":{"created":"Julkaistu 26.1.2021","modified":"P\u00e4ivitetty 14.7.2025"},"absolute_dates_time":{"created":"Julkaistu 26.1.2021 10:36","modified":"P\u00e4ivitetty 14.7.2025 10:46"},"featured_img_caption":"","tax_additional":{"product_type":{"linked":["<a href=\"https:\/\/www.granlunds.com\/fi\/?taxonomy=product_type&#038;term=simple\" class=\"advgb-post-tax-term\">simple<\/a>"],"unlinked":["<span class=\"advgb-post-tax-term\">simple<\/span>"],"slug":"product_type","name":"Tuotetyyppi"},"product_visibility":{"linked":[],"unlinked":[],"slug":"product_visibility","name":"Tuotteen n\u00e4kyvyys"},"product_cat":{"linked":["<a href=\"https:\/\/www.granlunds.com\/fi\/tuote-kategoria\/kivikorit-3mm\/\" class=\"advgb-post-tax-term\">Kivikorit 3mm<\/a>","<a href=\"https:\/\/www.granlunds.com\/fi\/tuote-kategoria\/kivikorit-5mm\/\" class=\"advgb-post-tax-term\">Kivikorit 5 mm<\/a>","<a href=\"https:\/\/www.granlunds.com\/fi\/tuote-kategoria\/kivimajakka\/\" class=\"advgb-post-tax-term\">Kivimajakka<\/a>"],"unlinked":["<span class=\"advgb-post-tax-term\">Kivikorit 3mm<\/span>","<span class=\"advgb-post-tax-term\">Kivikorit 5 mm<\/span>","<span class=\"advgb-post-tax-term\">Kivimajakka<\/span>"],"slug":"product_cat","name":"Osastot"},"product_tag":{"linked":[],"unlinked":[],"slug":"product_tag","name":"Avainsanat tuotteelle"},"product_shipping_class":{"linked":["<a href=\"https:\/\/www.granlunds.com\/fi\/?taxonomy=product_shipping_class&#038;term=pieni-paketti\" class=\"advgb-post-tax-term\">Pieni paketti<\/a>"],"unlinked":["<span class=\"advgb-post-tax-term\">Pieni paketti<\/span>"],"slug":"product_shipping_class","name":"Tuotteen toimitusluokat"},"translation_priority":{"linked":["<a href=\"https:\/\/www.granlunds.com\/fi\/?taxonomy=translation_priority&#038;term=optional-fi\" class=\"advgb-post-tax-term\">Optional<\/a>"],"unlinked":["<span class=\"advgb-post-tax-term\">Optional<\/span>"],"slug":"translation_priority","name":"Translation Priorities"}},"series_order":"","_links":{"self":[{"href":"https:\/\/www.granlunds.com\/fi\/wp-json\/wp\/v2\/product\/3368"}],"collection":[{"href":"https:\/\/www.granlunds.com\/fi\/wp-json\/wp\/v2\/product"}],"about":[{"href":"https:\/\/www.granlunds.com\/fi\/wp-json\/wp\/v2\/types\/product"}],"wp:featuredmedia":[{"embeddable":true,"href":"https:\/\/www.granlunds.com\/fi\/wp-json\/wp\/v2\/media\/3701"}],"wp:attachment":[{"href":"https:\/\/www.granlunds.com\/fi\/wp-json\/wp\/v2\/media?parent=3368"}],"wp:term":[{"taxonomy":"product_cat","embeddable":true,"href":"https:\/\/www.granlunds.com\/fi\/wp-json\/wp\/v2\/product_cat?post=3368"},{"taxonomy":"product_tag","embeddable":true,"href":"https:\/\/www.granlunds.com\/fi\/wp-json\/wp\/v2\/product_tag?post=3368"}],"curies":[{"name":"wp","href":"https:\/\/api.w.org\/{rel}","templated":true}]}}