{"id":3263,"date":"2021-01-21T14:58:39","date_gmt":"2021-01-21T13:01:16","guid":{"rendered":"https:\/\/www.granlunds.com\/?post_type=product&#038;p=3263"},"modified":"2022-09-14T08:17:09","modified_gmt":"2022-09-14T05:17:09","slug":"kivimajakka-180cm","status":"publish","type":"product","link":"https:\/\/www.granlunds.com\/fi\/tuote\/kivimajakka-180cm\/","title":{"rendered":"Kivimajakka 180cm"},"content":{"rendered":"<p>Majakka on kuumasinkitty ja valmistettu Suomessa.<\/p>\n<p><strong>Tekniset tiedot:<\/strong><br \/>\nPohjan halkaisija: 70cm<br \/>\nKorkeus: 180cm<br \/>\nPaino: 38kg<br \/>\nReik\u00e4 valaisimelle: 72mm<\/p>\n<p>Majakkaan voidaan asentaa kohdevalaisin. Valaisin suunnataan yl\u00f6sp\u00e4in kattoon joka levi\u00e4\u00e4 valon hienosti majakan ymp\u00e4ri.<br \/>\nS\u00e4hk\u00f6kaapeli tai putki on laitettava majakan keskelle t\u00e4ytt\u00f6vaiheessa.<\/p>\n<p>Valaisin tilattavaa erikseen verkkokaupastamme!<\/p>\n<p>T\u00e4ytt\u00f6materiaali ei kuulu toimitukseen!<\/p>\n","protected":false},"excerpt":{"rendered":"<p>T\u00e4ydellinen koriste puutarhalle tai m\u00f6kin rannalle. Majakka on t\u00e4ytett\u00e4v\u00e4 luonnonkivill\u00e4.<\/p>\n<p>Majakat ovat my\u00f6skin myynniss\u00e4 Sep\u00e4nkyl\u00e4n SORATERMINAALISTA ja Sulvan AGRICENTERIST\u00c4.<\/p>\n","protected":false},"author":2,"featured_media":5085,"template":"","meta":{"advgb_blocks_editor_width":"","advgb_blocks_columns_visual_guide":""},"product_cat":[64,62,70],"product_tag":[],"featured_img":"https:\/\/www.granlunds.com\/wp-content\/uploads\/2021\/01\/Majakka-Korpelainen-1-scaled-e1680725637371.jpg","coauthors":[],"author_meta":{"author_link":"https:\/\/www.granlunds.com\/fi\/author\/jos\/","display_name":"jos"},"relative_dates":{"created":"Julkaistu 5 vuotta sitten","modified":"P\u00e4ivitetty 4 vuotta sitten"},"absolute_dates":{"created":"Julkaistu 21.1.2021","modified":"P\u00e4ivitetty 14.9.2022"},"absolute_dates_time":{"created":"Julkaistu 21.1.2021 14:58","modified":"P\u00e4ivitetty 14.9.2022 8:17"},"featured_img_caption":"","tax_additional":{"product_type":{"linked":["<a href=\"https:\/\/www.granlunds.com\/fi\/?taxonomy=product_type&#038;term=simple\" class=\"advgb-post-tax-term\">simple<\/a>"],"unlinked":["<span class=\"advgb-post-tax-term\">simple<\/span>"],"slug":"product_type","name":"Tuotetyyppi"},"product_visibility":{"linked":[],"unlinked":[],"slug":"product_visibility","name":"Tuotteen n\u00e4kyvyys"},"product_cat":{"linked":["<a href=\"https:\/\/www.granlunds.com\/fi\/tuote-kategoria\/kivikorit-3mm\/\" class=\"advgb-post-tax-term\">Kivikorit 3mm<\/a>","<a href=\"https:\/\/www.granlunds.com\/fi\/tuote-kategoria\/kivikorit-5mm\/\" class=\"advgb-post-tax-term\">Kivikorit 5 mm<\/a>","<a href=\"https:\/\/www.granlunds.com\/fi\/tuote-kategoria\/kivimajakka\/\" class=\"advgb-post-tax-term\">Kivimajakka<\/a>"],"unlinked":["<span class=\"advgb-post-tax-term\">Kivikorit 3mm<\/span>","<span class=\"advgb-post-tax-term\">Kivikorit 5 mm<\/span>","<span class=\"advgb-post-tax-term\">Kivimajakka<\/span>"],"slug":"product_cat","name":"Osastot"},"product_tag":{"linked":[],"unlinked":[],"slug":"product_tag","name":"Avainsanat tuotteelle"},"product_shipping_class":{"linked":["<a href=\"https:\/\/www.granlunds.com\/fi\/?taxonomy=product_shipping_class&#038;term=isot-paketit\" class=\"advgb-post-tax-term\">Isot paketit<\/a>"],"unlinked":["<span class=\"advgb-post-tax-term\">Isot paketit<\/span>"],"slug":"product_shipping_class","name":"Tuotteen toimitusluokat"},"translation_priority":{"linked":["<a href=\"https:\/\/www.granlunds.com\/fi\/?taxonomy=translation_priority&#038;term=optional-fi\" class=\"advgb-post-tax-term\">Optional<\/a>"],"unlinked":["<span class=\"advgb-post-tax-term\">Optional<\/span>"],"slug":"translation_priority","name":"Translation Priorities"}},"series_order":"","_links":{"self":[{"href":"https:\/\/www.granlunds.com\/fi\/wp-json\/wp\/v2\/product\/3263"}],"collection":[{"href":"https:\/\/www.granlunds.com\/fi\/wp-json\/wp\/v2\/product"}],"about":[{"href":"https:\/\/www.granlunds.com\/fi\/wp-json\/wp\/v2\/types\/product"}],"wp:featuredmedia":[{"embeddable":true,"href":"https:\/\/www.granlunds.com\/fi\/wp-json\/wp\/v2\/media\/5085"}],"wp:attachment":[{"href":"https:\/\/www.granlunds.com\/fi\/wp-json\/wp\/v2\/media?parent=3263"}],"wp:term":[{"taxonomy":"product_cat","embeddable":true,"href":"https:\/\/www.granlunds.com\/fi\/wp-json\/wp\/v2\/product_cat?post=3263"},{"taxonomy":"product_tag","embeddable":true,"href":"https:\/\/www.granlunds.com\/fi\/wp-json\/wp\/v2\/product_tag?post=3263"}],"curies":[{"name":"wp","href":"https:\/\/api.w.org\/{rel}","templated":true}]}}