{"id":3260,"date":"2021-01-21T14:52:42","date_gmt":"2021-01-21T12:54:00","guid":{"rendered":"https:\/\/www.granlunds.com\/?post_type=product&#038;p=3260"},"modified":"2021-01-26T09:59:11","modified_gmt":"2021-01-26T07:59:11","slug":"jatkokori-5-mm-1-x-1-x-1m","status":"publish","type":"product","link":"https:\/\/www.granlunds.com\/fi\/tuote\/jatkokori-5-mm-1-x-1-x-1m\/","title":{"rendered":"Jatkokori 5mm 1x1x1m"},"content":{"rendered":"<p>Tuote toimitetaan osina kierrelangalla, ty\u00f6kaluja ei tarvita kokoamiseen. Kori on kasattava &#8221;sarjaan&#8221; tavallisen kivikorin kanssa. Silloin syntyy kustannustehokas rakenne sek\u00e4 siistimpi ulkon\u00e4k\u00f6 kun v\u00e4ltet\u00e4\u00e4n tupla kierrelankoja. Hitsattu 5,0mm:n Aluzink verkko, silm\u00e4koko 76 x 76mm. Sopiva t\u00e4ytt\u00f6materiaali on 100-200mm luonnonkivi tai murske, ei kuulu toimitukseen.<\/p>\n<p><strong>Tekniset tiedot:<\/strong><br \/>\nKorin pituus: 1m<br \/>\nKorin leveys: 1m<br \/>\nKorin korkeus: 1m<br \/>\nPaino: 23,5kg<br \/>\nSilm\u00e4koko: 76 x 76mm<\/p>\n<p><strong>Toimitussis\u00e4lt\u00f6:<\/strong><br \/>\nVerkko Aluzink 1 x 1m 5kpl<br \/>\nTukilanka 1m 4kpl<br \/>\nKierrelanka 1m 8kpl<\/p>\n","protected":false},"excerpt":{"rendered":"<p>Jatkokori osina kierrelangalla.<\/p>\n<p>Edellytt\u00e4\u00e4 ett\u00e4 sinulla on my\u00f6skin &#8221;tavallinen&#8221; kivikori, joka asennetaan sarjaan jatkokorin kanssa. Jatkokorista puuttuu toinen p\u00e4\u00e4ty!<\/p>\n","protected":false},"author":2,"featured_media":3329,"template":"","meta":{"advgb_blocks_editor_width":"","advgb_blocks_columns_visual_guide":""},"product_cat":[62],"product_tag":[],"featured_img":"https:\/\/www.granlunds.com\/wp-content\/uploads\/2021\/01\/Kivikori5.jpg","coauthors":[],"author_meta":{"author_link":"https:\/\/www.granlunds.com\/fi\/author\/jos\/","display_name":"jos"},"relative_dates":{"created":"Posted 5 vuotta ago","modified":"Updated 5 vuotta ago"},"absolute_dates":{"created":"Posted on 21.1.2021","modified":"Updated on 26.1.2021"},"absolute_dates_time":{"created":"Posted on 21.1.2021 14:52","modified":"Updated on 26.1.2021 9:59"},"featured_img_caption":"","tax_additional":{"product_type":{"linked":["<a href=\"https:\/\/www.granlunds.com\/fi\/?taxonomy=product_type&#038;term=simple\" class=\"advgb-post-tax-term\">simple<\/a>"],"unlinked":["<span class=\"advgb-post-tax-term\">simple<\/span>"],"slug":"product_type","name":"Tuotetyyppi"},"product_visibility":{"linked":[],"unlinked":[],"slug":"product_visibility","name":"Tuotteen n\u00e4kyvyys"},"product_cat":{"linked":["<a href=\"https:\/\/www.granlunds.com\/fi\/tuote-kategoria\/kivikorit-5mm\/\" class=\"advgb-post-tax-term\">Kivikorit 5 mm<\/a>"],"unlinked":["<span class=\"advgb-post-tax-term\">Kivikorit 5 mm<\/span>"],"slug":"product_cat","name":"Osastot"},"product_tag":{"linked":[],"unlinked":[],"slug":"product_tag","name":"Avainsanat tuotteelle"},"product_shipping_class":{"linked":["<a href=\"https:\/\/www.granlunds.com\/fi\/?taxonomy=product_shipping_class&#038;term=stenkorgar-fi\" class=\"advgb-post-tax-term\">Stenkorgar<\/a>"],"unlinked":["<span class=\"advgb-post-tax-term\">Stenkorgar<\/span>"],"slug":"product_shipping_class","name":"Tuotteen toimitusluokat"},"translation_priority":{"linked":["<a href=\"https:\/\/www.granlunds.com\/fi\/?taxonomy=translation_priority&#038;term=optional-fi\" class=\"advgb-post-tax-term\">Optional<\/a>"],"unlinked":["<span class=\"advgb-post-tax-term\">Optional<\/span>"],"slug":"translation_priority","name":"Translation Priorities"}},"series_order":"","_links":{"self":[{"href":"https:\/\/www.granlunds.com\/fi\/wp-json\/wp\/v2\/product\/3260"}],"collection":[{"href":"https:\/\/www.granlunds.com\/fi\/wp-json\/wp\/v2\/product"}],"about":[{"href":"https:\/\/www.granlunds.com\/fi\/wp-json\/wp\/v2\/types\/product"}],"wp:featuredmedia":[{"embeddable":true,"href":"https:\/\/www.granlunds.com\/fi\/wp-json\/wp\/v2\/media\/3329"}],"wp:attachment":[{"href":"https:\/\/www.granlunds.com\/fi\/wp-json\/wp\/v2\/media?parent=3260"}],"wp:term":[{"taxonomy":"product_cat","embeddable":true,"href":"https:\/\/www.granlunds.com\/fi\/wp-json\/wp\/v2\/product_cat?post=3260"},{"taxonomy":"product_tag","embeddable":true,"href":"https:\/\/www.granlunds.com\/fi\/wp-json\/wp\/v2\/product_tag?post=3260"}],"curies":[{"name":"wp","href":"https:\/\/api.w.org\/{rel}","templated":true}]}}