{"id":3237,"date":"2021-01-21T11:49:57","date_gmt":"2021-01-21T09:52:06","guid":{"rendered":"https:\/\/www.granlunds.com\/?post_type=product&#038;p=3237"},"modified":"2021-08-05T21:12:05","modified_gmt":"2021-08-05T18:12:05","slug":"kivikori-5-mm-1-x-05-x-05m","status":"publish","type":"product","link":"https:\/\/www.granlunds.com\/fi\/tuote\/kivikori-5-mm-1-x-05-x-05m\/","title":{"rendered":"Kivikori 5mm <br> 1&#215;0,5&#215;0,5m"},"content":{"rendered":"<p>Tuote toimitetaan osina kierrelangalla, ty\u00f6kaluja ei tarvita kokoamiseen.<\/p>\n<p>Kori voidaan kasata &#8221;sarjaan&#8221; jatkokorin kanssa. Silloin syntyy kustannustehokas rakenne sek\u00e4 siistimpi ulkon\u00e4k\u00f6 kun v\u00e4ltet\u00e4\u00e4n tupla kierrelankoja. Hitsattu 5,0mm:n Aluzink verkko, silm\u00e4koko 76 x 76mm. Sopiva t\u00e4ytt\u00f6materiaali on 100-200mm luonnonkivi tai murske, ei kuulu toimitukseen. Kori voidaan my\u00f6skin k\u00e4ytt\u00e4\u00e4 pystyasennossa.<\/p>\n<p><strong>Tekniset tiedot:<\/strong><br \/>\nKorin pituus: 1m<br \/>\nKorin leveys: 0,5m (n.48cm)<br \/>\nKorin korkeus: 0,5m (n. 48cm)<br \/>\nPaino: 12kg<br \/>\nSilm\u00e4koko: 76 x 76mm<\/p>\n<p><strong>Toimitussis\u00e4lt\u00f6:<\/strong><br \/>\nVerkko Aluzink 1 x 0,5m 4kpl<br \/>\nVerkko Aluzink 0,5 x 0,5m 2kpl<br \/>\nTukilanka 0,5m 2kpl<br \/>\nKierrelanka 1m 4kpl<br \/>\nKierrelanka 0,5m 8kpl<\/p>\n","protected":false},"excerpt":{"rendered":"<p>Aluzink kivikori osina kierrelangalla.<\/p>\n","protected":false},"author":2,"featured_media":3341,"template":"","meta":{"advgb_blocks_editor_width":"","advgb_blocks_columns_visual_guide":""},"product_cat":[62],"product_tag":[],"featured_img":"https:\/\/www.granlunds.com\/wp-content\/uploads\/2021\/01\/Kivikori1.jpg","coauthors":[],"author_meta":{"author_link":"https:\/\/www.granlunds.com\/fi\/author\/jos\/","display_name":"jos"},"relative_dates":{"created":"Posted 5 vuotta ago","modified":"Updated 5 vuotta ago"},"absolute_dates":{"created":"Posted on 21.1.2021","modified":"Updated on 5.8.2021"},"absolute_dates_time":{"created":"Posted on 21.1.2021 11:49","modified":"Updated on 5.8.2021 21:12"},"featured_img_caption":"","tax_additional":{"product_type":{"linked":["<a href=\"https:\/\/www.granlunds.com\/fi\/?taxonomy=product_type&#038;term=simple\" class=\"advgb-post-tax-term\">simple<\/a>"],"unlinked":["<span class=\"advgb-post-tax-term\">simple<\/span>"],"slug":"product_type","name":"Tuotetyyppi"},"product_visibility":{"linked":[],"unlinked":[],"slug":"product_visibility","name":"Tuotteen n\u00e4kyvyys"},"product_cat":{"linked":["<a href=\"https:\/\/www.granlunds.com\/fi\/tuote-kategoria\/kivikorit-5mm\/\" class=\"advgb-post-tax-term\">Kivikorit 5 mm<\/a>"],"unlinked":["<span class=\"advgb-post-tax-term\">Kivikorit 5 mm<\/span>"],"slug":"product_cat","name":"Osastot"},"product_tag":{"linked":[],"unlinked":[],"slug":"product_tag","name":"Avainsanat tuotteelle"},"product_shipping_class":{"linked":["<a href=\"https:\/\/www.granlunds.com\/fi\/?taxonomy=product_shipping_class&#038;term=stenkorgar-fi\" class=\"advgb-post-tax-term\">Stenkorgar<\/a>"],"unlinked":["<span class=\"advgb-post-tax-term\">Stenkorgar<\/span>"],"slug":"product_shipping_class","name":"Tuotteen toimitusluokat"},"translation_priority":{"linked":["<a href=\"https:\/\/www.granlunds.com\/fi\/?taxonomy=translation_priority&#038;term=optional-fi\" class=\"advgb-post-tax-term\">Optional<\/a>"],"unlinked":["<span class=\"advgb-post-tax-term\">Optional<\/span>"],"slug":"translation_priority","name":"Translation Priorities"}},"series_order":"","_links":{"self":[{"href":"https:\/\/www.granlunds.com\/fi\/wp-json\/wp\/v2\/product\/3237"}],"collection":[{"href":"https:\/\/www.granlunds.com\/fi\/wp-json\/wp\/v2\/product"}],"about":[{"href":"https:\/\/www.granlunds.com\/fi\/wp-json\/wp\/v2\/types\/product"}],"wp:featuredmedia":[{"embeddable":true,"href":"https:\/\/www.granlunds.com\/fi\/wp-json\/wp\/v2\/media\/3341"}],"wp:attachment":[{"href":"https:\/\/www.granlunds.com\/fi\/wp-json\/wp\/v2\/media?parent=3237"}],"wp:term":[{"taxonomy":"product_cat","embeddable":true,"href":"https:\/\/www.granlunds.com\/fi\/wp-json\/wp\/v2\/product_cat?post=3237"},{"taxonomy":"product_tag","embeddable":true,"href":"https:\/\/www.granlunds.com\/fi\/wp-json\/wp\/v2\/product_tag?post=3237"}],"curies":[{"name":"wp","href":"https:\/\/api.w.org\/{rel}","templated":true}]}}