{"id":3230,"date":"2021-01-21T11:31:42","date_gmt":"2021-01-21T09:32:37","guid":{"rendered":"https:\/\/www.granlunds.com\/?post_type=product&#038;p=3230"},"modified":"2023-04-03T17:43:23","modified_gmt":"2023-04-03T14:43:23","slug":"jatkokori-3-mm-1-x-05-x-1m","status":"publish","type":"product","link":"https:\/\/www.granlunds.com\/fi\/tuote\/jatkokori-3-mm-1-x-05-x-1m\/","title":{"rendered":"Jatkokori 3mm <br>1&#215;0,5x1m"},"content":{"rendered":"<p>Tuote toimitetaan osina kierrelangalla, ty\u00f6kaluja ei tarvita kokoamiseen. Kori on kasattava &#8221;sarjaan&#8221; tavallisen kivikorin kanssa. Silloin syntyy kustannustehokas rakenne sek\u00e4 siistimpi ulkon\u00e4k\u00f6 kun v\u00e4ltet\u00e4\u00e4n tupla kierrelankoja. Hitsattu 3,0mm:n Aluzink verkko, silm\u00e4koko 76 x 76mm. Sopiva t\u00e4ytt\u00f6materiaali on 100-200mm luonnonkivi tai murske, ei kuulu toimitukseen.<\/p>\n<p><strong>Tekniset tiedot:<\/strong><br \/>\nKorin pituus: 1m<br \/>\nKorin leveys: 0,5m (n.48cm)<br \/>\nKorin korkeus: 1m<br \/>\nPaino: 7kg<br \/>\nSilm\u00e4koko: 76 x 76mm<\/p>\n<p><strong>Toimitussis\u00e4lt\u00f6:<\/strong><br \/>\nVerkko Aluzink 1 x 0,5m 3kpl<br \/>\nVerkko Aluzink 1 x 1m 2kpl<br \/>\nTukilanka 0,5m 9kpl<br \/>\nKierrelanka 1m 6kpl<br \/>\nKierrelanka 0,5m 2kpl<\/p>\n","protected":false},"excerpt":{"rendered":"<p><strong>Jatkokori osina kierrelangalla.<\/strong><\/p>\n<p>Edellytt\u00e4\u00e4 ett\u00e4 sinulla on my\u00f6skin &#8221;tavallinen&#8221; kivikori, joka asennetaan sarjaan jatkokorin kanssa. Jatkokorista puuttuu toinen p\u00e4\u00e4ty!<\/p>\n","protected":false},"author":2,"featured_media":3335,"template":"","meta":{"advgb_blocks_editor_width":"","advgb_blocks_columns_visual_guide":""},"product_cat":[64],"product_tag":[],"featured_img":"https:\/\/www.granlunds.com\/wp-content\/uploads\/2021\/01\/Kivikori3.jpg","coauthors":[],"author_meta":{"author_link":"https:\/\/www.granlunds.com\/fi\/author\/jos\/","display_name":"jos"},"relative_dates":{"created":"Posted 5 vuotta ago","modified":"Updated 3 vuotta ago"},"absolute_dates":{"created":"Posted on 21.1.2021","modified":"Updated on 3.4.2023"},"absolute_dates_time":{"created":"Posted on 21.1.2021 11:31","modified":"Updated on 3.4.2023 17:43"},"featured_img_caption":"","tax_additional":{"product_type":{"linked":["<a href=\"https:\/\/www.granlunds.com\/fi\/?taxonomy=product_type&#038;term=simple\" class=\"advgb-post-tax-term\">simple<\/a>"],"unlinked":["<span class=\"advgb-post-tax-term\">simple<\/span>"],"slug":"product_type","name":"Tuotetyyppi"},"product_visibility":{"linked":[],"unlinked":[],"slug":"product_visibility","name":"Tuotteen n\u00e4kyvyys"},"product_cat":{"linked":["<a href=\"https:\/\/www.granlunds.com\/fi\/tuote-kategoria\/kivikorit-3mm\/\" class=\"advgb-post-tax-term\">Kivikorit 3mm<\/a>"],"unlinked":["<span class=\"advgb-post-tax-term\">Kivikorit 3mm<\/span>"],"slug":"product_cat","name":"Osastot"},"product_tag":{"linked":[],"unlinked":[],"slug":"product_tag","name":"Avainsanat tuotteelle"},"product_shipping_class":{"linked":["<a href=\"https:\/\/www.granlunds.com\/fi\/?taxonomy=product_shipping_class&#038;term=stenkorgar-fi\" class=\"advgb-post-tax-term\">Stenkorgar<\/a>"],"unlinked":["<span class=\"advgb-post-tax-term\">Stenkorgar<\/span>"],"slug":"product_shipping_class","name":"Tuotteen toimitusluokat"},"translation_priority":{"linked":["<a href=\"https:\/\/www.granlunds.com\/fi\/?taxonomy=translation_priority&#038;term=optional-fi\" class=\"advgb-post-tax-term\">Optional<\/a>"],"unlinked":["<span class=\"advgb-post-tax-term\">Optional<\/span>"],"slug":"translation_priority","name":"Translation Priorities"}},"series_order":"","_links":{"self":[{"href":"https:\/\/www.granlunds.com\/fi\/wp-json\/wp\/v2\/product\/3230"}],"collection":[{"href":"https:\/\/www.granlunds.com\/fi\/wp-json\/wp\/v2\/product"}],"about":[{"href":"https:\/\/www.granlunds.com\/fi\/wp-json\/wp\/v2\/types\/product"}],"wp:featuredmedia":[{"embeddable":true,"href":"https:\/\/www.granlunds.com\/fi\/wp-json\/wp\/v2\/media\/3335"}],"wp:attachment":[{"href":"https:\/\/www.granlunds.com\/fi\/wp-json\/wp\/v2\/media?parent=3230"}],"wp:term":[{"taxonomy":"product_cat","embeddable":true,"href":"https:\/\/www.granlunds.com\/fi\/wp-json\/wp\/v2\/product_cat?post=3230"},{"taxonomy":"product_tag","embeddable":true,"href":"https:\/\/www.granlunds.com\/fi\/wp-json\/wp\/v2\/product_tag?post=3230"}],"curies":[{"name":"wp","href":"https:\/\/api.w.org\/{rel}","templated":true}]}}