{"id":3224,"date":"2021-01-21T10:43:43","date_gmt":"2021-01-21T09:00:16","guid":{"rendered":"https:\/\/www.granlunds.com\/?post_type=product&#038;p=3224"},"modified":"2022-09-14T08:44:29","modified_gmt":"2022-09-14T05:44:29","slug":"kivikori-3-mm-1-x-03-x-06m","status":"publish","type":"product","link":"https:\/\/www.granlunds.com\/fi\/tuote\/kivikori-3-mm-1-x-03-x-06m\/","title":{"rendered":"Kivikori 3mm <br> 1&#215;0,3&#215;0,6m"},"content":{"rendered":"<p>Tuote toimitetaan osina kierrelangalla, ty\u00f6kaluja ei tarvita kokoamiseen.<\/p>\n<p>Kori voidaan kasata &#8221;sarjaan&#8221; jatkokorin kanssa. Silloin syntyy kustannustehokas rakenne sek\u00e4 siistimpi ulkon\u00e4k\u00f6 kun v\u00e4ltet\u00e4\u00e4n tupla kierrelankoja. Hitsattu 3,0mm:n Aluzink verkko, silm\u00e4koko 76 x 76mm. Sopiva t\u00e4ytt\u00f6materiaali on 100-200mm luonnonkivi tai murske, ei kuulu toimitukseen.<\/p>\n<p><strong>Tekniset tiedot:<\/strong><br \/>\nKorin pituus: 1m<br \/>\nKorin leveys: 0,3m<br \/>\nKorin korkeus: 0,6m<br \/>\nPaino: 5,5kg<br \/>\nSilm\u00e4koko: 76 x 76mm<\/p>\n<p><strong>Toimitussis\u00e4lt\u00f6:<\/strong><br \/>\nVerkko Aluzink 1 x 0,6m 2kpl<br \/>\nVerkko Aluzink 1 x 0,3m 2kpl<br \/>\nVerkko Aluzink 0,3 x 0,6m 2kpl<br \/>\nTukilanka 0,3m 6kpl<br \/>\nKierrelanka 1m 8kpl (4kpl. katkottava p\u00e4\u00e4tyihin, 0,3m + 0,6m)<\/p>\n","protected":false},"excerpt":{"rendered":"<p><strong>Aluzink kivikori osina kierrelangalla.<\/strong><\/p>\n","protected":false},"author":2,"featured_media":3388,"template":"","meta":{"advgb_blocks_editor_width":"","advgb_blocks_columns_visual_guide":""},"product_cat":[64],"product_tag":[],"featured_img":"https:\/\/www.granlunds.com\/wp-content\/uploads\/2021\/01\/Kivikori7.jpg","coauthors":[],"author_meta":{"author_link":"https:\/\/www.granlunds.com\/fi\/author\/jos\/","display_name":"jos"},"relative_dates":{"created":"Posted 5 vuotta ago","modified":"Updated 4 vuotta ago"},"absolute_dates":{"created":"Posted on 21.1.2021","modified":"Updated on 14.9.2022"},"absolute_dates_time":{"created":"Posted on 21.1.2021 10:43","modified":"Updated on 14.9.2022 8:44"},"featured_img_caption":"","tax_additional":{"product_type":{"linked":["<a href=\"https:\/\/www.granlunds.com\/fi\/?taxonomy=product_type&#038;term=simple\" class=\"advgb-post-tax-term\">simple<\/a>"],"unlinked":["<span class=\"advgb-post-tax-term\">simple<\/span>"],"slug":"product_type","name":"Tuotetyyppi"},"product_visibility":{"linked":[],"unlinked":[],"slug":"product_visibility","name":"Tuotteen n\u00e4kyvyys"},"product_cat":{"linked":["<a href=\"https:\/\/www.granlunds.com\/fi\/tuote-kategoria\/kivikorit-3mm\/\" class=\"advgb-post-tax-term\">Kivikorit 3mm<\/a>"],"unlinked":["<span class=\"advgb-post-tax-term\">Kivikorit 3mm<\/span>"],"slug":"product_cat","name":"Osastot"},"product_tag":{"linked":[],"unlinked":[],"slug":"product_tag","name":"Avainsanat tuotteelle"},"product_shipping_class":{"linked":["<a href=\"https:\/\/www.granlunds.com\/fi\/?taxonomy=product_shipping_class&#038;term=stenkorgar-fi\" class=\"advgb-post-tax-term\">Stenkorgar<\/a>"],"unlinked":["<span class=\"advgb-post-tax-term\">Stenkorgar<\/span>"],"slug":"product_shipping_class","name":"Tuotteen toimitusluokat"},"translation_priority":{"linked":["<a href=\"https:\/\/www.granlunds.com\/fi\/?taxonomy=translation_priority&#038;term=optional-fi\" class=\"advgb-post-tax-term\">Optional<\/a>"],"unlinked":["<span class=\"advgb-post-tax-term\">Optional<\/span>"],"slug":"translation_priority","name":"Translation Priorities"}},"series_order":"","_links":{"self":[{"href":"https:\/\/www.granlunds.com\/fi\/wp-json\/wp\/v2\/product\/3224"}],"collection":[{"href":"https:\/\/www.granlunds.com\/fi\/wp-json\/wp\/v2\/product"}],"about":[{"href":"https:\/\/www.granlunds.com\/fi\/wp-json\/wp\/v2\/types\/product"}],"wp:featuredmedia":[{"embeddable":true,"href":"https:\/\/www.granlunds.com\/fi\/wp-json\/wp\/v2\/media\/3388"}],"wp:attachment":[{"href":"https:\/\/www.granlunds.com\/fi\/wp-json\/wp\/v2\/media?parent=3224"}],"wp:term":[{"taxonomy":"product_cat","embeddable":true,"href":"https:\/\/www.granlunds.com\/fi\/wp-json\/wp\/v2\/product_cat?post=3224"},{"taxonomy":"product_tag","embeddable":true,"href":"https:\/\/www.granlunds.com\/fi\/wp-json\/wp\/v2\/product_tag?post=3224"}],"curies":[{"name":"wp","href":"https:\/\/api.w.org\/{rel}","templated":true}]}}