{"id":2934,"date":"2020-11-02T15:05:07","date_gmt":"2020-11-02T13:05:07","guid":{"rendered":"https:\/\/www.granlunds.com\/?post_type=product&#038;p=2934"},"modified":"2020-11-02T15:22:14","modified_gmt":"2020-11-02T13:22:14","slug":"muuntajan-pistoke-24v-300w","status":"publish","type":"product","link":"https:\/\/www.granlunds.com\/fi\/tuote\/muuntajan-pistoke-24v-300w\/","title":{"rendered":"Muuntajan pistoke 24V\/300W"},"content":{"rendered":"<p>Sopii 150W:n muuntajaan, johto liitett\u00e4v\u00e4 pistokkeeseen.<\/p>\n","protected":false},"excerpt":{"rendered":"<p>Varaosa<\/p>\n","protected":false},"author":3,"featured_media":2915,"template":"","meta":{"advgb_blocks_editor_width":"","advgb_blocks_columns_visual_guide":""},"product_cat":[31,32],"product_tag":[],"featured_img":"https:\/\/www.granlunds.com\/wp-content\/uploads\/2020\/02\/Muuntajan-pistoke-300W-1536x1536-1.jpg","coauthors":[],"author_meta":{"author_link":"https:\/\/www.granlunds.com\/fi\/author\/kaj\/","display_name":"Kaj"},"relative_dates":{"created":"Julkaistu 5 vuotta sitten","modified":"P\u00e4ivitetty 5 vuotta sitten"},"absolute_dates":{"created":"Julkaistu 2.11.2020","modified":"P\u00e4ivitetty 2.11.2020"},"absolute_dates_time":{"created":"Julkaistu 2.11.2020 15:05","modified":"P\u00e4ivitetty 2.11.2020 15:22"},"featured_img_caption":"","tax_additional":{"product_type":{"linked":["<a href=\"https:\/\/www.granlunds.com\/fi\/?taxonomy=product_type&#038;term=simple\" class=\"advgb-post-tax-term\">simple<\/a>"],"unlinked":["<span class=\"advgb-post-tax-term\">simple<\/span>"],"slug":"product_type","name":"Tuotetyyppi"},"product_visibility":{"linked":[],"unlinked":[],"slug":"product_visibility","name":"Tuotteen n\u00e4kyvyys"},"product_cat":{"linked":["<a href=\"https:\/\/www.granlunds.com\/fi\/tuote-kategoria\/lammittimet\/\" class=\"advgb-post-tax-term\">L\u00e4mmittimet<\/a>","<a href=\"https:\/\/www.granlunds.com\/fi\/tuote-kategoria\/vesiastiat\/\" class=\"advgb-post-tax-term\">Vesiastiat<\/a>"],"unlinked":["<span class=\"advgb-post-tax-term\">L\u00e4mmittimet<\/span>","<span class=\"advgb-post-tax-term\">Vesiastiat<\/span>"],"slug":"product_cat","name":"Osastot"},"product_tag":{"linked":[],"unlinked":[],"slug":"product_tag","name":"Avainsanat tuotteelle"},"product_shipping_class":{"linked":["<a href=\"https:\/\/www.granlunds.com\/fi\/?taxonomy=product_shipping_class&#038;term=pieni-paketti\" class=\"advgb-post-tax-term\">Pieni paketti<\/a>"],"unlinked":["<span class=\"advgb-post-tax-term\">Pieni paketti<\/span>"],"slug":"product_shipping_class","name":"Tuotteen toimitusluokat"},"translation_priority":{"linked":["<a href=\"https:\/\/www.granlunds.com\/fi\/?taxonomy=translation_priority&#038;term=optional-fi\" class=\"advgb-post-tax-term\">Optional<\/a>"],"unlinked":["<span class=\"advgb-post-tax-term\">Optional<\/span>"],"slug":"translation_priority","name":"Translation Priorities"}},"series_order":"","_links":{"self":[{"href":"https:\/\/www.granlunds.com\/fi\/wp-json\/wp\/v2\/product\/2934"}],"collection":[{"href":"https:\/\/www.granlunds.com\/fi\/wp-json\/wp\/v2\/product"}],"about":[{"href":"https:\/\/www.granlunds.com\/fi\/wp-json\/wp\/v2\/types\/product"}],"wp:featuredmedia":[{"embeddable":true,"href":"https:\/\/www.granlunds.com\/fi\/wp-json\/wp\/v2\/media\/2915"}],"wp:attachment":[{"href":"https:\/\/www.granlunds.com\/fi\/wp-json\/wp\/v2\/media?parent=2934"}],"wp:term":[{"taxonomy":"product_cat","embeddable":true,"href":"https:\/\/www.granlunds.com\/fi\/wp-json\/wp\/v2\/product_cat?post=2934"},{"taxonomy":"product_tag","embeddable":true,"href":"https:\/\/www.granlunds.com\/fi\/wp-json\/wp\/v2\/product_tag?post=2934"}],"curies":[{"name":"wp","href":"https:\/\/api.w.org\/{rel}","templated":true}]}}