{"id":2563,"date":"2020-05-12T15:31:42","date_gmt":"2020-05-12T12:31:42","guid":{"rendered":"https:\/\/www.granlunds.com\/?post_type=product&#038;p=2563"},"modified":"2020-05-12T15:44:28","modified_gmt":"2020-05-12T12:44:28","slug":"kuppiteline-ulosvedettava-2-x-3l","status":"publish","type":"product","link":"https:\/\/www.granlunds.com\/fi\/tuote\/kuppiteline-ulosvedettava-2-x-3l\/","title":{"rendered":"Kuppiteline ulosvedett\u00e4v\u00e4 2 x 3L"},"content":{"rendered":"<p>K\u00e4tev\u00e4 ulosvedett\u00e4v\u00e4 kuppiteline joka antaa mahdollisuuden t\u00e4ytt\u00e4\u00e4 vesi- ja ruokakupit tarhan ulkopuolelta.<\/p>\n<p>Ruostumattomat kupit 2 x 3litraa tulee mukaan.<\/p>\n<p>Verkkoon leikataan aukko jonka mitat on oltava 50 x 25cm (20 x 10&#8243;).<\/p>\n<p>Valmistettu Ruotsissa.<\/p>\n","protected":false},"excerpt":{"rendered":"<p>Ulosvedett\u00e4v\u00e4 kuppiteline joka asennetaan tarhaelementin verkkoon.<\/p>\n<p>Ruostumattomat kupit 2 x 3litraa sis\u00e4ltyy.<\/p>\n","protected":false},"author":3,"featured_media":2561,"template":"","meta":{"advgb_blocks_editor_width":"","advgb_blocks_columns_visual_guide":""},"product_cat":[32],"product_tag":[],"featured_img":"https:\/\/www.granlunds.com\/wp-content\/uploads\/2020\/05\/Kuppiteline-ulosvedett\u00e4v\u00e4.jpg","coauthors":[],"author_meta":{"author_link":"https:\/\/www.granlunds.com\/fi\/author\/kaj\/","display_name":"Kaj"},"relative_dates":{"created":"Julkaistu 6 vuotta sitten","modified":"P\u00e4ivitetty 6 vuotta sitten"},"absolute_dates":{"created":"Julkaistu 12.5.2020","modified":"P\u00e4ivitetty 12.5.2020"},"absolute_dates_time":{"created":"Julkaistu 12.5.2020 15:31","modified":"P\u00e4ivitetty 12.5.2020 15:44"},"featured_img_caption":"","tax_additional":{"product_type":{"linked":["<a href=\"https:\/\/www.granlunds.com\/fi\/?taxonomy=product_type&#038;term=simple\" class=\"advgb-post-tax-term\">simple<\/a>"],"unlinked":["<span class=\"advgb-post-tax-term\">simple<\/span>"],"slug":"product_type","name":"Tuotetyyppi"},"product_visibility":{"linked":[],"unlinked":[],"slug":"product_visibility","name":"Tuotteen n\u00e4kyvyys"},"product_cat":{"linked":["<a href=\"https:\/\/www.granlunds.com\/fi\/tuote-kategoria\/vesiastiat\/\" class=\"advgb-post-tax-term\">Vesiastiat<\/a>"],"unlinked":["<span class=\"advgb-post-tax-term\">Vesiastiat<\/span>"],"slug":"product_cat","name":"Osastot"},"product_tag":{"linked":[],"unlinked":[],"slug":"product_tag","name":"Avainsanat tuotteelle"},"product_shipping_class":{"linked":["<a href=\"https:\/\/www.granlunds.com\/fi\/?taxonomy=product_shipping_class&#038;term=pieni-paketti\" class=\"advgb-post-tax-term\">Pieni paketti<\/a>"],"unlinked":["<span class=\"advgb-post-tax-term\">Pieni paketti<\/span>"],"slug":"product_shipping_class","name":"Tuotteen toimitusluokat"},"translation_priority":{"linked":["<a href=\"https:\/\/www.granlunds.com\/fi\/?taxonomy=translation_priority&#038;term=optional-fi\" class=\"advgb-post-tax-term\">Optional<\/a>"],"unlinked":["<span class=\"advgb-post-tax-term\">Optional<\/span>"],"slug":"translation_priority","name":"Translation Priorities"}},"series_order":"","_links":{"self":[{"href":"https:\/\/www.granlunds.com\/fi\/wp-json\/wp\/v2\/product\/2563"}],"collection":[{"href":"https:\/\/www.granlunds.com\/fi\/wp-json\/wp\/v2\/product"}],"about":[{"href":"https:\/\/www.granlunds.com\/fi\/wp-json\/wp\/v2\/types\/product"}],"wp:featuredmedia":[{"embeddable":true,"href":"https:\/\/www.granlunds.com\/fi\/wp-json\/wp\/v2\/media\/2561"}],"wp:attachment":[{"href":"https:\/\/www.granlunds.com\/fi\/wp-json\/wp\/v2\/media?parent=2563"}],"wp:term":[{"taxonomy":"product_cat","embeddable":true,"href":"https:\/\/www.granlunds.com\/fi\/wp-json\/wp\/v2\/product_cat?post=2563"},{"taxonomy":"product_tag","embeddable":true,"href":"https:\/\/www.granlunds.com\/fi\/wp-json\/wp\/v2\/product_tag?post=2563"}],"curies":[{"name":"wp","href":"https:\/\/api.w.org\/{rel}","templated":true}]}}