{"id":1931,"date":"2020-02-12T12:27:45","date_gmt":"2020-02-12T10:27:45","guid":{"rendered":"https:\/\/www.granlunds.com\/produkt\/muuntaja-300w\/"},"modified":"2022-11-22T21:01:02","modified_gmt":"2022-11-22T19:01:02","slug":"muuntaja-300w","status":"publish","type":"product","link":"https:\/\/www.granlunds.com\/fi\/tuote\/muuntaja-300w\/","title":{"rendered":"Muuntaja <br\/>24V\/300W"},"content":{"rendered":"<p>300w muuntajaan voidaan my\u00f6s kytke\u00e4 eri s\u00e4hk\u00f6laitteita. Esimerkkej\u00e4 yhdistelmist\u00e4:<\/p>\n<ul>\n<li>1-2kpl S\u00e4hk\u00f6l\u00e4mmitteinen vesiastia +1kpl 140w l\u00e4mmitin<\/li>\n<li>2kpl 140w s\u00e4hk\u00f6l\u00e4mmitin<\/li>\n<li>3kpl s\u00e4hk\u00f6l\u00e4mmitteinen vesiastia<\/li>\n<\/ul>\n<p>Laitteiden yhteinen tehom\u00e4\u00e4r\u00e4 ei saa ylitt\u00e4\u00e4 muuntajan tehoa! Johto muuntajasta laitteille, ei saa ylitt\u00e4\u00e4 20m!<\/p>\n<p>Paino 3,8kg.<\/p>\n<p>Vuoden takuu!<\/p>\n","protected":false},"excerpt":{"rendered":"<p>300w muuntajaa k\u00e4ytet\u00e4\u00e4n 140w l\u00e4mmittimeen ja eri laiteyhdistelmille.<\/p>\n<p>&nbsp;<\/p>\n","protected":false},"author":1,"featured_media":2909,"template":"","meta":{"advgb_blocks_editor_width":"","advgb_blocks_columns_visual_guide":""},"product_cat":[31,32],"product_tag":[],"featured_img":"https:\/\/www.granlunds.com\/wp-content\/uploads\/2020\/02\/Muuntaja-300W-1536x1536-1.jpg","coauthors":[],"author_meta":{"author_link":"https:\/\/www.granlunds.com\/fi\/author\/tommy\/","display_name":"tommy"},"relative_dates":{"created":"Julkaistu 6 vuotta sitten","modified":"P\u00e4ivitetty 3 vuotta sitten"},"absolute_dates":{"created":"Julkaistu 12.2.2020","modified":"P\u00e4ivitetty 22.11.2022"},"absolute_dates_time":{"created":"Julkaistu 12.2.2020 12:27","modified":"P\u00e4ivitetty 22.11.2022 21:01"},"featured_img_caption":"","tax_additional":{"product_type":{"linked":["<a href=\"https:\/\/www.granlunds.com\/fi\/?taxonomy=product_type&#038;term=simple\" class=\"advgb-post-tax-term\">simple<\/a>"],"unlinked":["<span class=\"advgb-post-tax-term\">simple<\/span>"],"slug":"product_type","name":"Tuotetyyppi"},"product_visibility":{"linked":[],"unlinked":[],"slug":"product_visibility","name":"Tuotteen n\u00e4kyvyys"},"product_cat":{"linked":["<a href=\"https:\/\/www.granlunds.com\/fi\/tuote-kategoria\/lammittimet\/\" class=\"advgb-post-tax-term\">L\u00e4mmittimet<\/a>","<a href=\"https:\/\/www.granlunds.com\/fi\/tuote-kategoria\/vesiastiat\/\" class=\"advgb-post-tax-term\">Vesiastiat<\/a>"],"unlinked":["<span class=\"advgb-post-tax-term\">L\u00e4mmittimet<\/span>","<span class=\"advgb-post-tax-term\">Vesiastiat<\/span>"],"slug":"product_cat","name":"Osastot"},"product_tag":{"linked":[],"unlinked":[],"slug":"product_tag","name":"Avainsanat tuotteelle"},"product_shipping_class":{"linked":["<a href=\"https:\/\/www.granlunds.com\/fi\/?taxonomy=product_shipping_class&#038;term=pieni-paketti\" class=\"advgb-post-tax-term\">Pieni paketti<\/a>"],"unlinked":["<span class=\"advgb-post-tax-term\">Pieni paketti<\/span>"],"slug":"product_shipping_class","name":"Tuotteen toimitusluokat"},"translation_priority":{"linked":["<a href=\"https:\/\/www.granlunds.com\/fi\/?taxonomy=translation_priority&#038;term=optional-fi\" class=\"advgb-post-tax-term\">Optional<\/a>"],"unlinked":["<span class=\"advgb-post-tax-term\">Optional<\/span>"],"slug":"translation_priority","name":"Translation Priorities"}},"series_order":"","_links":{"self":[{"href":"https:\/\/www.granlunds.com\/fi\/wp-json\/wp\/v2\/product\/1931"}],"collection":[{"href":"https:\/\/www.granlunds.com\/fi\/wp-json\/wp\/v2\/product"}],"about":[{"href":"https:\/\/www.granlunds.com\/fi\/wp-json\/wp\/v2\/types\/product"}],"wp:featuredmedia":[{"embeddable":true,"href":"https:\/\/www.granlunds.com\/fi\/wp-json\/wp\/v2\/media\/2909"}],"wp:attachment":[{"href":"https:\/\/www.granlunds.com\/fi\/wp-json\/wp\/v2\/media?parent=1931"}],"wp:term":[{"taxonomy":"product_cat","embeddable":true,"href":"https:\/\/www.granlunds.com\/fi\/wp-json\/wp\/v2\/product_cat?post=1931"},{"taxonomy":"product_tag","embeddable":true,"href":"https:\/\/www.granlunds.com\/fi\/wp-json\/wp\/v2\/product_tag?post=1931"}],"curies":[{"name":"wp","href":"https:\/\/api.w.org\/{rel}","templated":true}]}}