{"id":1814,"date":"2020-02-12T12:25:19","date_gmt":"2020-02-12T10:25:19","guid":{"rendered":"https:\/\/www.granlunds.com\/?post_type=product&#038;p=1814"},"modified":"2020-02-28T18:39:42","modified_gmt":"2020-02-28T16:39:42","slug":"sahkolammitin-24v-140w","status":"publish","type":"product","link":"https:\/\/www.granlunds.com\/fi\/tuote\/sahkolammitin-24v-140w\/","title":{"rendered":"S\u00e4hk\u00f6l\u00e4mmitin 24V\/140W"},"content":{"rendered":"<p>24V\/140W l\u00e4mmitint\u00e4 suositellaan yli 1m\u00b3 koirankopille.<\/p>\n<p>CE-merkitty ja vuoden takuulla. L\u00e4mmitin on valmistettu rei&#8217;itetyst\u00e4 ja galvanoidusta pellist\u00e4. Mitat 630x300x20 mm. Sis\u00e4\u00e4nrakennettu 24V l\u00e4mp\u00f6kalvo. Asennukseen ei tarvita s\u00e4hk\u00f6asentajaa. L\u00e4mmittimen sis\u00e4\u00e4nrakennettu termostaatti kytkeytyy n. 10 asteessa ja katkaisee virran n. 15 asteessa. Elementin asentaminen on helppoa, elementti kiinnitet\u00e4\u00e4n ruuveilla\u00a0 suoraan koirankoppiin. Pinnan l\u00e4mp\u00f6tila ei koskaan ylit\u00e4 50+ astetta ja koira voi turvallisesti maata l\u00e4mp\u00f6elementti\u00e4 vasten.<\/p>\n","protected":false},"excerpt":{"rendered":"<p>140W l\u00e4mmitin ilman muuntajaa.<\/p>\n","protected":false},"author":1,"featured_media":2903,"template":"","meta":{"advgb_blocks_editor_width":"","advgb_blocks_columns_visual_guide":""},"product_cat":[31],"product_tag":[],"featured_img":"https:\/\/www.granlunds.com\/wp-content\/uploads\/2020\/02\/Lammitin-1536x1536-1.jpg","coauthors":[],"author_meta":{"author_link":"https:\/\/www.granlunds.com\/fi\/author\/tommy\/","display_name":"tommy"},"relative_dates":{"created":"Julkaistu 6 vuotta sitten","modified":"P\u00e4ivitetty 6 vuotta sitten"},"absolute_dates":{"created":"Julkaistu 12.2.2020","modified":"P\u00e4ivitetty 28.2.2020"},"absolute_dates_time":{"created":"Julkaistu 12.2.2020 12:25","modified":"P\u00e4ivitetty 28.2.2020 18:39"},"featured_img_caption":"","tax_additional":{"product_type":{"linked":["<a href=\"https:\/\/www.granlunds.com\/fi\/?taxonomy=product_type&#038;term=simple\" class=\"advgb-post-tax-term\">simple<\/a>"],"unlinked":["<span class=\"advgb-post-tax-term\">simple<\/span>"],"slug":"product_type","name":"Tuotetyyppi"},"product_visibility":{"linked":[],"unlinked":[],"slug":"product_visibility","name":"Tuotteen n\u00e4kyvyys"},"product_cat":{"linked":["<a href=\"https:\/\/www.granlunds.com\/fi\/tuote-kategoria\/lammittimet\/\" class=\"advgb-post-tax-term\">L\u00e4mmittimet<\/a>"],"unlinked":["<span class=\"advgb-post-tax-term\">L\u00e4mmittimet<\/span>"],"slug":"product_cat","name":"Osastot"},"product_tag":{"linked":[],"unlinked":[],"slug":"product_tag","name":"Avainsanat tuotteelle"},"product_shipping_class":{"linked":["<a href=\"https:\/\/www.granlunds.com\/fi\/?taxonomy=product_shipping_class&#038;term=pieni-paketti\" class=\"advgb-post-tax-term\">Pieni paketti<\/a>"],"unlinked":["<span class=\"advgb-post-tax-term\">Pieni paketti<\/span>"],"slug":"product_shipping_class","name":"Tuotteen toimitusluokat"},"translation_priority":{"linked":["<a href=\"https:\/\/www.granlunds.com\/fi\/?taxonomy=translation_priority&#038;term=optional-fi\" class=\"advgb-post-tax-term\">Optional<\/a>"],"unlinked":["<span class=\"advgb-post-tax-term\">Optional<\/span>"],"slug":"translation_priority","name":"Translation Priorities"}},"series_order":"","_links":{"self":[{"href":"https:\/\/www.granlunds.com\/fi\/wp-json\/wp\/v2\/product\/1814"}],"collection":[{"href":"https:\/\/www.granlunds.com\/fi\/wp-json\/wp\/v2\/product"}],"about":[{"href":"https:\/\/www.granlunds.com\/fi\/wp-json\/wp\/v2\/types\/product"}],"wp:featuredmedia":[{"embeddable":true,"href":"https:\/\/www.granlunds.com\/fi\/wp-json\/wp\/v2\/media\/2903"}],"wp:attachment":[{"href":"https:\/\/www.granlunds.com\/fi\/wp-json\/wp\/v2\/media?parent=1814"}],"wp:term":[{"taxonomy":"product_cat","embeddable":true,"href":"https:\/\/www.granlunds.com\/fi\/wp-json\/wp\/v2\/product_cat?post=1814"},{"taxonomy":"product_tag","embeddable":true,"href":"https:\/\/www.granlunds.com\/fi\/wp-json\/wp\/v2\/product_tag?post=1814"}],"curies":[{"name":"wp","href":"https:\/\/api.w.org\/{rel}","templated":true}]}}