{"id":1808,"date":"2020-02-12T12:05:07","date_gmt":"2020-02-14T13:40:52","guid":{"rendered":"https:\/\/www.granlunds.com\/?post_type=product&#038;p=1808"},"modified":"2023-01-02T10:42:45","modified_gmt":"2023-01-02T08:42:45","slug":"vesiastia-24v-40w","status":"publish","type":"product","link":"https:\/\/www.granlunds.com\/fi\/tuote\/vesiastia-24v-40w\/","title":{"rendered":"L\u00e4mmitett\u00e4v\u00e4 vesiastia 24V\/40W    ilman muuntajaa"},"content":{"rendered":"<p>L\u00e4mmitetty vesiastia, ilman muuntajaa.<\/p>\n<p>Sis\u00e4lt\u00e4\u00e4 astian jossa 24V\/40w l\u00e4mmitt\u00e4v\u00e4 vastus johdolla, vesikulhon ja astian kiinnytysraudan. Vastus est\u00e4\u00e4 vesiastian j\u00e4\u00e4tymist\u00e4. Testeiss\u00e4 -25 asteen pakkasessa veden l\u00e4mp\u00f6tila pysyi 5-10 plusasteessa.<\/p>\n<p>T\u00e4ysin vaaraton koiralle!<\/p>\n<p>Halkaisija 220 mm, korkeus 125 mm. Vesiastian kiinnitysrengas ruuvataan esim. koirankopin sein\u00e4\u00e4n kopin ulkopuolelle.<\/p>\n<p>Koirankopin l\u00e4mmitin ja vesiastia voidaan kytke\u00e4 samaan 150w tai 300w muuntajaan. Samaan muuntajaan voidaan liitt\u00e4\u00e4 useita vesiastioita, muuntajan tehom\u00e4r\u00e4\u00e4 ei saa ylitt\u00e4\u00e4.<\/p>\n<p>&nbsp;<\/p>\n","protected":false},"excerpt":{"rendered":"<p>Vesiastian jossa 40w l\u00e4mmitt\u00e4v\u00e4 vastus johdolla, ei sis\u00e4ll\u00e4 muuntajaa.<\/p>\n","protected":false},"author":1,"featured_media":2931,"template":"","meta":{"advgb_blocks_editor_width":"","advgb_blocks_columns_visual_guide":""},"product_cat":[32],"product_tag":[],"featured_img":"https:\/\/www.granlunds.com\/wp-content\/uploads\/2020\/02\/Vesiastia-ilman-muuntaja.jpg","coauthors":[],"author_meta":{"author_link":"https:\/\/www.granlunds.com\/fi\/author\/tommy\/","display_name":"tommy"},"relative_dates":{"created":"Julkaistu 6 vuotta sitten","modified":"P\u00e4ivitetty 3 vuotta sitten"},"absolute_dates":{"created":"Julkaistu 12.2.2020","modified":"P\u00e4ivitetty 2.1.2023"},"absolute_dates_time":{"created":"Julkaistu 12.2.2020 12:05","modified":"P\u00e4ivitetty 2.1.2023 10:42"},"featured_img_caption":"","tax_additional":{"product_type":{"linked":["<a href=\"https:\/\/www.granlunds.com\/fi\/?taxonomy=product_type&#038;term=simple\" class=\"advgb-post-tax-term\">simple<\/a>"],"unlinked":["<span class=\"advgb-post-tax-term\">simple<\/span>"],"slug":"product_type","name":"Tuotetyyppi"},"product_visibility":{"linked":[],"unlinked":[],"slug":"product_visibility","name":"Tuotteen n\u00e4kyvyys"},"product_cat":{"linked":["<a href=\"https:\/\/www.granlunds.com\/fi\/tuote-kategoria\/vesiastiat\/\" class=\"advgb-post-tax-term\">Vesiastiat<\/a>"],"unlinked":["<span class=\"advgb-post-tax-term\">Vesiastiat<\/span>"],"slug":"product_cat","name":"Osastot"},"product_tag":{"linked":[],"unlinked":[],"slug":"product_tag","name":"Avainsanat tuotteelle"},"product_shipping_class":{"linked":["<a href=\"https:\/\/www.granlunds.com\/fi\/?taxonomy=product_shipping_class&#038;term=pieni-paketti\" class=\"advgb-post-tax-term\">Pieni paketti<\/a>"],"unlinked":["<span class=\"advgb-post-tax-term\">Pieni paketti<\/span>"],"slug":"product_shipping_class","name":"Tuotteen toimitusluokat"},"translation_priority":{"linked":["<a href=\"https:\/\/www.granlunds.com\/fi\/?taxonomy=translation_priority&#038;term=optional-fi\" class=\"advgb-post-tax-term\">Optional<\/a>"],"unlinked":["<span class=\"advgb-post-tax-term\">Optional<\/span>"],"slug":"translation_priority","name":"Translation Priorities"}},"series_order":"","_links":{"self":[{"href":"https:\/\/www.granlunds.com\/fi\/wp-json\/wp\/v2\/product\/1808"}],"collection":[{"href":"https:\/\/www.granlunds.com\/fi\/wp-json\/wp\/v2\/product"}],"about":[{"href":"https:\/\/www.granlunds.com\/fi\/wp-json\/wp\/v2\/types\/product"}],"wp:featuredmedia":[{"embeddable":true,"href":"https:\/\/www.granlunds.com\/fi\/wp-json\/wp\/v2\/media\/2931"}],"wp:attachment":[{"href":"https:\/\/www.granlunds.com\/fi\/wp-json\/wp\/v2\/media?parent=1808"}],"wp:term":[{"taxonomy":"product_cat","embeddable":true,"href":"https:\/\/www.granlunds.com\/fi\/wp-json\/wp\/v2\/product_cat?post=1808"},{"taxonomy":"product_tag","embeddable":true,"href":"https:\/\/www.granlunds.com\/fi\/wp-json\/wp\/v2\/product_tag?post=1808"}],"curies":[{"name":"wp","href":"https:\/\/api.w.org\/{rel}","templated":true}]}}