{"id":1799,"date":"2020-02-12T11:50:34","date_gmt":"2020-02-14T13:38:49","guid":{"rendered":"https:\/\/www.granlunds.com\/?post_type=product&#038;p=1799"},"modified":"2021-12-03T10:49:43","modified_gmt":"2021-12-03T08:49:43","slug":"koiranluukku-300-x-250mm","status":"publish","type":"product","link":"https:\/\/www.granlunds.com\/fi\/tuote\/koiranluukku-300-x-250mm\/","title":{"rendered":"Koiranluukku 300 x 250mm"},"content":{"rendered":"<p>Sis\u00e4\u00e4nmenoluukkuja, suositellut mitat seuraavasti<\/p>\n<ul>\n<li>270 x 230 mm : M\u00e4yr\u00e4koira, kissa<\/li>\n<li>300 x 250 mm : M\u00e4yr\u00e4koira, beagle, dreeveri<\/li>\n<li>370 x 300 mm : Ajokoira, Norjan harmaa, karhukoira, pystykorva<\/li>\n<li>450 x 350 mm : Saksanpaimenkoira, saksanseisoja, belgianpaimenkoira, j\u00e4mti<\/li>\n<\/ul>\n<div id=\"pgc-42-0-1\" class=\"panel-grid-cell\">\n<div id=\"panel-42-0-1-0\" class=\"so-panel widget widget_sow-editor panel-first-child panel-last-child\" data-index=\"1\">\n<div class=\"so-widget-sow-editor so-widget-sow-editor-base\">\n<div class=\"siteorigin-widget-tinymce textwidget\">\n<p><span class=\"teksti1\">T\u00e4ysin tiivis ja \u00e4\u00e4net\u00f6n. Lasinkirkasta, s\u00e4rkym\u00e4t\u00f6nt\u00e4 PVC-muovia (5 mm). <\/span><span class=\"teksti1\">Luukun reunat ovat alumiiniprofiilia. Profiilin uraan on pujotettu kest\u00e4v\u00e4 tiiviste, h<\/span><span class=\"teksti1\">arjaslistan voi helposti vaihtaa. <\/span><\/p>\n<p><span class=\"teksti1\">Luukku kiinnitet\u00e4\u00e4n kopin sis\u00e4\u00e4nmenoaukon yl\u00e4reunaan kopin ulkopuolelle L-profiiliin kolmella ruuvilla.<\/span><\/p>\n<p>Yl\u00e4osassa on saranat joten luukku liikkuu siihen suuntaan mihin koira kulkee. Kaksiosaisessa kopissa luukku kiinnitet\u00e4\u00e4n v\u00e4lisein\u00e4n aukkoon, ulkosein\u00e4n aukko voi peitt\u00e4\u00e4 esim. kankaalla.<\/p>\n<p><span class=\"teksti1\">Kopin aukko pit\u00e4\u00e4 olla 0,5 cm suurempi kuin luukku, sek\u00e4 vaaka- ett\u00e4 pystysuuntaan. Luukun tulee pudota omasta painostaan suoraan alas eik\u00e4 j\u00e4\u00e4d\u00e4 kiinni harjaslistasta sis\u00e4\u00e4nmenoaukon reunaan. Sis\u00e4\u00e4nmenoaukon alareuna pit\u00e4\u00e4 olla korkeammalla kuin lattiataso. Sill\u00e4 tavalla muodostuu kynnys.<\/span><\/p>\n<p><strong><em>Koiran rintakeh\u00e4n korkeus m\u00e4\u00e4r\u00e4\u00e4 luukun koon, ei s\u00e4k\u00e4korkeus!<\/em><\/strong><\/p>\n<\/div>\n<\/div>\n<\/div>\n<\/div>\n","protected":false},"excerpt":{"rendered":"<p><strong>Koirankopin sis\u00e4\u00e4nmenoluukku 300 x 250mm.<\/strong><\/p>\n<p><strong>Sopii n\u00e4ille koirille: M\u00e4yr\u00e4koira, beagle, dreeveri<\/strong><\/p>\n","protected":false},"author":1,"featured_media":1590,"template":"","meta":{"advgb_blocks_editor_width":"","advgb_blocks_columns_visual_guide":""},"product_cat":[30],"product_tag":[],"featured_img":"https:\/\/www.granlunds.com\/wp-content\/uploads\/2020\/02\/lucka.jpg","coauthors":[],"author_meta":{"author_link":"https:\/\/www.granlunds.com\/fi\/author\/tommy\/","display_name":"tommy"},"relative_dates":{"created":"Julkaistu 6 vuotta sitten","modified":"P\u00e4ivitetty 4 vuotta sitten"},"absolute_dates":{"created":"Julkaistu 12.2.2020","modified":"P\u00e4ivitetty 3.12.2021"},"absolute_dates_time":{"created":"Julkaistu 12.2.2020 11:50","modified":"P\u00e4ivitetty 3.12.2021 10:49"},"featured_img_caption":"","tax_additional":{"product_type":{"linked":["<a href=\"https:\/\/www.granlunds.com\/fi\/?taxonomy=product_type&#038;term=simple\" class=\"advgb-post-tax-term\">simple<\/a>"],"unlinked":["<span class=\"advgb-post-tax-term\">simple<\/span>"],"slug":"product_type","name":"Tuotetyyppi"},"product_visibility":{"linked":[],"unlinked":[],"slug":"product_visibility","name":"Tuotteen n\u00e4kyvyys"},"product_cat":{"linked":["<a href=\"https:\/\/www.granlunds.com\/fi\/tuote-kategoria\/luukut\/\" class=\"advgb-post-tax-term\">Luukut<\/a>"],"unlinked":["<span class=\"advgb-post-tax-term\">Luukut<\/span>"],"slug":"product_cat","name":"Osastot"},"product_tag":{"linked":[],"unlinked":[],"slug":"product_tag","name":"Avainsanat tuotteelle"},"product_shipping_class":{"linked":["<a href=\"https:\/\/www.granlunds.com\/fi\/?taxonomy=product_shipping_class&#038;term=pieni-paketti\" class=\"advgb-post-tax-term\">Pieni paketti<\/a>"],"unlinked":["<span class=\"advgb-post-tax-term\">Pieni paketti<\/span>"],"slug":"product_shipping_class","name":"Tuotteen toimitusluokat"},"translation_priority":{"linked":["<a href=\"https:\/\/www.granlunds.com\/fi\/?taxonomy=translation_priority&#038;term=optional-fi\" class=\"advgb-post-tax-term\">Optional<\/a>"],"unlinked":["<span class=\"advgb-post-tax-term\">Optional<\/span>"],"slug":"translation_priority","name":"Translation Priorities"}},"series_order":"","_links":{"self":[{"href":"https:\/\/www.granlunds.com\/fi\/wp-json\/wp\/v2\/product\/1799"}],"collection":[{"href":"https:\/\/www.granlunds.com\/fi\/wp-json\/wp\/v2\/product"}],"about":[{"href":"https:\/\/www.granlunds.com\/fi\/wp-json\/wp\/v2\/types\/product"}],"wp:featuredmedia":[{"embeddable":true,"href":"https:\/\/www.granlunds.com\/fi\/wp-json\/wp\/v2\/media\/1590"}],"wp:attachment":[{"href":"https:\/\/www.granlunds.com\/fi\/wp-json\/wp\/v2\/media?parent=1799"}],"wp:term":[{"taxonomy":"product_cat","embeddable":true,"href":"https:\/\/www.granlunds.com\/fi\/wp-json\/wp\/v2\/product_cat?post=1799"},{"taxonomy":"product_tag","embeddable":true,"href":"https:\/\/www.granlunds.com\/fi\/wp-json\/wp\/v2\/product_tag?post=1799"}],"curies":[{"name":"wp","href":"https:\/\/api.w.org\/{rel}","templated":true}]}}