{"id":1748,"date":"2020-02-12T11:09:34","date_gmt":"2020-02-12T09:09:34","guid":{"rendered":"https:\/\/www.granlunds.com\/?post_type=product&#038;p=1748"},"modified":"2025-10-17T08:51:06","modified_gmt":"2025-10-17T05:51:06","slug":"jepo-verkkotunneli","status":"publish","type":"product","link":"https:\/\/www.granlunds.com\/fi\/tuote\/jepo-verkkotunneli\/","title":{"rendered":"JEPO verkkotunneli"},"content":{"rendered":"<p>Verkkotunnelia k\u00e4ytet\u00e4\u00e4n kun koppi on tarhan ulkopuolella. Tunneli asetetaan aukollisen tarhaelementin ja koirankopin v\u00e4liin. Toimitetaan osina, asiakas kasaa tunnelin. Pultit kokoamiseen sek\u00e4 tarhasein\u00e4\u00e4n asennusta varten tulevat mukaan.<\/p>\n<ul>\n<li>10v. takuu!<\/li>\n<li>Kotimainen tuote<\/li>\n<li>Kehys: Hitsattu alumiini 30x30x2mm<\/li>\n<li>Silm\u00e4koko: 25x25mm<\/li>\n<li>Katto ja pohja: Filmivaneri 18mm<\/li>\n<li>Sis\u00e4 korkeus: 66,5cm<\/li>\n<li>Sis\u00e4 leveys: 44cm<\/li>\n<li>Syvyys: 31cm<\/li>\n<li>Paino: 5kg<\/li>\n<\/ul>\n<p>&nbsp;<\/p>\n","protected":false},"excerpt":{"rendered":"<p><strong>Verkkotunneli tarhan ja kopin tai muun rakennuksen v\u00e4liin.<\/strong><\/p>\n<p>Sopii yhteen aukolliseen elementtiin.<\/p>\n","protected":false},"author":1,"featured_media":2457,"template":"","meta":{"advgb_blocks_editor_width":"","advgb_blocks_columns_visual_guide":""},"product_cat":[33],"product_tag":[],"featured_img":"https:\/\/www.granlunds.com\/wp-content\/uploads\/2020\/04\/Koiratarha-tunneli.jpg","coauthors":[],"author_meta":{"author_link":"https:\/\/www.granlunds.com\/fi\/author\/tommy\/","display_name":"tommy"},"relative_dates":{"created":"Julkaistu 6 vuotta sitten","modified":"P\u00e4ivitetty 6 kuukautta sitten"},"absolute_dates":{"created":"Julkaistu 12.2.2020","modified":"P\u00e4ivitetty 17.10.2025"},"absolute_dates_time":{"created":"Julkaistu 12.2.2020 11:09","modified":"P\u00e4ivitetty 17.10.2025 8:51"},"featured_img_caption":"","tax_additional":{"product_type":{"linked":["<a href=\"https:\/\/www.granlunds.com\/fi\/?taxonomy=product_type&#038;term=simple\" class=\"advgb-post-tax-term\">simple<\/a>"],"unlinked":["<span class=\"advgb-post-tax-term\">simple<\/span>"],"slug":"product_type","name":"Tuotetyyppi"},"product_visibility":{"linked":[],"unlinked":[],"slug":"product_visibility","name":"Tuotteen n\u00e4kyvyys"},"product_cat":{"linked":["<a href=\"https:\/\/www.granlunds.com\/fi\/tuote-kategoria\/koiratarhat\/\" class=\"advgb-post-tax-term\">JEPO koiratarha<\/a>"],"unlinked":["<span class=\"advgb-post-tax-term\">JEPO koiratarha<\/span>"],"slug":"product_cat","name":"Osastot"},"product_tag":{"linked":[],"unlinked":[],"slug":"product_tag","name":"Avainsanat tuotteelle"},"product_shipping_class":{"linked":["<a href=\"https:\/\/www.granlunds.com\/fi\/?taxonomy=product_shipping_class&#038;term=pieni-paketti\" class=\"advgb-post-tax-term\">Pieni paketti<\/a>"],"unlinked":["<span class=\"advgb-post-tax-term\">Pieni paketti<\/span>"],"slug":"product_shipping_class","name":"Tuotteen toimitusluokat"},"translation_priority":{"linked":["<a href=\"https:\/\/www.granlunds.com\/fi\/?taxonomy=translation_priority&#038;term=optional-fi\" class=\"advgb-post-tax-term\">Optional<\/a>"],"unlinked":["<span class=\"advgb-post-tax-term\">Optional<\/span>"],"slug":"translation_priority","name":"Translation Priorities"}},"series_order":"","_links":{"self":[{"href":"https:\/\/www.granlunds.com\/fi\/wp-json\/wp\/v2\/product\/1748"}],"collection":[{"href":"https:\/\/www.granlunds.com\/fi\/wp-json\/wp\/v2\/product"}],"about":[{"href":"https:\/\/www.granlunds.com\/fi\/wp-json\/wp\/v2\/types\/product"}],"wp:featuredmedia":[{"embeddable":true,"href":"https:\/\/www.granlunds.com\/fi\/wp-json\/wp\/v2\/media\/2457"}],"wp:attachment":[{"href":"https:\/\/www.granlunds.com\/fi\/wp-json\/wp\/v2\/media?parent=1748"}],"wp:term":[{"taxonomy":"product_cat","embeddable":true,"href":"https:\/\/www.granlunds.com\/fi\/wp-json\/wp\/v2\/product_cat?post=1748"},{"taxonomy":"product_tag","embeddable":true,"href":"https:\/\/www.granlunds.com\/fi\/wp-json\/wp\/v2\/product_tag?post=1748"}],"curies":[{"name":"wp","href":"https:\/\/api.w.org\/{rel}","templated":true}]}}