{"id":1747,"date":"2020-02-12T11:08:12","date_gmt":"2020-02-12T09:08:12","guid":{"rendered":"https:\/\/www.granlunds.com\/?post_type=product&#038;p=1747"},"modified":"2022-05-05T10:25:05","modified_gmt":"2022-05-05T07:25:05","slug":"jepo-ovi-karmi","status":"publish","type":"product","link":"https:\/\/www.granlunds.com\/fi\/tuote\/jepo-ovi-karmi\/","title":{"rendered":"JEPO ovi + karmi"},"content":{"rendered":"<p><strong>Ovi aukeaa sis\u00e4\u00e4np\u00e4in ja jousi sulkee oven k\u00e4tev\u00e4sti, n\u00e4in koira ei karkaa ulos.<\/strong><\/p>\n<p>Ovimoduuli jota voidaan k\u00e4ytt\u00e4\u00e4 omissa rakennelmissa, helppo kiinnitt\u00e4\u00e4 jos tarha valmistetaan esim. puupylv\u00e4ist\u00e4.<\/p>\n<ul>\n<li>10v. takuu!<\/li>\n<li>Kotimainen tuote<\/li>\n<li>Kehys: Hitsattu alumiini 30x30x2mm<\/li>\n<li>Verkko: Aluzink 3,0mm<\/li>\n<li>Silm\u00e4koko: 50x50mm<\/li>\n<li>Leveys: 69cm<\/li>\n<li>Korkeus: 184cm<\/li>\n<li>Kynnys: 22cm<\/li>\n<li>Paino: 6kg<\/li>\n<\/ul>\n<p>&nbsp;<\/p>\n","protected":false},"excerpt":{"rendered":"<p><strong>Ovimoduuli 69 x 184cm (leveys x korkeus) jota voidaan k\u00e4ytt\u00e4\u00e4 omissa rakennelmissa.<\/strong><\/p>\n","protected":false},"author":1,"featured_media":2448,"template":"","meta":{"advgb_blocks_editor_width":"","advgb_blocks_columns_visual_guide":""},"product_cat":[33],"product_tag":[],"featured_img":"https:\/\/www.granlunds.com\/wp-content\/uploads\/2020\/04\/Koiratarha-ovi-ja-karmi.jpg","coauthors":[],"author_meta":{"author_link":"https:\/\/www.granlunds.com\/fi\/author\/tommy\/","display_name":"tommy"},"relative_dates":{"created":"Julkaistu 6 vuotta sitten","modified":"P\u00e4ivitetty 4 vuotta sitten"},"absolute_dates":{"created":"Julkaistu 12.2.2020","modified":"P\u00e4ivitetty 5.5.2022"},"absolute_dates_time":{"created":"Julkaistu 12.2.2020 11:08","modified":"P\u00e4ivitetty 5.5.2022 10:25"},"featured_img_caption":"","tax_additional":{"product_type":{"linked":["<a href=\"https:\/\/www.granlunds.com\/fi\/?taxonomy=product_type&#038;term=simple\" class=\"advgb-post-tax-term\">simple<\/a>"],"unlinked":["<span class=\"advgb-post-tax-term\">simple<\/span>"],"slug":"product_type","name":"Tuotetyyppi"},"product_visibility":{"linked":[],"unlinked":[],"slug":"product_visibility","name":"Tuotteen n\u00e4kyvyys"},"product_cat":{"linked":["<a href=\"https:\/\/www.granlunds.com\/fi\/tuote-kategoria\/koiratarhat\/\" class=\"advgb-post-tax-term\">JEPO koiratarha<\/a>"],"unlinked":["<span class=\"advgb-post-tax-term\">JEPO koiratarha<\/span>"],"slug":"product_cat","name":"Osastot"},"product_tag":{"linked":[],"unlinked":[],"slug":"product_tag","name":"Avainsanat tuotteelle"},"product_shipping_class":{"linked":["<a href=\"https:\/\/www.granlunds.com\/fi\/?taxonomy=product_shipping_class&#038;term=isot-paketit\" class=\"advgb-post-tax-term\">Isot paketit<\/a>"],"unlinked":["<span class=\"advgb-post-tax-term\">Isot paketit<\/span>"],"slug":"product_shipping_class","name":"Tuotteen toimitusluokat"},"translation_priority":{"linked":["<a href=\"https:\/\/www.granlunds.com\/fi\/?taxonomy=translation_priority&#038;term=optional-fi\" class=\"advgb-post-tax-term\">Optional<\/a>"],"unlinked":["<span class=\"advgb-post-tax-term\">Optional<\/span>"],"slug":"translation_priority","name":"Translation Priorities"}},"series_order":"","_links":{"self":[{"href":"https:\/\/www.granlunds.com\/fi\/wp-json\/wp\/v2\/product\/1747"}],"collection":[{"href":"https:\/\/www.granlunds.com\/fi\/wp-json\/wp\/v2\/product"}],"about":[{"href":"https:\/\/www.granlunds.com\/fi\/wp-json\/wp\/v2\/types\/product"}],"wp:featuredmedia":[{"embeddable":true,"href":"https:\/\/www.granlunds.com\/fi\/wp-json\/wp\/v2\/media\/2448"}],"wp:attachment":[{"href":"https:\/\/www.granlunds.com\/fi\/wp-json\/wp\/v2\/media?parent=1747"}],"wp:term":[{"taxonomy":"product_cat","embeddable":true,"href":"https:\/\/www.granlunds.com\/fi\/wp-json\/wp\/v2\/product_cat?post=1747"},{"taxonomy":"product_tag","embeddable":true,"href":"https:\/\/www.granlunds.com\/fi\/wp-json\/wp\/v2\/product_tag?post=1747"}],"curies":[{"name":"wp","href":"https:\/\/api.w.org\/{rel}","templated":true}]}}