{"id":1746,"date":"2020-02-12T11:06:29","date_gmt":"2020-02-12T14:22:38","guid":{"rendered":"https:\/\/www.granlunds.com\/?post_type=product&#038;p=1746"},"modified":"2022-05-05T10:24:15","modified_gmt":"2022-05-05T07:24:15","slug":"jepo-seinaelementti-aukolla","status":"publish","type":"product","link":"https:\/\/www.granlunds.com\/fi\/tuote\/jepo-seinaelementti-aukolla\/","title":{"rendered":"JEPO sein\u00e4elementti aukolla"},"content":{"rendered":"<p>T\u00e4m\u00e4 elementti k\u00e4ytet\u00e4\u00e4n verkkotunnelin kanssa (tai liman tunneli) kun koirankoppi on tarhan ulkopuolella. Tunneli tilattava erikseen!<\/p>\n<ul>\n<li>10v. takuu!<\/li>\n<li>Kotimainen tuote<\/li>\n<li>Kehys: Hitsattu alumiini 30x30x2mm<\/li>\n<li>Verkko: Aluzink 3,0mm<\/li>\n<li>Silm\u00e4koko: 50x50mm<\/li>\n<li>Leveys: 199cm<\/li>\n<li>Korkeus: 184cm<\/li>\n<li>Aukon leveys: 44cm<\/li>\n<li>Aukon korkeus: 64cm<\/li>\n<li>Kynnys: 22cm<\/li>\n<li>Paino 12kg<\/li>\n<\/ul>\n<p>Verkon silm\u00e4koko 50x50mm, eli sopii my\u00f6s pennuille. Koiratarhassa ei ole mink\u00e4\u00e4nlaisia rakoja johon esim. koiran tassut voi j\u00e4\u00e4d\u00e4 kiinni ja elementit tulevat kiinni toisiinsa. Runko valmistettu alumiiniputkesta 30x30x2mm, ei ruostu! Verkko on hitsattu 3mm Aluzink langasta ja kiinnitet\u00e4\u00e4n runkoon sinkityll\u00e4 vanneter\u00e4ksell\u00e4 joka popniitataan kiinni. Verkko j\u00e4\u00e4 rungon ja ter\u00e4ksen v\u00e4liin ja n\u00e4in se kest\u00e4\u00e4 kulutusta.<\/p>\n<p>Tarha on helppo koota, tarvitset vain 13mm kiintoavaimen. Muuntelet tarhaa helposti, saat v\u00e4lisein\u00e4n lis\u00e4\u00e4m\u00e4ll\u00e4 elementtej\u00e4 ja voit suurentaa tarhaa tarpeen mukaan. Jos tarhan on koottavaa v\u00e4lisein\u00e4ll\u00e4 niin tarvitaan pidemm\u00e4t asennusruuvit,\u00a0 ilmoita v\u00e4liseinien m\u00e4\u00e4r\u00e4 tilattaessa niin toimitetaan oikeat ruuvit tarhan kokoamiseen.<\/p>\n","protected":false},"excerpt":{"rendered":"<p><strong>Vakioelementti 199 x 184cm (leveys x korkeus).<\/strong><\/p>\n<p>Elementiss\u00e4 on aukko kehyksell\u00e4, johon voidaan kiinnitt\u00e4\u00e4 verkkotunneli.<\/p>\n","protected":false},"author":1,"featured_media":2445,"template":"","meta":{"advgb_blocks_editor_width":"","advgb_blocks_columns_visual_guide":""},"product_cat":[33],"product_tag":[],"featured_img":"https:\/\/www.granlunds.com\/wp-content\/uploads\/2020\/04\/Koiratarha-aukko.jpg","coauthors":[],"author_meta":{"author_link":"https:\/\/www.granlunds.com\/fi\/author\/tommy\/","display_name":"tommy"},"relative_dates":{"created":"Julkaistu 6 vuotta sitten","modified":"P\u00e4ivitetty 4 vuotta sitten"},"absolute_dates":{"created":"Julkaistu 12.2.2020","modified":"P\u00e4ivitetty 5.5.2022"},"absolute_dates_time":{"created":"Julkaistu 12.2.2020 11:06","modified":"P\u00e4ivitetty 5.5.2022 10:24"},"featured_img_caption":"","tax_additional":{"product_type":{"linked":["<a href=\"https:\/\/www.granlunds.com\/fi\/?taxonomy=product_type&#038;term=simple\" class=\"advgb-post-tax-term\">simple<\/a>"],"unlinked":["<span class=\"advgb-post-tax-term\">simple<\/span>"],"slug":"product_type","name":"Tuotetyyppi"},"product_visibility":{"linked":[],"unlinked":[],"slug":"product_visibility","name":"Tuotteen n\u00e4kyvyys"},"product_cat":{"linked":["<a href=\"https:\/\/www.granlunds.com\/fi\/tuote-kategoria\/koiratarhat\/\" class=\"advgb-post-tax-term\">JEPO koiratarha<\/a>"],"unlinked":["<span class=\"advgb-post-tax-term\">JEPO koiratarha<\/span>"],"slug":"product_cat","name":"Osastot"},"product_tag":{"linked":[],"unlinked":[],"slug":"product_tag","name":"Avainsanat tuotteelle"},"product_shipping_class":{"linked":["<a href=\"https:\/\/www.granlunds.com\/fi\/?taxonomy=product_shipping_class&#038;term=isot-paketit\" class=\"advgb-post-tax-term\">Isot paketit<\/a>"],"unlinked":["<span class=\"advgb-post-tax-term\">Isot paketit<\/span>"],"slug":"product_shipping_class","name":"Tuotteen toimitusluokat"},"translation_priority":{"linked":["<a href=\"https:\/\/www.granlunds.com\/fi\/?taxonomy=translation_priority&#038;term=optional-fi\" class=\"advgb-post-tax-term\">Optional<\/a>"],"unlinked":["<span class=\"advgb-post-tax-term\">Optional<\/span>"],"slug":"translation_priority","name":"Translation Priorities"}},"series_order":"","_links":{"self":[{"href":"https:\/\/www.granlunds.com\/fi\/wp-json\/wp\/v2\/product\/1746"}],"collection":[{"href":"https:\/\/www.granlunds.com\/fi\/wp-json\/wp\/v2\/product"}],"about":[{"href":"https:\/\/www.granlunds.com\/fi\/wp-json\/wp\/v2\/types\/product"}],"wp:featuredmedia":[{"embeddable":true,"href":"https:\/\/www.granlunds.com\/fi\/wp-json\/wp\/v2\/media\/2445"}],"wp:attachment":[{"href":"https:\/\/www.granlunds.com\/fi\/wp-json\/wp\/v2\/media?parent=1746"}],"wp:term":[{"taxonomy":"product_cat","embeddable":true,"href":"https:\/\/www.granlunds.com\/fi\/wp-json\/wp\/v2\/product_cat?post=1746"},{"taxonomy":"product_tag","embeddable":true,"href":"https:\/\/www.granlunds.com\/fi\/wp-json\/wp\/v2\/product_tag?post=1746"}],"curies":[{"name":"wp","href":"https:\/\/api.w.org\/{rel}","templated":true}]}}