{"id":9248,"date":"2024-04-05T12:14:44","date_gmt":"2024-04-05T09:14:44","guid":{"rendered":"https:\/\/www.granlunds.com\/jepo-koiratarha\/jepo-jimi-tekniset-tiedot\/"},"modified":"2024-06-06T20:27:08","modified_gmt":"2024-06-06T17:27:08","slug":"jepo-jimi-tekniset-tiedot","status":"publish","type":"page","link":"https:\/\/www.granlunds.com\/fi\/jepo-koiratarha\/jepo-jimi-tekniset-tiedot\/","title":{"rendered":"Jepo Jimi tekniset tiedot"},"content":{"rendered":"\t\t<div data-elementor-type=\"wp-page\" data-elementor-id=\"9248\" class=\"elementor elementor-9248 elementor-9173\" data-elementor-post-type=\"page\">\n\t\t\t\t\t\t\t\t\t<section class=\"elementor-section elementor-top-section elementor-element elementor-element-f8f931d elementor-section-stretched elementor-section-boxed elementor-section-height-default elementor-section-height-default\" data-id=\"f8f931d\" data-element_type=\"section\" data-settings=\"{&quot;stretch_section&quot;:&quot;section-stretched&quot;}\">\n\t\t\t\t\t\t<div class=\"elementor-container elementor-column-gap-no\">\n\t\t\t\t\t<div class=\"elementor-column elementor-col-100 elementor-top-column elementor-element elementor-element-3ad0c25\" data-id=\"3ad0c25\" data-element_type=\"column\" data-settings=\"{&quot;background_background&quot;:&quot;classic&quot;}\">\n\t\t\t<div class=\"elementor-widget-wrap elementor-element-populated\">\n\t\t\t\t\t\t\t\t<div class=\"elementor-element elementor-element-15c2e5a elementor-widget elementor-widget-heading\" data-id=\"15c2e5a\" data-element_type=\"widget\" data-widget_type=\"heading.default\">\n\t\t\t\t<div class=\"elementor-widget-container\">\n\t\t\t<h2 class=\"elementor-heading-title elementor-size-default\"><b>Tekniset tiedot JIMI koiratarha<\/b><\/h2>\t\t<\/div>\n\t\t\t\t<\/div>\n\t\t\t\t\t<\/div>\n\t\t<\/div>\n\t\t\t\t\t\t\t<\/div>\n\t\t<\/section>\n\t\t\t\t<section class=\"elementor-section elementor-top-section elementor-element elementor-element-e4a5e8a elementor-section-boxed elementor-section-height-default elementor-section-height-default\" data-id=\"e4a5e8a\" data-element_type=\"section\">\n\t\t\t\t\t\t<div class=\"elementor-container elementor-column-gap-no\">\n\t\t\t\t\t<div class=\"elementor-column elementor-col-100 elementor-top-column elementor-element elementor-element-8ac2155\" data-id=\"8ac2155\" data-element_type=\"column\">\n\t\t\t<div class=\"elementor-widget-wrap elementor-element-populated\">\n\t\t\t\t\t\t\t\t<div class=\"elementor-element elementor-element-0dd36a4 elementor-widget elementor-widget-spacer\" data-id=\"0dd36a4\" data-element_type=\"widget\" data-widget_type=\"spacer.default\">\n\t\t\t\t<div class=\"elementor-widget-container\">\n\t\t\t\t\t<div class=\"elementor-spacer\">\n\t\t\t<div class=\"elementor-spacer-inner\"><\/div>\n\t\t<\/div>\n\t\t\t\t<\/div>\n\t\t\t\t<\/div>\n\t\t\t\t\t<\/div>\n\t\t<\/div>\n\t\t\t\t\t\t\t<\/div>\n\t\t<\/section>\n\t\t\t\t<section class=\"elementor-section elementor-top-section elementor-element elementor-element-a833e13 elementor-section-stretched elementor-section-boxed elementor-section-height-default elementor-section-height-default\" data-id=\"a833e13\" data-element_type=\"section\" data-settings=\"{&quot;stretch_section&quot;:&quot;section-stretched&quot;}\">\n\t\t\t\t\t\t<div class=\"elementor-container elementor-column-gap-no\">\n\t\t\t\t\t<div class=\"elementor-column elementor-col-50 elementor-top-column elementor-element elementor-element-c34aa15\" data-id=\"c34aa15\" data-element_type=\"column\">\n\t\t\t<div class=\"elementor-widget-wrap elementor-element-populated\">\n\t\t\t\t\t\t\t\t<div class=\"elementor-element elementor-element-4fe0b44 elementor-widget elementor-widget-image\" data-id=\"4fe0b44\" data-element_type=\"widget\" data-widget_type=\"image.default\">\n\t\t\t\t<div class=\"elementor-widget-container\">\n\t\t\t\t\t\t\t\t\t\t\t\t\t\t\t<img decoding=\"async\" src=\"https:\/\/www.granlunds.com\/wp-content\/uploads\/elementor\/thumbs\/JIMI-koiratarha-kategori-1-e1713033490155-qmnuu712loofv3tgp8b4uqvuepv4bwbpfwn215cq9s.jpg\" title=\"JIMI koiratarha kategori\" alt=\"JIMI koiratarha kategori\" loading=\"lazy\" \/>\t\t\t\t\t\t\t\t\t\t\t\t\t\t\t<\/div>\n\t\t\t\t<\/div>\n\t\t\t\t\t<\/div>\n\t\t<\/div>\n\t\t\t\t<div class=\"elementor-column elementor-col-50 elementor-top-column elementor-element elementor-element-dd21c2a\" data-id=\"dd21c2a\" data-element_type=\"column\" data-settings=\"{&quot;background_background&quot;:&quot;classic&quot;}\">\n\t\t\t<div class=\"elementor-widget-wrap elementor-element-populated\">\n\t\t\t\t\t\t\t\t<div class=\"elementor-element elementor-element-f28878c elementor-widget elementor-widget-heading\" data-id=\"f28878c\" data-element_type=\"widget\" data-widget_type=\"heading.default\">\n\t\t\t\t<div class=\"elementor-widget-container\">\n\t\t\t<h2 class=\"elementor-heading-title elementor-size-default\"><b>Yleist\u00e4<\/b><\/h2>\t\t<\/div>\n\t\t\t\t<\/div>\n\t\t\t\t<div class=\"elementor-element elementor-element-727f7de elementor-widget elementor-widget-text-editor\" data-id=\"727f7de\" data-element_type=\"widget\" data-widget_type=\"text-editor.default\">\n\t\t\t\t<div class=\"elementor-widget-container\">\n\t\t\t\t\t\t\t<p><span style=\"color: #ffffff;\">Kev\u00e4\u00e4ll\u00e4 2024 tuomme JIMI koiratarhat uutuutena Suomen markkinoille.<\/span><\/p>\n<p><span style=\"color: #ffffff;\">JIMI koiratarha on hieman yksinkertaisempi ja edullisempi, mutta silti kunnon koiratarha joka t\u00e4ytt\u00e4\u00e4 toimintansa. Elementtien leveys 120cm mahdollistaa rakenteita lyhyill\u00e4 seinill\u00e4.<\/span><\/p>\n<p><span style=\"color: #ffffff;\">JIMI ovielementin ovi on leve\u00e4 ja t\u00e4ytt\u00e4\u00e4 koko elementin 120cm leveyden joka voi olla hy\u00f6dyllist\u00e4 jos halutaan vied\u00e4 esim. kottik\u00e4rryn tarhaan.<\/span><\/p>\n<p><span style=\"color: #ffffff;\">JIMI elementtej\u00e4 <b>eiv\u00e4t <\/b>ole yhteensopivia JEPO koiratarhan kanssa. Eik\u00e4 ole mahdollista saada erikoismittoja t\u00e4st\u00e4 mallista.<\/span><\/p>\t\t\t\t\t\t<\/div>\n\t\t\t\t<\/div>\n\t\t\t\t\t<\/div>\n\t\t<\/div>\n\t\t\t\t\t\t\t<\/div>\n\t\t<\/section>\n\t\t\t\t<section class=\"elementor-section elementor-top-section elementor-element elementor-element-f3bfad9 elementor-section-boxed elementor-section-height-default elementor-section-height-default\" data-id=\"f3bfad9\" data-element_type=\"section\">\n\t\t\t\t\t\t<div class=\"elementor-container elementor-column-gap-no\">\n\t\t\t\t\t<div class=\"elementor-column elementor-col-100 elementor-top-column elementor-element elementor-element-5781c35\" data-id=\"5781c35\" data-element_type=\"column\">\n\t\t\t<div class=\"elementor-widget-wrap elementor-element-populated\">\n\t\t\t\t\t\t\t\t<div class=\"elementor-element elementor-element-f121954 elementor-widget elementor-widget-spacer\" data-id=\"f121954\" data-element_type=\"widget\" data-widget_type=\"spacer.default\">\n\t\t\t\t<div class=\"elementor-widget-container\">\n\t\t\t\t\t<div class=\"elementor-spacer\">\n\t\t\t<div class=\"elementor-spacer-inner\"><\/div>\n\t\t<\/div>\n\t\t\t\t<\/div>\n\t\t\t\t<\/div>\n\t\t\t\t\t<\/div>\n\t\t<\/div>\n\t\t\t\t\t\t\t<\/div>\n\t\t<\/section>\n\t\t\t\t<section class=\"elementor-section elementor-top-section elementor-element elementor-element-c397324 elementor-section-stretched elementor-section-boxed elementor-section-height-default elementor-section-height-default\" data-id=\"c397324\" data-element_type=\"section\" data-settings=\"{&quot;stretch_section&quot;:&quot;section-stretched&quot;}\">\n\t\t\t\t\t\t<div class=\"elementor-container elementor-column-gap-no\">\n\t\t\t\t\t<div class=\"elementor-column elementor-col-50 elementor-top-column elementor-element elementor-element-c54f903\" data-id=\"c54f903\" data-element_type=\"column\">\n\t\t\t<div class=\"elementor-widget-wrap elementor-element-populated\">\n\t\t\t\t\t\t\t\t<div class=\"elementor-element elementor-element-84ca870 elementor-widget elementor-widget-image\" data-id=\"84ca870\" data-element_type=\"widget\" data-widget_type=\"image.default\">\n\t\t\t\t<div class=\"elementor-widget-container\">\n\t\t\t\t\t\t\t\t\t\t\t\t\t\t\t<img decoding=\"async\" src=\"https:\/\/www.granlunds.com\/wp-content\/uploads\/elementor\/thumbs\/JIMI-ovielementti-salpa-qlamoa3ey855e3ukpqbj9ff6rnnzim0x1jnoul5on4.jpg\" title=\"JIMI ovielementti salpa\" alt=\"JIMI ovielementti salpa\" loading=\"lazy\" \/>\t\t\t\t\t\t\t\t\t\t\t\t\t\t\t<\/div>\n\t\t\t\t<\/div>\n\t\t\t\t\t<\/div>\n\t\t<\/div>\n\t\t\t\t<div class=\"elementor-column elementor-col-50 elementor-top-column elementor-element elementor-element-f95f1b7\" data-id=\"f95f1b7\" data-element_type=\"column\" data-settings=\"{&quot;background_background&quot;:&quot;classic&quot;}\">\n\t\t\t<div class=\"elementor-widget-wrap elementor-element-populated\">\n\t\t\t\t\t\t\t\t<div class=\"elementor-element elementor-element-e81ceb2 elementor-widget elementor-widget-heading\" data-id=\"e81ceb2\" data-element_type=\"widget\" data-widget_type=\"heading.default\">\n\t\t\t\t<div class=\"elementor-widget-container\">\n\t\t\t<h2 class=\"elementor-heading-title elementor-size-default\"><b>Tekniset tiedot<\/b><\/h2>\t\t<\/div>\n\t\t\t\t<\/div>\n\t\t\t\t<div class=\"elementor-element elementor-element-6ff8f0f elementor-widget elementor-widget-text-editor\" data-id=\"6ff8f0f\" data-element_type=\"widget\" data-widget_type=\"text-editor.default\">\n\t\t\t\t<div class=\"elementor-widget-container\">\n\t\t\t\t\t\t\t<ul><li>KEHYS: Hitsattu ter\u00e4s neli\u00f6putki 20x20x1mm.<\/li><li>VERKKO: Silm\u00e4koko alaosassa 50x50mm, kasvaa yl\u00f6sp\u00e4in 50x100mm:iin, verkkolanka 3,0mm.<\/li><li>OVI: Avataan sis\u00e4\u00e4np\u00e4in ja lukitaan ty\u00f6nt\u00f6salvalla.<\/li><li>KULMATUKI: 16mm putki.<\/li><li>VERKON KIINNITYS: Verkko hitsataan kehykseen.<\/li><li>KUUMASINKITTY<\/li><li>KOKOAMINEN: Tarvitset vain 10mm:n kiintoavaimen. Kasaushelat ja ruuvit kuuluu toimitukseen.<\/li><li>TAKUU: 2 vuotta.<\/li><li><b>Kulmatuet eiv\u00e4t sis\u00e4lly, tilattava erikseen!<\/b><\/li><\/ul>\t\t\t\t\t\t<\/div>\n\t\t\t\t<\/div>\n\t\t\t\t\t<\/div>\n\t\t<\/div>\n\t\t\t\t\t\t\t<\/div>\n\t\t<\/section>\n\t\t\t\t<section class=\"elementor-section elementor-top-section elementor-element elementor-element-9a5ee28 elementor-section-stretched elementor-section-boxed elementor-section-height-default elementor-section-height-default\" data-id=\"9a5ee28\" data-element_type=\"section\" data-settings=\"{&quot;stretch_section&quot;:&quot;section-stretched&quot;}\">\n\t\t\t\t\t\t<div class=\"elementor-container elementor-column-gap-no\">\n\t\t\t\t\t<div class=\"elementor-column elementor-col-100 elementor-top-column elementor-element elementor-element-c4e1ffe\" data-id=\"c4e1ffe\" data-element_type=\"column\">\n\t\t\t<div class=\"elementor-widget-wrap elementor-element-populated\">\n\t\t\t\t\t\t\t\t<div class=\"elementor-element elementor-element-07ab3b6 elementor-widget elementor-widget-spacer\" data-id=\"07ab3b6\" data-element_type=\"widget\" data-widget_type=\"spacer.default\">\n\t\t\t\t<div class=\"elementor-widget-container\">\n\t\t\t\t\t<div class=\"elementor-spacer\">\n\t\t\t<div class=\"elementor-spacer-inner\"><\/div>\n\t\t<\/div>\n\t\t\t\t<\/div>\n\t\t\t\t<\/div>\n\t\t\t\t\t<\/div>\n\t\t<\/div>\n\t\t\t\t\t\t\t<\/div>\n\t\t<\/section>\n\t\t\t\t\t\t\t<\/div>\n\t\t","protected":false},"excerpt":{"rendered":"<p>Tekniset tiedot JIMI koiratarha Yleist\u00e4 Kev\u00e4\u00e4ll\u00e4 2024 tuomme JIMI koiratarhat uutuutena Suomen markkinoille. JIMI koiratarha on hieman yksinkertaisempi ja edullisempi, mutta silti kunnon koiratarha joka t\u00e4ytt\u00e4\u00e4 toimintansa. Elementtien leveys 120cm mahdollistaa rakenteita lyhyill\u00e4 seinill\u00e4. JIMI ovielementin ovi on leve\u00e4 ja t\u00e4ytt\u00e4\u00e4 koko elementin 120cm leveyden joka voi olla hy\u00f6dyllist\u00e4 jos halutaan vied\u00e4 esim. kottik\u00e4rryn tarhaan. &#8230; <a title=\"Jepo Jimi tekniset tiedot\" class=\"read-more\" href=\"https:\/\/www.granlunds.com\/fi\/jepo-koiratarha\/jepo-jimi-tekniset-tiedot\/\">Lue lis\u00e4\u00e4 <span class=\"screen-reader-text\">Jepo Jimi tekniset tiedot<\/span><\/a><\/p>\n","protected":false},"author":3,"featured_media":0,"parent":1680,"menu_order":1,"comment_status":"closed","ping_status":"closed","template":"","meta":{"advgb_blocks_editor_width":"","advgb_blocks_columns_visual_guide":"","footnotes":""},"coauthors":[],"author_meta":{"author_link":"https:\/\/www.granlunds.com\/fi\/author\/kaj\/","display_name":"Kaj"},"relative_dates":{"created":"Julkaistu 2 vuotta sitten","modified":"P\u00e4ivitetty 2 vuotta sitten"},"absolute_dates":{"created":"Julkaistu 5.4.2024","modified":"P\u00e4ivitetty 6.6.2024"},"absolute_dates_time":{"created":"Julkaistu 5.4.2024 12:14","modified":"P\u00e4ivitetty 6.6.2024 20:27"},"featured_img_caption":"","featured_img":false,"series_order":"","_links":{"self":[{"href":"https:\/\/www.granlunds.com\/fi\/wp-json\/wp\/v2\/pages\/9248"}],"collection":[{"href":"https:\/\/www.granlunds.com\/fi\/wp-json\/wp\/v2\/pages"}],"about":[{"href":"https:\/\/www.granlunds.com\/fi\/wp-json\/wp\/v2\/types\/page"}],"author":[{"embeddable":true,"href":"https:\/\/www.granlunds.com\/fi\/wp-json\/wp\/v2\/users\/3"}],"replies":[{"embeddable":true,"href":"https:\/\/www.granlunds.com\/fi\/wp-json\/wp\/v2\/comments?post=9248"}],"version-history":[{"count":25,"href":"https:\/\/www.granlunds.com\/fi\/wp-json\/wp\/v2\/pages\/9248\/revisions"}],"predecessor-version":[{"id":9501,"href":"https:\/\/www.granlunds.com\/fi\/wp-json\/wp\/v2\/pages\/9248\/revisions\/9501"}],"up":[{"embeddable":true,"href":"https:\/\/www.granlunds.com\/fi\/wp-json\/wp\/v2\/pages\/1680"}],"wp:attachment":[{"href":"https:\/\/www.granlunds.com\/fi\/wp-json\/wp\/v2\/media?parent=9248"}],"curies":[{"name":"wp","href":"https:\/\/api.w.org\/{rel}","templated":true}]}}