{"id":7399,"date":"2023-04-08T10:22:04","date_gmt":"2023-04-08T07:22:04","guid":{"rendered":"https:\/\/www.granlunds.com\/?page_id=7399"},"modified":"2023-04-09T12:00:56","modified_gmt":"2023-04-09T09:00:56","slug":"kivimajakat-taytemateriaali","status":"publish","type":"page","link":"https:\/\/www.granlunds.com\/fi\/kivimajakat\/kivimajakat-taytemateriaali\/","title":{"rendered":"Kivimajakat t\u00e4ytemateriaali"},"content":{"rendered":"\t\t<div data-elementor-type=\"wp-page\" data-elementor-id=\"7399\" class=\"elementor elementor-7399\" data-elementor-post-type=\"page\">\n\t\t\t\t\t\t\t\t\t<section class=\"elementor-section elementor-top-section elementor-element elementor-element-c3aede2 elementor-section-stretched elementor-section-boxed elementor-section-height-default elementor-section-height-default\" data-id=\"c3aede2\" data-element_type=\"section\" data-settings=\"{&quot;stretch_section&quot;:&quot;section-stretched&quot;}\">\n\t\t\t\t\t\t<div class=\"elementor-container elementor-column-gap-no\">\n\t\t\t\t\t<div class=\"elementor-column elementor-col-50 elementor-top-column elementor-element elementor-element-88c1150\" data-id=\"88c1150\" data-element_type=\"column\">\n\t\t\t<div class=\"elementor-widget-wrap elementor-element-populated\">\n\t\t\t\t\t\t\t\t<div class=\"elementor-element elementor-element-abcc3dc elementor-widget elementor-widget-image\" data-id=\"abcc3dc\" data-element_type=\"widget\" data-widget_type=\"image.default\">\n\t\t\t\t<div class=\"elementor-widget-container\">\n\t\t\t\t\t\t\t\t\t\t\t\t\t\t\t<img decoding=\"async\" src=\"https:\/\/www.granlunds.com\/wp-content\/uploads\/elementor\/thumbs\/20220930_073513-scaled-e1680774989850-1-q4p923olz5pd2hfilkqkk7a2s7tt0b9xhnwcxjb1jc.jpg\" title=\"20220930_073513-scaled-e1680774989850.jpg\" alt=\"20220930_073513-scaled-e1680774989850.jpg\" loading=\"lazy\" \/>\t\t\t\t\t\t\t\t\t\t\t\t\t\t\t<\/div>\n\t\t\t\t<\/div>\n\t\t\t\t\t<\/div>\n\t\t<\/div>\n\t\t\t\t<div class=\"elementor-column elementor-col-50 elementor-top-column elementor-element elementor-element-07c0a04\" data-id=\"07c0a04\" data-element_type=\"column\" data-settings=\"{&quot;background_background&quot;:&quot;classic&quot;}\">\n\t\t\t<div class=\"elementor-widget-wrap elementor-element-populated\">\n\t\t\t\t\t\t\t\t<div class=\"elementor-element elementor-element-ab8a760 elementor-widget elementor-widget-heading\" data-id=\"ab8a760\" data-element_type=\"widget\" data-widget_type=\"heading.default\">\n\t\t\t\t<div class=\"elementor-widget-container\">\n\t\t\t<h2 class=\"elementor-heading-title elementor-size-default\"><b>Luonnonkivi<\/b><\/h2>\t\t<\/div>\n\t\t\t\t<\/div>\n\t\t\t\t<div class=\"elementor-element elementor-element-997a786 elementor-widget elementor-widget-text-editor\" data-id=\"997a786\" data-element_type=\"widget\" data-widget_type=\"text-editor.default\">\n\t\t\t\t<div class=\"elementor-widget-container\">\n\t\t\t\t\t\t\t<p>T\u00e4ytt\u00e4minen luonnonkivill\u00e4 (seulanp\u00e4\u00e4kivi) helpottaa ty\u00f6t kun majakan rakennekin on py\u00f6re\u00e4. Kivien suuruusluokka on soviteltavaa sein\u00e4n rakojen mukaisesti.\u00a0<\/p>\t\t\t\t\t\t<\/div>\n\t\t\t\t<\/div>\n\t\t\t\t\t<\/div>\n\t\t<\/div>\n\t\t\t\t\t\t\t<\/div>\n\t\t<\/section>\n\t\t\t\t<section class=\"elementor-section elementor-top-section elementor-element elementor-element-5a2c925 elementor-section-stretched elementor-hidden-tablet elementor-hidden-mobile elementor-section-boxed elementor-section-height-default elementor-section-height-default\" data-id=\"5a2c925\" data-element_type=\"section\" data-settings=\"{&quot;stretch_section&quot;:&quot;section-stretched&quot;}\">\n\t\t\t\t\t\t<div class=\"elementor-container elementor-column-gap-no\">\n\t\t\t\t\t<div class=\"elementor-column elementor-col-100 elementor-top-column elementor-element elementor-element-54ba96c\" data-id=\"54ba96c\" data-element_type=\"column\">\n\t\t\t<div class=\"elementor-widget-wrap elementor-element-populated\">\n\t\t\t\t\t\t\t\t<div class=\"elementor-element elementor-element-4792969 elementor-widget elementor-widget-spacer\" data-id=\"4792969\" data-element_type=\"widget\" data-widget_type=\"spacer.default\">\n\t\t\t\t<div class=\"elementor-widget-container\">\n\t\t\t\t\t<div class=\"elementor-spacer\">\n\t\t\t<div class=\"elementor-spacer-inner\"><\/div>\n\t\t<\/div>\n\t\t\t\t<\/div>\n\t\t\t\t<\/div>\n\t\t\t\t\t<\/div>\n\t\t<\/div>\n\t\t\t\t\t\t\t<\/div>\n\t\t<\/section>\n\t\t\t\t<section class=\"elementor-section elementor-top-section elementor-element elementor-element-16c9fc1 elementor-section-stretched elementor-section-boxed elementor-section-height-default elementor-section-height-default\" data-id=\"16c9fc1\" data-element_type=\"section\" data-settings=\"{&quot;stretch_section&quot;:&quot;section-stretched&quot;}\">\n\t\t\t\t\t\t<div class=\"elementor-container elementor-column-gap-no\">\n\t\t\t\t\t<div class=\"elementor-column elementor-col-50 elementor-top-column elementor-element elementor-element-8f58118\" data-id=\"8f58118\" data-element_type=\"column\">\n\t\t\t<div class=\"elementor-widget-wrap elementor-element-populated\">\n\t\t\t\t\t\t\t\t<div class=\"elementor-element elementor-element-bd5a524 elementor-widget elementor-widget-image\" data-id=\"bd5a524\" data-element_type=\"widget\" data-widget_type=\"image.default\">\n\t\t\t\t<div class=\"elementor-widget-container\">\n\t\t\t\t\t\t\t\t\t\t\t\t\t\t\t<img fetchpriority=\"high\" decoding=\"async\" width=\"768\" height=\"1024\" src=\"https:\/\/www.granlunds.com\/wp-content\/uploads\/2023\/04\/IMG-20210820-WA0003.jpg\" class=\"attachment-large size-large wp-image-7365\" alt=\"\" srcset=\"https:\/\/www.granlunds.com\/wp-content\/uploads\/2023\/04\/IMG-20210820-WA0003.jpg 768w, https:\/\/www.granlunds.com\/wp-content\/uploads\/2023\/04\/IMG-20210820-WA0003-225x300.jpg 225w, https:\/\/www.granlunds.com\/wp-content\/uploads\/2023\/04\/IMG-20210820-WA0003-250x333.jpg 250w\" sizes=\"(max-width: 768px) 100vw, 768px\" \/>\t\t\t\t\t\t\t\t\t\t\t\t\t\t\t<\/div>\n\t\t\t\t<\/div>\n\t\t\t\t\t<\/div>\n\t\t<\/div>\n\t\t\t\t<div class=\"elementor-column elementor-col-50 elementor-top-column elementor-element elementor-element-57c1bac\" data-id=\"57c1bac\" data-element_type=\"column\" data-settings=\"{&quot;background_background&quot;:&quot;classic&quot;}\">\n\t\t\t<div class=\"elementor-widget-wrap elementor-element-populated\">\n\t\t\t\t\t\t\t\t<div class=\"elementor-element elementor-element-64960f1 elementor-widget elementor-widget-heading\" data-id=\"64960f1\" data-element_type=\"widget\" data-widget_type=\"heading.default\">\n\t\t\t\t<div class=\"elementor-widget-container\">\n\t\t\t<h2 class=\"elementor-heading-title elementor-size-default\">Murske<\/h2>\t\t<\/div>\n\t\t\t\t<\/div>\n\t\t\t\t<div class=\"elementor-element elementor-element-2d25c63 elementor-widget elementor-widget-text-editor\" data-id=\"2d25c63\" data-element_type=\"widget\" data-widget_type=\"text-editor.default\">\n\t\t\t\t<div class=\"elementor-widget-container\">\n\t\t\t\t\t\t\t<p>Voidaan hyvinkin t\u00e4ytt\u00e4\u00e4 majakan karkealla murskeella tai lohkarikivill\u00e4. Vaatii hieman enemm\u00e4n ty\u00f6aikaa saada tasaisen ja n\u00e4ytt\u00e4v\u00e4n pinnan.<\/p>\t\t\t\t\t\t<\/div>\n\t\t\t\t<\/div>\n\t\t\t\t\t<\/div>\n\t\t<\/div>\n\t\t\t\t\t\t\t<\/div>\n\t\t<\/section>\n\t\t\t\t<section class=\"elementor-section elementor-top-section elementor-element elementor-element-a4d476b elementor-section-stretched elementor-section-boxed elementor-section-height-default elementor-section-height-default\" data-id=\"a4d476b\" data-element_type=\"section\" data-settings=\"{&quot;stretch_section&quot;:&quot;section-stretched&quot;}\">\n\t\t\t\t\t\t<div class=\"elementor-container elementor-column-gap-no\">\n\t\t\t\t\t<div class=\"elementor-column elementor-col-100 elementor-top-column elementor-element elementor-element-b83fd19\" data-id=\"b83fd19\" data-element_type=\"column\">\n\t\t\t<div class=\"elementor-widget-wrap elementor-element-populated\">\n\t\t\t\t\t\t\t\t<div class=\"elementor-element elementor-element-248f9c7 elementor-widget elementor-widget-spacer\" data-id=\"248f9c7\" data-element_type=\"widget\" data-widget_type=\"spacer.default\">\n\t\t\t\t<div class=\"elementor-widget-container\">\n\t\t\t\t\t<div class=\"elementor-spacer\">\n\t\t\t<div class=\"elementor-spacer-inner\"><\/div>\n\t\t<\/div>\n\t\t\t\t<\/div>\n\t\t\t\t<\/div>\n\t\t\t\t\t<\/div>\n\t\t<\/div>\n\t\t\t\t\t\t\t<\/div>\n\t\t<\/section>\n\t\t\t\t\t\t\t<\/div>\n\t\t","protected":false},"excerpt":{"rendered":"<p>Luonnonkivi T\u00e4ytt\u00e4minen luonnonkivill\u00e4 (seulanp\u00e4\u00e4kivi) helpottaa ty\u00f6t kun majakan rakennekin on py\u00f6re\u00e4. Kivien suuruusluokka on soviteltavaa sein\u00e4n rakojen mukaisesti.\u00a0 Murske Voidaan hyvinkin t\u00e4ytt\u00e4\u00e4 majakan karkealla murskeella tai lohkarikivill\u00e4. Vaatii hieman enemm\u00e4n ty\u00f6aikaa saada tasaisen ja n\u00e4ytt\u00e4v\u00e4n pinnan.<\/p>\n","protected":false},"author":3,"featured_media":0,"parent":5543,"menu_order":2,"comment_status":"closed","ping_status":"closed","template":"","meta":{"advgb_blocks_editor_width":"","advgb_blocks_columns_visual_guide":"","footnotes":""},"coauthors":[],"author_meta":{"author_link":"https:\/\/www.granlunds.com\/fi\/author\/kaj\/","display_name":"Kaj"},"relative_dates":{"created":"Julkaistu 3 vuotta sitten","modified":"P\u00e4ivitetty 3 vuotta sitten"},"absolute_dates":{"created":"Julkaistu 8.4.2023","modified":"P\u00e4ivitetty 9.4.2023"},"absolute_dates_time":{"created":"Julkaistu 8.4.2023 10:22","modified":"P\u00e4ivitetty 9.4.2023 12:00"},"featured_img_caption":"","featured_img":false,"series_order":"","_links":{"self":[{"href":"https:\/\/www.granlunds.com\/fi\/wp-json\/wp\/v2\/pages\/7399"}],"collection":[{"href":"https:\/\/www.granlunds.com\/fi\/wp-json\/wp\/v2\/pages"}],"about":[{"href":"https:\/\/www.granlunds.com\/fi\/wp-json\/wp\/v2\/types\/page"}],"author":[{"embeddable":true,"href":"https:\/\/www.granlunds.com\/fi\/wp-json\/wp\/v2\/users\/3"}],"replies":[{"embeddable":true,"href":"https:\/\/www.granlunds.com\/fi\/wp-json\/wp\/v2\/comments?post=7399"}],"version-history":[{"count":13,"href":"https:\/\/www.granlunds.com\/fi\/wp-json\/wp\/v2\/pages\/7399\/revisions"}],"predecessor-version":[{"id":7503,"href":"https:\/\/www.granlunds.com\/fi\/wp-json\/wp\/v2\/pages\/7399\/revisions\/7503"}],"up":[{"embeddable":true,"href":"https:\/\/www.granlunds.com\/fi\/wp-json\/wp\/v2\/pages\/5543"}],"wp:attachment":[{"href":"https:\/\/www.granlunds.com\/fi\/wp-json\/wp\/v2\/media?parent=7399"}],"curies":[{"name":"wp","href":"https:\/\/api.w.org\/{rel}","templated":true}]}}