{"id":7377,"date":"2023-04-08T09:49:02","date_gmt":"2023-04-08T06:49:02","guid":{"rendered":"https:\/\/www.granlunds.com\/?page_id=7377"},"modified":"2023-04-08T10:01:21","modified_gmt":"2023-04-08T07:01:21","slug":"kivimajakat-tekniset-tiedot","status":"publish","type":"page","link":"https:\/\/www.granlunds.com\/fi\/kivimajakat\/kivimajakat-tekniset-tiedot\/","title":{"rendered":"Kivimajakat tekniset tiedot"},"content":{"rendered":"\t\t<div data-elementor-type=\"wp-page\" data-elementor-id=\"7377\" class=\"elementor elementor-7377\" data-elementor-post-type=\"page\">\n\t\t\t\t\t\t\t\t\t<section class=\"elementor-section elementor-top-section elementor-element elementor-element-0c7d92e elementor-section-stretched elementor-section-boxed elementor-section-height-default elementor-section-height-default\" data-id=\"0c7d92e\" data-element_type=\"section\" data-settings=\"{&quot;stretch_section&quot;:&quot;section-stretched&quot;}\">\n\t\t\t\t\t\t<div class=\"elementor-container elementor-column-gap-no\">\n\t\t\t\t\t<div class=\"elementor-column elementor-col-50 elementor-top-column elementor-element elementor-element-075ecaa\" data-id=\"075ecaa\" data-element_type=\"column\" data-settings=\"{&quot;background_background&quot;:&quot;classic&quot;}\">\n\t\t\t<div class=\"elementor-widget-wrap elementor-element-populated\">\n\t\t\t\t\t\t\t\t<div class=\"elementor-element elementor-element-4b21868 elementor-widget elementor-widget-image\" data-id=\"4b21868\" data-element_type=\"widget\" data-widget_type=\"image.default\">\n\t\t\t\t<div class=\"elementor-widget-container\">\n\t\t\t\t\t\t\t\t\t\t\t\t\t\t\t<img decoding=\"async\" src=\"https:\/\/www.granlunds.com\/wp-content\/uploads\/elementor\/thumbs\/Majakka-120-scaled-1-q4p7mbqfq0o86pejfj1mscdkms5eqyt6c81jvss83k.jpg\" title=\"Majakka-120-scaled.jpg\" alt=\"Majakka-120-scaled.jpg\" loading=\"lazy\" \/>\t\t\t\t\t\t\t\t\t\t\t\t\t\t\t<\/div>\n\t\t\t\t<\/div>\n\t\t\t\t\t<\/div>\n\t\t<\/div>\n\t\t\t\t<div class=\"elementor-column elementor-col-50 elementor-top-column elementor-element elementor-element-7bbc8e6\" data-id=\"7bbc8e6\" data-element_type=\"column\" data-settings=\"{&quot;background_background&quot;:&quot;classic&quot;}\">\n\t\t\t<div class=\"elementor-widget-wrap elementor-element-populated\">\n\t\t\t\t\t\t\t\t<div class=\"elementor-element elementor-element-e922d1b elementor-widget elementor-widget-heading\" data-id=\"e922d1b\" data-element_type=\"widget\" data-widget_type=\"heading.default\">\n\t\t\t\t<div class=\"elementor-widget-container\">\n\t\t\t<h2 class=\"elementor-heading-title elementor-size-default\"><b>Rakenne<\/b><\/h2>\t\t<\/div>\n\t\t\t\t<\/div>\n\t\t\t\t<div class=\"elementor-element elementor-element-5bf6039 elementor-widget elementor-widget-text-editor\" data-id=\"5bf6039\" data-element_type=\"widget\" data-widget_type=\"text-editor.default\">\n\t\t\t\t<div class=\"elementor-widget-container\">\n\t\t\t\t\t\t\t<p>Majakan runko on tehty 10mm:n py\u00f6re\u00e4st\u00e4 tangosta joka antaa tukevan rakenteen joka on todella t\u00e4rke\u00e4 painavan sis\u00e4ll\u00f6n ajatellen. Majakan v\u00e4likatossa on 72mm:n reik\u00e4 kohdevalaisimelle. Pohjarenkaassa on reiki\u00e4 jonka avulla majakka kiinnitet\u00e4\u00e4n alustaan.<\/p>\t\t\t\t\t\t<\/div>\n\t\t\t\t<\/div>\n\t\t\t\t<div class=\"elementor-element elementor-element-9c7a085 elementor-widget elementor-widget-heading\" data-id=\"9c7a085\" data-element_type=\"widget\" data-widget_type=\"heading.default\">\n\t\t\t\t<div class=\"elementor-widget-container\">\n\t\t\t<h2 class=\"elementor-heading-title elementor-size-default\"><b>Pintak\u00e4sittely<\/b><\/h2>\t\t<\/div>\n\t\t\t\t<\/div>\n\t\t\t\t<div class=\"elementor-element elementor-element-9c6df4b elementor-widget elementor-widget-text-editor\" data-id=\"9c6df4b\" data-element_type=\"widget\" data-widget_type=\"text-editor.default\">\n\t\t\t\t<div class=\"elementor-widget-container\">\n\t\t\t\t\t\t\t<p>Tuote on kuumasinkitty hitsauksen j\u00e4lkeen.<\/p>\t\t\t\t\t\t<\/div>\n\t\t\t\t<\/div>\n\t\t\t\t\t<\/div>\n\t\t<\/div>\n\t\t\t\t\t\t\t<\/div>\n\t\t<\/section>\n\t\t\t\t<section class=\"elementor-section elementor-top-section elementor-element elementor-element-48f63c6 elementor-section-stretched elementor-hidden-tablet elementor-hidden-mobile elementor-section-boxed elementor-section-height-default elementor-section-height-default\" data-id=\"48f63c6\" data-element_type=\"section\" data-settings=\"{&quot;stretch_section&quot;:&quot;section-stretched&quot;}\">\n\t\t\t\t\t\t<div class=\"elementor-container elementor-column-gap-no\">\n\t\t\t\t\t<div class=\"elementor-column elementor-col-100 elementor-top-column elementor-element elementor-element-ddaa9f8\" data-id=\"ddaa9f8\" data-element_type=\"column\">\n\t\t\t<div class=\"elementor-widget-wrap elementor-element-populated\">\n\t\t\t\t\t\t\t\t<div class=\"elementor-element elementor-element-57dcd78 elementor-widget elementor-widget-spacer\" data-id=\"57dcd78\" data-element_type=\"widget\" data-widget_type=\"spacer.default\">\n\t\t\t\t<div class=\"elementor-widget-container\">\n\t\t\t\t\t<div class=\"elementor-spacer\">\n\t\t\t<div class=\"elementor-spacer-inner\"><\/div>\n\t\t<\/div>\n\t\t\t\t<\/div>\n\t\t\t\t<\/div>\n\t\t\t\t\t<\/div>\n\t\t<\/div>\n\t\t\t\t\t\t\t<\/div>\n\t\t<\/section>\n\t\t\t\t<section class=\"elementor-section elementor-top-section elementor-element elementor-element-b102b0b elementor-section-stretched elementor-section-boxed elementor-section-height-default elementor-section-height-default\" data-id=\"b102b0b\" data-element_type=\"section\" data-settings=\"{&quot;stretch_section&quot;:&quot;section-stretched&quot;}\">\n\t\t\t\t\t\t<div class=\"elementor-container elementor-column-gap-no\">\n\t\t\t\t\t<div class=\"elementor-column elementor-col-50 elementor-top-column elementor-element elementor-element-b17ab97\" data-id=\"b17ab97\" data-element_type=\"column\" data-settings=\"{&quot;background_background&quot;:&quot;classic&quot;}\">\n\t\t\t<div class=\"elementor-widget-wrap elementor-element-populated\">\n\t\t\t\t\t\t\t\t<div class=\"elementor-element elementor-element-1690b42 elementor-widget elementor-widget-image\" data-id=\"1690b42\" data-element_type=\"widget\" data-widget_type=\"image.default\">\n\t\t\t\t<div class=\"elementor-widget-container\">\n\t\t\t\t\t\t\t\t\t\t\t\t\t\t\t<img fetchpriority=\"high\" decoding=\"async\" width=\"500\" height=\"500\" src=\"https:\/\/www.granlunds.com\/wp-content\/uploads\/2023\/04\/Majakka-Fyr-500x500-1.jpg\" class=\"attachment-full size-full wp-image-7362\" alt=\"\" srcset=\"https:\/\/www.granlunds.com\/wp-content\/uploads\/2023\/04\/Majakka-Fyr-500x500-1.jpg 500w, https:\/\/www.granlunds.com\/wp-content\/uploads\/2023\/04\/Majakka-Fyr-500x500-1-300x300.jpg 300w, https:\/\/www.granlunds.com\/wp-content\/uploads\/2023\/04\/Majakka-Fyr-500x500-1-150x150.jpg 150w, https:\/\/www.granlunds.com\/wp-content\/uploads\/2023\/04\/Majakka-Fyr-500x500-1-250x250.jpg 250w, https:\/\/www.granlunds.com\/wp-content\/uploads\/2023\/04\/Majakka-Fyr-500x500-1-100x100.jpg 100w\" sizes=\"(max-width: 500px) 100vw, 500px\" \/>\t\t\t\t\t\t\t\t\t\t\t\t\t\t\t<\/div>\n\t\t\t\t<\/div>\n\t\t\t\t\t<\/div>\n\t\t<\/div>\n\t\t\t\t<div class=\"elementor-column elementor-col-50 elementor-top-column elementor-element elementor-element-7c9ff7b\" data-id=\"7c9ff7b\" data-element_type=\"column\" data-settings=\"{&quot;background_background&quot;:&quot;classic&quot;}\">\n\t\t\t<div class=\"elementor-widget-wrap elementor-element-populated\">\n\t\t\t\t\t\t\t\t<div class=\"elementor-element elementor-element-505dbc7 elementor-widget elementor-widget-heading\" data-id=\"505dbc7\" data-element_type=\"widget\" data-widget_type=\"heading.default\">\n\t\t\t\t<div class=\"elementor-widget-container\">\n\t\t\t<h2 class=\"elementor-heading-title elementor-size-default\"><b>Mitat ja paino<\/b><\/h2>\t\t<\/div>\n\t\t\t\t<\/div>\n\t\t\t\t<div class=\"elementor-element elementor-element-2902640 elementor-widget elementor-widget-text-editor\" data-id=\"2902640\" data-element_type=\"widget\" data-widget_type=\"text-editor.default\">\n\t\t\t\t<div class=\"elementor-widget-container\">\n\t\t\t\t\t\t\t<p>Majakat l\u00f6ytyy kahdessa eri koossa, 120cm ja 180cm.<\/p>\t\t\t\t\t\t<\/div>\n\t\t\t\t<\/div>\n\t\t\t\t<div class=\"elementor-element elementor-element-a3b42db elementor-widget elementor-widget-heading\" data-id=\"a3b42db\" data-element_type=\"widget\" data-widget_type=\"heading.default\">\n\t\t\t\t<div class=\"elementor-widget-container\">\n\t\t\t<h2 class=\"elementor-heading-title elementor-size-default\"><b>120cm<\/b><\/h2>\t\t<\/div>\n\t\t\t\t<\/div>\n\t\t\t\t<div class=\"elementor-element elementor-element-e97f4ac elementor-widget elementor-widget-text-editor\" data-id=\"e97f4ac\" data-element_type=\"widget\" data-widget_type=\"text-editor.default\">\n\t\t\t\t<div class=\"elementor-widget-container\">\n\t\t\t\t\t\t\t<ul><li>Pohjahalkaisija: 470mm<\/li><li>Korkeus: 1200mm<\/li><li>Paino: 18kg<\/li><li>Voidaan l\u00e4hett\u00e4\u00e4 edullisena pakettina!<\/li><\/ul>\t\t\t\t\t\t<\/div>\n\t\t\t\t<\/div>\n\t\t\t\t<div class=\"elementor-element elementor-element-f5a3af7 elementor-widget elementor-widget-heading\" data-id=\"f5a3af7\" data-element_type=\"widget\" data-widget_type=\"heading.default\">\n\t\t\t\t<div class=\"elementor-widget-container\">\n\t\t\t<h2 class=\"elementor-heading-title elementor-size-default\"><b>180cm<\/b><\/h2>\t\t<\/div>\n\t\t\t\t<\/div>\n\t\t\t\t<div class=\"elementor-element elementor-element-f975cfc elementor-widget elementor-widget-text-editor\" data-id=\"f975cfc\" data-element_type=\"widget\" data-widget_type=\"text-editor.default\">\n\t\t\t\t<div class=\"elementor-widget-container\">\n\t\t\t\t\t\t\t<ul><li>Pohjahalkaisija: 700mm<\/li><li>Korkeus: 1800mm<\/li><li>Paino: 38kg<\/li><\/ul>\t\t\t\t\t\t<\/div>\n\t\t\t\t<\/div>\n\t\t\t\t\t<\/div>\n\t\t<\/div>\n\t\t\t\t\t\t\t<\/div>\n\t\t<\/section>\n\t\t\t\t<section class=\"elementor-section elementor-top-section elementor-element elementor-element-8fc9aea elementor-section-stretched elementor-section-boxed elementor-section-height-default elementor-section-height-default\" data-id=\"8fc9aea\" data-element_type=\"section\" data-settings=\"{&quot;stretch_section&quot;:&quot;section-stretched&quot;}\">\n\t\t\t\t\t\t<div class=\"elementor-container elementor-column-gap-no\">\n\t\t\t\t\t<div class=\"elementor-column elementor-col-100 elementor-top-column elementor-element elementor-element-7778d7b\" data-id=\"7778d7b\" data-element_type=\"column\">\n\t\t\t<div class=\"elementor-widget-wrap elementor-element-populated\">\n\t\t\t\t\t\t\t\t<div class=\"elementor-element elementor-element-84bcaaf elementor-widget elementor-widget-spacer\" data-id=\"84bcaaf\" data-element_type=\"widget\" data-widget_type=\"spacer.default\">\n\t\t\t\t<div class=\"elementor-widget-container\">\n\t\t\t\t\t<div class=\"elementor-spacer\">\n\t\t\t<div class=\"elementor-spacer-inner\"><\/div>\n\t\t<\/div>\n\t\t\t\t<\/div>\n\t\t\t\t<\/div>\n\t\t\t\t\t<\/div>\n\t\t<\/div>\n\t\t\t\t\t\t\t<\/div>\n\t\t<\/section>\n\t\t\t\t\t\t\t<\/div>\n\t\t","protected":false},"excerpt":{"rendered":"<p>Rakenne Majakan runko on tehty 10mm:n py\u00f6re\u00e4st\u00e4 tangosta joka antaa tukevan rakenteen joka on todella t\u00e4rke\u00e4 painavan sis\u00e4ll\u00f6n ajatellen. Majakan v\u00e4likatossa on 72mm:n reik\u00e4 kohdevalaisimelle. Pohjarenkaassa on reiki\u00e4 jonka avulla majakka kiinnitet\u00e4\u00e4n alustaan. Pintak\u00e4sittely Tuote on kuumasinkitty hitsauksen j\u00e4lkeen. Mitat ja paino Majakat l\u00f6ytyy kahdessa eri koossa, 120cm ja 180cm. 120cm Pohjahalkaisija: 470mm Korkeus: 1200mm &#8230; <a title=\"Kivimajakat tekniset tiedot\" class=\"read-more\" href=\"https:\/\/www.granlunds.com\/fi\/kivimajakat\/kivimajakat-tekniset-tiedot\/\">Lue lis\u00e4\u00e4 <span class=\"screen-reader-text\">Kivimajakat tekniset tiedot<\/span><\/a><\/p>\n","protected":false},"author":3,"featured_media":0,"parent":5543,"menu_order":1,"comment_status":"closed","ping_status":"closed","template":"","meta":{"advgb_blocks_editor_width":"","advgb_blocks_columns_visual_guide":"","footnotes":""},"coauthors":[],"author_meta":{"author_link":"https:\/\/www.granlunds.com\/fi\/author\/kaj\/","display_name":"Kaj"},"relative_dates":{"created":"Julkaistu 3 vuotta sitten","modified":"P\u00e4ivitetty 3 vuotta sitten"},"absolute_dates":{"created":"Julkaistu 8.4.2023","modified":"P\u00e4ivitetty 8.4.2023"},"absolute_dates_time":{"created":"Julkaistu 8.4.2023 9:49","modified":"P\u00e4ivitetty 8.4.2023 10:01"},"featured_img_caption":"","featured_img":false,"series_order":"","_links":{"self":[{"href":"https:\/\/www.granlunds.com\/fi\/wp-json\/wp\/v2\/pages\/7377"}],"collection":[{"href":"https:\/\/www.granlunds.com\/fi\/wp-json\/wp\/v2\/pages"}],"about":[{"href":"https:\/\/www.granlunds.com\/fi\/wp-json\/wp\/v2\/types\/page"}],"author":[{"embeddable":true,"href":"https:\/\/www.granlunds.com\/fi\/wp-json\/wp\/v2\/users\/3"}],"replies":[{"embeddable":true,"href":"https:\/\/www.granlunds.com\/fi\/wp-json\/wp\/v2\/comments?post=7377"}],"version-history":[{"count":4,"href":"https:\/\/www.granlunds.com\/fi\/wp-json\/wp\/v2\/pages\/7377\/revisions"}],"predecessor-version":[{"id":7394,"href":"https:\/\/www.granlunds.com\/fi\/wp-json\/wp\/v2\/pages\/7377\/revisions\/7394"}],"up":[{"embeddable":true,"href":"https:\/\/www.granlunds.com\/fi\/wp-json\/wp\/v2\/pages\/5543"}],"wp:attachment":[{"href":"https:\/\/www.granlunds.com\/fi\/wp-json\/wp\/v2\/media?parent=7377"}],"curies":[{"name":"wp","href":"https:\/\/api.w.org\/{rel}","templated":true}]}}