{"id":5543,"date":"2022-08-08T13:40:42","date_gmt":"2022-08-08T10:40:42","guid":{"rendered":"https:\/\/www.granlunds.com\/?page_id=5543"},"modified":"2025-12-09T14:50:16","modified_gmt":"2025-12-09T12:50:16","slug":"kivimajakat","status":"publish","type":"page","link":"https:\/\/www.granlunds.com\/fi\/kivimajakat\/","title":{"rendered":"Kivimajakat"},"content":{"rendered":"\t\t<div data-elementor-type=\"wp-page\" data-elementor-id=\"5543\" class=\"elementor elementor-5543 elementor-5334\" data-elementor-post-type=\"page\">\n\t\t\t\t\t\t\t\t\t<section class=\"elementor-section elementor-top-section elementor-element elementor-element-5548190 elementor-section-stretched elementor-section-boxed elementor-section-height-default elementor-section-height-default\" data-id=\"5548190\" data-element_type=\"section\" data-settings=\"{&quot;stretch_section&quot;:&quot;section-stretched&quot;}\">\n\t\t\t\t\t\t<div class=\"elementor-container elementor-column-gap-no\">\n\t\t\t\t\t<div class=\"elementor-column elementor-col-66 elementor-top-column elementor-element elementor-element-7b5a13b\" data-id=\"7b5a13b\" data-element_type=\"column\">\n\t\t\t<div class=\"elementor-widget-wrap elementor-element-populated\">\n\t\t\t\t\t\t\t\t<div class=\"elementor-element elementor-element-bcd6f72 elementor-widget elementor-widget-image\" data-id=\"bcd6f72\" data-element_type=\"widget\" data-widget_type=\"image.default\">\n\t\t\t\t<div class=\"elementor-widget-container\">\n\t\t\t\t\t\t\t\t\t\t\t\t\t\t\t<img decoding=\"async\" src=\"https:\/\/www.granlunds.com\/wp-content\/uploads\/elementor\/thumbs\/Vinterbild-stenfyr-rfwhmqkr27jjn3wnjyhqht4ki5qabq299w80q6q3mg.png\" title=\"Vinterbild stenfyr\" alt=\"Stenfyr\" loading=\"lazy\" \/>\t\t\t\t\t\t\t\t\t\t\t\t\t\t\t<\/div>\n\t\t\t\t<\/div>\n\t\t\t\t\t<\/div>\n\t\t<\/div>\n\t\t\t\t<div class=\"elementor-column elementor-col-33 elementor-top-column elementor-element elementor-element-dd10443\" data-id=\"dd10443\" data-element_type=\"column\" data-settings=\"{&quot;background_background&quot;:&quot;classic&quot;}\">\n\t\t\t<div class=\"elementor-widget-wrap elementor-element-populated\">\n\t\t\t\t\t\t\t\t<div class=\"elementor-element elementor-element-b70913a elementor-widget elementor-widget-heading\" data-id=\"b70913a\" data-element_type=\"widget\" data-widget_type=\"heading.default\">\n\t\t\t\t<div class=\"elementor-widget-container\">\n\t\t\t<h2 class=\"elementor-heading-title elementor-size-default\"><b>Kivimajakat<\/b><\/h2>\t\t<\/div>\n\t\t\t\t<\/div>\n\t\t\t\t<div class=\"elementor-element elementor-element-a5413d9 elementor-widget elementor-widget-text-editor\" data-id=\"a5413d9\" data-element_type=\"widget\" data-widget_type=\"text-editor.default\">\n\t\t\t\t<div class=\"elementor-widget-container\">\n\t\t\t\t\t\t\t<p>Majakka valmistetaan Suomessa ja on tullut suosituksi koristeeksi m\u00f6kin rannalle tai puutarhalle.<\/p><p><span style=\"color: var( --e-global-color-5ad2c3a5 ); font-family: var( --e-global-typography-text-font-family ), Open sans; font-weight: var( --e-global-typography-text-font-weight );\">Tukevan rakenteen sek\u00e4 kuumasinkityksen ansiosta majakan elinik\u00e4 tulee kest\u00e4m\u00e4\u00e4n sukupolvesta toiseen, my\u00f6skin haastavilla olosuhteilla.<\/span><\/p><p><span style=\"color: var( --e-global-color-5ad2c3a5 ); font-family: var( --e-global-typography-text-font-family ), Open sans; font-weight: var( --e-global-typography-text-font-weight );\">Majakka p\u00e4\u00e4see oikeuksiinsa tunnelmallisella valaistuksella, joka asennetaan torniin.<\/span><\/p>\t\t\t\t\t\t<\/div>\n\t\t\t\t<\/div>\n\t\t\t\t<div class=\"elementor-element elementor-element-3e3b005 elementor-widget elementor-widget-button\" data-id=\"3e3b005\" data-element_type=\"widget\" data-widget_type=\"button.default\">\n\t\t\t\t<div class=\"elementor-widget-container\">\n\t\t\t\t\t<div class=\"elementor-button-wrapper\">\n\t\t\t<a class=\"elementor-button elementor-button-link elementor-size-sm\" href=\"https:\/\/www.granlunds.com\/fi\/tuote-kategoria\/kivimajakka\/\">\n\t\t\t\t\t\t<span class=\"elementor-button-content-wrapper\">\n\t\t\t\t\t\t<span class=\"elementor-button-text\">TILAA NYT<\/span>\n\t\t<\/span>\n\t\t\t\t\t<\/a>\n\t\t<\/div>\n\t\t\t\t<\/div>\n\t\t\t\t<\/div>\n\t\t\t\t\t<\/div>\n\t\t<\/div>\n\t\t\t\t\t\t\t<\/div>\n\t\t<\/section>\n\t\t\t\t<section class=\"elementor-section elementor-top-section elementor-element elementor-element-1872f50 elementor-section-stretched elementor-section-boxed elementor-section-height-default elementor-section-height-default\" data-id=\"1872f50\" data-element_type=\"section\" data-settings=\"{&quot;stretch_section&quot;:&quot;section-stretched&quot;}\">\n\t\t\t\t\t\t<div class=\"elementor-container elementor-column-gap-no\">\n\t\t\t\t\t<div class=\"elementor-column elementor-col-100 elementor-top-column elementor-element elementor-element-c101c5c\" data-id=\"c101c5c\" data-element_type=\"column\">\n\t\t\t<div class=\"elementor-widget-wrap elementor-element-populated\">\n\t\t\t\t\t\t\t\t<div class=\"elementor-element elementor-element-7cc107e elementor-hidden-tablet elementor-hidden-mobile elementor-widget elementor-widget-spacer\" data-id=\"7cc107e\" data-element_type=\"widget\" data-widget_type=\"spacer.default\">\n\t\t\t\t<div class=\"elementor-widget-container\">\n\t\t\t\t\t<div class=\"elementor-spacer\">\n\t\t\t<div class=\"elementor-spacer-inner\"><\/div>\n\t\t<\/div>\n\t\t\t\t<\/div>\n\t\t\t\t<\/div>\n\t\t\t\t\t<\/div>\n\t\t<\/div>\n\t\t\t\t\t\t\t<\/div>\n\t\t<\/section>\n\t\t\t\t<section class=\"elementor-section elementor-top-section elementor-element elementor-element-fe62e82 elementor-section-stretched elementor-section-boxed elementor-section-height-default elementor-section-height-default\" data-id=\"fe62e82\" data-element_type=\"section\" data-settings=\"{&quot;stretch_section&quot;:&quot;section-stretched&quot;}\">\n\t\t\t\t\t\t<div class=\"elementor-container elementor-column-gap-no\">\n\t\t\t\t\t<div class=\"elementor-column elementor-col-33 elementor-top-column elementor-element elementor-element-8113d1d\" data-id=\"8113d1d\" data-element_type=\"column\" data-settings=\"{&quot;background_background&quot;:&quot;classic&quot;}\">\n\t\t\t<div class=\"elementor-widget-wrap elementor-element-populated\">\n\t\t\t\t\t\t\t\t<div class=\"elementor-element elementor-element-b29a379 elementor-widget elementor-widget-heading\" data-id=\"b29a379\" data-element_type=\"widget\" data-widget_type=\"heading.default\">\n\t\t\t\t<div class=\"elementor-widget-container\">\n\t\t\t<h2 class=\"elementor-heading-title elementor-size-default\"><a href=\"https:\/\/www.granlunds.com\/fi\/kivimajakat\/kivimajakat-tekniset-tiedot\"><b>Tekniset tiedot<\/b><\/a><\/h2>\t\t<\/div>\n\t\t\t\t<\/div>\n\t\t\t\t\t<\/div>\n\t\t<\/div>\n\t\t\t\t<div class=\"elementor-column elementor-col-33 elementor-top-column elementor-element elementor-element-bb94391\" data-id=\"bb94391\" data-element_type=\"column\" data-settings=\"{&quot;background_background&quot;:&quot;classic&quot;}\">\n\t\t\t<div class=\"elementor-widget-wrap elementor-element-populated\">\n\t\t\t\t\t\t\t\t<div class=\"elementor-element elementor-element-6ec172c elementor-widget elementor-widget-heading\" data-id=\"6ec172c\" data-element_type=\"widget\" data-widget_type=\"heading.default\">\n\t\t\t\t<div class=\"elementor-widget-container\">\n\t\t\t<h2 class=\"elementor-heading-title elementor-size-default\"><a href=\"https:\/\/www.granlunds.com\/fi\/kivimajakat\/kivimajakat-taytemateriaali\/\"><b>T\u00e4ytemateriaali<\/b><\/a><\/h2>\t\t<\/div>\n\t\t\t\t<\/div>\n\t\t\t\t\t<\/div>\n\t\t<\/div>\n\t\t\t\t<div class=\"elementor-column elementor-col-33 elementor-top-column elementor-element elementor-element-b4306ac\" data-id=\"b4306ac\" data-element_type=\"column\" data-settings=\"{&quot;background_background&quot;:&quot;classic&quot;}\">\n\t\t\t<div class=\"elementor-widget-wrap elementor-element-populated\">\n\t\t\t\t\t\t\t\t<div class=\"elementor-element elementor-element-66189d7 elementor-widget elementor-widget-heading\" data-id=\"66189d7\" data-element_type=\"widget\" data-widget_type=\"heading.default\">\n\t\t\t\t<div class=\"elementor-widget-container\">\n\t\t\t<h2 class=\"elementor-heading-title elementor-size-default\"><a href=\"https:\/\/www.granlunds.com\/fi\/kivimajakat\/kivimajakat-kivikorit\"><b>Yhdist\u00e4 kivikoriin<\/b><\/a><\/h2>\t\t<\/div>\n\t\t\t\t<\/div>\n\t\t\t\t\t<\/div>\n\t\t<\/div>\n\t\t\t\t\t\t\t<\/div>\n\t\t<\/section>\n\t\t\t\t<section class=\"elementor-section elementor-top-section elementor-element elementor-element-4265c32 elementor-section-stretched elementor-hidden-tablet elementor-hidden-mobile elementor-section-boxed elementor-section-height-default elementor-section-height-default\" data-id=\"4265c32\" data-element_type=\"section\" data-settings=\"{&quot;stretch_section&quot;:&quot;section-stretched&quot;}\">\n\t\t\t\t\t\t<div class=\"elementor-container elementor-column-gap-no\">\n\t\t\t\t\t<div class=\"elementor-column elementor-col-100 elementor-top-column elementor-element elementor-element-73b6a72\" data-id=\"73b6a72\" data-element_type=\"column\">\n\t\t\t<div class=\"elementor-widget-wrap elementor-element-populated\">\n\t\t\t\t\t\t\t\t<div class=\"elementor-element elementor-element-c5a1cb9 elementor-widget elementor-widget-spacer\" data-id=\"c5a1cb9\" data-element_type=\"widget\" data-widget_type=\"spacer.default\">\n\t\t\t\t<div class=\"elementor-widget-container\">\n\t\t\t\t\t<div class=\"elementor-spacer\">\n\t\t\t<div class=\"elementor-spacer-inner\"><\/div>\n\t\t<\/div>\n\t\t\t\t<\/div>\n\t\t\t\t<\/div>\n\t\t\t\t\t<\/div>\n\t\t<\/div>\n\t\t\t\t\t\t\t<\/div>\n\t\t<\/section>\n\t\t\t\t<section class=\"elementor-section elementor-top-section elementor-element elementor-element-95994a0 elementor-section-stretched elementor-section-boxed elementor-section-height-default elementor-section-height-default\" data-id=\"95994a0\" data-element_type=\"section\" data-settings=\"{&quot;stretch_section&quot;:&quot;section-stretched&quot;}\">\n\t\t\t\t\t\t<div class=\"elementor-container elementor-column-gap-no\">\n\t\t\t\t\t<div class=\"elementor-column elementor-col-100 elementor-top-column elementor-element elementor-element-56f4a06\" data-id=\"56f4a06\" data-element_type=\"column\">\n\t\t\t<div class=\"elementor-widget-wrap elementor-element-populated\">\n\t\t\t\t\t\t\t\t<div class=\"elementor-element elementor-element-eab3e85 elementor-widget elementor-widget-heading\" data-id=\"eab3e85\" data-element_type=\"widget\" data-widget_type=\"heading.default\">\n\t\t\t\t<div class=\"elementor-widget-container\">\n\t\t\t<h2 class=\"elementor-heading-title elementor-size-default\"><b>Tilaa omasi<\/b><\/h2>\t\t<\/div>\n\t\t\t\t<\/div>\n\t\t\t\t\t<\/div>\n\t\t<\/div>\n\t\t\t\t\t\t\t<\/div>\n\t\t<\/section>\n\t\t\t\t<section class=\"elementor-section elementor-top-section elementor-element elementor-element-21aa7ba elementor-section-stretched elementor-section-boxed elementor-section-height-default elementor-section-height-default\" data-id=\"21aa7ba\" data-element_type=\"section\" data-settings=\"{&quot;stretch_section&quot;:&quot;section-stretched&quot;}\">\n\t\t\t\t\t\t<div class=\"elementor-container elementor-column-gap-default\">\n\t\t\t\t\t<div class=\"elementor-column elementor-col-100 elementor-top-column elementor-element elementor-element-aece5ca\" data-id=\"aece5ca\" data-element_type=\"column\">\n\t\t\t<div class=\"elementor-widget-wrap elementor-element-populated\">\n\t\t\t\t\t\t\t\t<div class=\"elementor-element elementor-element-c1f9949 elementor-product-loop-item--align-center elementor-grid-4 elementor-grid-tablet-3 elementor-grid-mobile-2 elementor-products-grid elementor-wc-products elementor-widget elementor-widget-woocommerce-products\" data-id=\"c1f9949\" data-element_type=\"widget\" data-widget_type=\"woocommerce-products.default\">\n\t\t\t\t<div class=\"elementor-widget-container\">\n\t\t\t<div class=\"woocommerce columns-4 \"><ul class=\"products elementor-grid columns-4\">\n<li class=\"product type-product post-3368 status-publish first instock product_cat-kivikorit-3mm product_cat-kivikorit-5mm product_cat-kivimajakka has-post-thumbnail taxable shipping-taxable purchasable product-type-simple\">\n\t<a href=\"https:\/\/www.granlunds.com\/fi\/tuote\/kivimajakka-120cm\/\" class=\"woocommerce-LoopProduct-link woocommerce-loop-product__link\"><img fetchpriority=\"high\" decoding=\"async\" width=\"250\" height=\"250\" src=\"https:\/\/www.granlunds.com\/wp-content\/uploads\/2021\/01\/IMG-20210217-WA0011-250x250.jpg\" class=\"attachment-woocommerce_thumbnail size-woocommerce_thumbnail\" alt=\"\" srcset=\"https:\/\/www.granlunds.com\/wp-content\/uploads\/2021\/01\/IMG-20210217-WA0011-250x250.jpg 250w, https:\/\/www.granlunds.com\/wp-content\/uploads\/2021\/01\/IMG-20210217-WA0011-150x150.jpg 150w, https:\/\/www.granlunds.com\/wp-content\/uploads\/2021\/01\/IMG-20210217-WA0011-100x100.jpg 100w\" sizes=\"(max-width: 250px) 100vw, 250px\" \/><h2 class=\"woocommerce-loop-product__title\">Kivimajakka 120cm<\/h2>\n\t<span class=\"price\"><span class=\"woocommerce-Price-amount amount\"><bdi>315,00&nbsp;<span class=\"woocommerce-Price-currencySymbol\">&euro;<\/span><\/bdi><\/span><\/span>\n<\/a><div class=\"woocommerce-loop-product__buttons\"><a class=\"button show_more\" href=\"https:\/\/www.granlunds.com\/fi\/tuote\/kivimajakka-120cm\/\">N\u00e4yt\u00e4 tuote<\/a><\/div><span id=\"woocommerce_loop_add_to_cart_link_describedby_3368\" class=\"screen-reader-text\">\n\t<\/span>\n<\/li>\n<li class=\"product type-product post-3263 status-publish instock product_cat-kivikorit-3mm product_cat-kivikorit-5mm product_cat-kivimajakka has-post-thumbnail taxable shipping-taxable purchasable product-type-simple\">\n\t<a href=\"https:\/\/www.granlunds.com\/fi\/tuote\/kivimajakka-180cm\/\" class=\"woocommerce-LoopProduct-link woocommerce-loop-product__link\"><img decoding=\"async\" width=\"250\" height=\"250\" src=\"https:\/\/www.granlunds.com\/wp-content\/uploads\/2021\/01\/Majakka-Korpelainen-1-250x250.jpg\" class=\"attachment-woocommerce_thumbnail size-woocommerce_thumbnail\" alt=\"\" srcset=\"https:\/\/www.granlunds.com\/wp-content\/uploads\/2021\/01\/Majakka-Korpelainen-1-250x250.jpg 250w, https:\/\/www.granlunds.com\/wp-content\/uploads\/2021\/01\/Majakka-Korpelainen-1-300x300.jpg 300w, https:\/\/www.granlunds.com\/wp-content\/uploads\/2021\/01\/Majakka-Korpelainen-1-1024x1024.jpg 1024w, https:\/\/www.granlunds.com\/wp-content\/uploads\/2021\/01\/Majakka-Korpelainen-1-150x150.jpg 150w, https:\/\/www.granlunds.com\/wp-content\/uploads\/2021\/01\/Majakka-Korpelainen-1-768x768.jpg 768w, https:\/\/www.granlunds.com\/wp-content\/uploads\/2021\/01\/Majakka-Korpelainen-1-1600x1600.jpg 1600w, https:\/\/www.granlunds.com\/wp-content\/uploads\/2021\/01\/Majakka-Korpelainen-1-1536x1536.jpg 1536w, https:\/\/www.granlunds.com\/wp-content\/uploads\/2021\/01\/Majakka-Korpelainen-1-2048x2048.jpg 2048w, https:\/\/www.granlunds.com\/wp-content\/uploads\/2021\/01\/Majakka-Korpelainen-1-100x100.jpg 100w\" sizes=\"(max-width: 250px) 100vw, 250px\" \/><h2 class=\"woocommerce-loop-product__title\">Kivimajakka 180cm<\/h2>\n\t<span class=\"price\"><span class=\"woocommerce-Price-amount amount\"><bdi>398,00&nbsp;<span class=\"woocommerce-Price-currencySymbol\">&euro;<\/span><\/bdi><\/span><\/span>\n<\/a><div class=\"woocommerce-loop-product__buttons\"><a class=\"button show_more\" href=\"https:\/\/www.granlunds.com\/fi\/tuote\/kivimajakka-180cm\/\">N\u00e4yt\u00e4 tuote<\/a><\/div><span id=\"woocommerce_loop_add_to_cart_link_describedby_3263\" class=\"screen-reader-text\">\n\t<\/span>\n<\/li>\n<li class=\"product type-product post-9805 status-publish instock product_cat-kivikorit-3mm product_cat-kivikorit-5mm product_cat-kivimajakka has-post-thumbnail taxable shipping-taxable purchasable product-type-simple\">\n\t<a href=\"https:\/\/www.granlunds.com\/fi\/tuote\/kivimajakka-72cm\/\" class=\"woocommerce-LoopProduct-link woocommerce-loop-product__link\"><img decoding=\"async\" width=\"250\" height=\"250\" src=\"https:\/\/www.granlunds.com\/wp-content\/uploads\/2024\/11\/IMG-20230529-WA0000-1-1-250x250.jpg\" class=\"attachment-woocommerce_thumbnail size-woocommerce_thumbnail\" alt=\"\" srcset=\"https:\/\/www.granlunds.com\/wp-content\/uploads\/2024\/11\/IMG-20230529-WA0000-1-1-250x250.jpg 250w, https:\/\/www.granlunds.com\/wp-content\/uploads\/2024\/11\/IMG-20230529-WA0000-1-1-150x150.jpg 150w, https:\/\/www.granlunds.com\/wp-content\/uploads\/2024\/11\/IMG-20230529-WA0000-1-1-100x100.jpg 100w\" sizes=\"(max-width: 250px) 100vw, 250px\" \/><h2 class=\"woocommerce-loop-product__title\">Kivimajakka 72cm<\/h2>\n\t<span class=\"price\"><span class=\"woocommerce-Price-amount amount\"><bdi>210,00&nbsp;<span class=\"woocommerce-Price-currencySymbol\">&euro;<\/span><\/bdi><\/span><\/span>\n<\/a><div class=\"woocommerce-loop-product__buttons\"><a class=\"button show_more\" href=\"https:\/\/www.granlunds.com\/fi\/tuote\/kivimajakka-72cm\/\">N\u00e4yt\u00e4 tuote<\/a><\/div><span id=\"woocommerce_loop_add_to_cart_link_describedby_9805\" class=\"screen-reader-text\">\n\t<\/span>\n<\/li>\n<li class=\"product type-product post-3984 status-publish last instock product_cat-kivikorit-3mm product_cat-kivikorit-5mm product_cat-kivimajakka has-post-thumbnail taxable shipping-taxable purchasable product-type-simple\">\n\t<a href=\"https:\/\/www.granlunds.com\/fi\/tuote\/majakkavalaisin1-120cm\/\" class=\"woocommerce-LoopProduct-link woocommerce-loop-product__link\"><img loading=\"lazy\" decoding=\"async\" width=\"250\" height=\"250\" src=\"https:\/\/www.granlunds.com\/wp-content\/uploads\/2021\/08\/Majakka-valaisin-250x250.jpg\" class=\"attachment-woocommerce_thumbnail size-woocommerce_thumbnail\" alt=\"\" srcset=\"https:\/\/www.granlunds.com\/wp-content\/uploads\/2021\/08\/Majakka-valaisin-250x250.jpg 250w, https:\/\/www.granlunds.com\/wp-content\/uploads\/2021\/08\/Majakka-valaisin-150x150.jpg 150w, https:\/\/www.granlunds.com\/wp-content\/uploads\/2021\/08\/Majakka-valaisin-100x100.jpg 100w\" sizes=\"(max-width: 250px) 100vw, 250px\" \/><h2 class=\"woocommerce-loop-product__title\">Majakkavalaisin 120cm<\/h2>\n\t<span class=\"price\"><span class=\"woocommerce-Price-amount amount\"><bdi>20,00&nbsp;<span class=\"woocommerce-Price-currencySymbol\">&euro;<\/span><\/bdi><\/span><\/span>\n<\/a><div class=\"woocommerce-loop-product__buttons\"><a class=\"button show_more\" href=\"https:\/\/www.granlunds.com\/fi\/tuote\/majakkavalaisin1-120cm\/\">N\u00e4yt\u00e4 tuote<\/a><\/div><span id=\"woocommerce_loop_add_to_cart_link_describedby_3984\" class=\"screen-reader-text\">\n\t<\/span>\n<\/li>\n<li class=\"product type-product post-3985 status-publish first instock product_cat-kivikorit-3mm product_cat-kivikorit-5mm product_cat-kivimajakka has-post-thumbnail taxable shipping-taxable purchasable product-type-simple\">\n\t<a href=\"https:\/\/www.granlunds.com\/fi\/tuote\/majakkavalaisin-180cm\/\" class=\"woocommerce-LoopProduct-link woocommerce-loop-product__link\"><img loading=\"lazy\" decoding=\"async\" width=\"250\" height=\"250\" src=\"https:\/\/www.granlunds.com\/wp-content\/uploads\/2021\/08\/Majakka-valaisin-250x250.jpg\" class=\"attachment-woocommerce_thumbnail size-woocommerce_thumbnail\" alt=\"\" srcset=\"https:\/\/www.granlunds.com\/wp-content\/uploads\/2021\/08\/Majakka-valaisin-250x250.jpg 250w, https:\/\/www.granlunds.com\/wp-content\/uploads\/2021\/08\/Majakka-valaisin-150x150.jpg 150w, https:\/\/www.granlunds.com\/wp-content\/uploads\/2021\/08\/Majakka-valaisin-100x100.jpg 100w\" sizes=\"(max-width: 250px) 100vw, 250px\" \/><h2 class=\"woocommerce-loop-product__title\">Majakkavalaisin 180cm<\/h2>\n\t<span class=\"price\"><span class=\"woocommerce-Price-amount amount\"><bdi>20,00&nbsp;<span class=\"woocommerce-Price-currencySymbol\">&euro;<\/span><\/bdi><\/span><\/span>\n<\/a><div class=\"woocommerce-loop-product__buttons\"><a class=\"button show_more\" href=\"https:\/\/www.granlunds.com\/fi\/tuote\/majakkavalaisin-180cm\/\">N\u00e4yt\u00e4 tuote<\/a><\/div><span id=\"woocommerce_loop_add_to_cart_link_describedby_3985\" class=\"screen-reader-text\">\n\t<\/span>\n<\/li>\n<li class=\"product type-product post-9794 status-publish instock product_cat-kivikorit-3mm product_cat-kivikorit-5mm product_cat-kivimajakka has-post-thumbnail taxable shipping-taxable purchasable product-type-simple\">\n\t<a href=\"https:\/\/www.granlunds.com\/fi\/tuote\/majakkavalaisin-120cm-kopia\/\" class=\"woocommerce-LoopProduct-link woocommerce-loop-product__link\"><img loading=\"lazy\" decoding=\"async\" width=\"250\" height=\"250\" src=\"https:\/\/www.granlunds.com\/wp-content\/uploads\/2021\/08\/Majakka-valaisin-250x250.jpg\" class=\"attachment-woocommerce_thumbnail size-woocommerce_thumbnail\" alt=\"\" srcset=\"https:\/\/www.granlunds.com\/wp-content\/uploads\/2021\/08\/Majakka-valaisin-250x250.jpg 250w, https:\/\/www.granlunds.com\/wp-content\/uploads\/2021\/08\/Majakka-valaisin-150x150.jpg 150w, https:\/\/www.granlunds.com\/wp-content\/uploads\/2021\/08\/Majakka-valaisin-100x100.jpg 100w\" sizes=\"(max-width: 250px) 100vw, 250px\" \/><h2 class=\"woocommerce-loop-product__title\">Majakkavalaisin 72cm<\/h2>\n\t<span class=\"price\"><span class=\"woocommerce-Price-amount amount\"><bdi>20,00&nbsp;<span class=\"woocommerce-Price-currencySymbol\">&euro;<\/span><\/bdi><\/span><\/span>\n<\/a><div class=\"woocommerce-loop-product__buttons\"><a class=\"button show_more\" href=\"https:\/\/www.granlunds.com\/fi\/tuote\/majakkavalaisin-120cm-kopia\/\">N\u00e4yt\u00e4 tuote<\/a><\/div><span id=\"woocommerce_loop_add_to_cart_link_describedby_9794\" class=\"screen-reader-text\">\n\t<\/span>\n<\/li>\n<\/ul>\n<\/div>\t\t<\/div>\n\t\t\t\t<\/div>\n\t\t\t\t\t<\/div>\n\t\t<\/div>\n\t\t\t\t\t\t\t<\/div>\n\t\t<\/section>\n\t\t\t\t\t\t\t<\/div>\n\t\t","protected":false},"excerpt":{"rendered":"<p>Kivimajakat Majakka valmistetaan Suomessa ja on tullut suosituksi koristeeksi m\u00f6kin rannalle tai puutarhalle. Tukevan rakenteen sek\u00e4 kuumasinkityksen ansiosta majakan elinik\u00e4 tulee kest\u00e4m\u00e4\u00e4n sukupolvesta toiseen, my\u00f6skin haastavilla olosuhteilla. Majakka p\u00e4\u00e4see oikeuksiinsa tunnelmallisella valaistuksella, joka asennetaan torniin. TILAA NYT Tekniset tiedot T\u00e4ytemateriaali Yhdist\u00e4 kivikoriin Tilaa omasi<\/p>\n","protected":false},"author":3,"featured_media":0,"parent":0,"menu_order":0,"comment_status":"closed","ping_status":"closed","template":"","meta":{"advgb_blocks_editor_width":"","advgb_blocks_columns_visual_guide":"","footnotes":""},"coauthors":[],"author_meta":{"author_link":"https:\/\/www.granlunds.com\/fi\/author\/kaj\/","display_name":"Kaj"},"relative_dates":{"created":"Julkaistu 4 vuotta sitten","modified":"P\u00e4ivitetty 5 kuukautta sitten"},"absolute_dates":{"created":"Julkaistu 8.8.2022","modified":"P\u00e4ivitetty 9.12.2025"},"absolute_dates_time":{"created":"Julkaistu 8.8.2022 13:40","modified":"P\u00e4ivitetty 9.12.2025 14:50"},"featured_img_caption":"","featured_img":false,"series_order":"","_links":{"self":[{"href":"https:\/\/www.granlunds.com\/fi\/wp-json\/wp\/v2\/pages\/5543"}],"collection":[{"href":"https:\/\/www.granlunds.com\/fi\/wp-json\/wp\/v2\/pages"}],"about":[{"href":"https:\/\/www.granlunds.com\/fi\/wp-json\/wp\/v2\/types\/page"}],"author":[{"embeddable":true,"href":"https:\/\/www.granlunds.com\/fi\/wp-json\/wp\/v2\/users\/3"}],"replies":[{"embeddable":true,"href":"https:\/\/www.granlunds.com\/fi\/wp-json\/wp\/v2\/comments?post=5543"}],"version-history":[{"count":92,"href":"https:\/\/www.granlunds.com\/fi\/wp-json\/wp\/v2\/pages\/5543\/revisions"}],"predecessor-version":[{"id":10328,"href":"https:\/\/www.granlunds.com\/fi\/wp-json\/wp\/v2\/pages\/5543\/revisions\/10328"}],"wp:attachment":[{"href":"https:\/\/www.granlunds.com\/fi\/wp-json\/wp\/v2\/media?parent=5543"}],"curies":[{"name":"wp","href":"https:\/\/api.w.org\/{rel}","templated":true}]}}