{"id":543,"date":"2019-11-13T12:38:59","date_gmt":"2019-11-13T11:38:59","guid":{"rendered":"https:\/\/www.granlunds.com\/wildlife\/kass2\/"},"modified":"2023-02-22T09:07:29","modified_gmt":"2023-02-22T07:07:29","slug":"katiska2","status":"publish","type":"page","link":"https:\/\/www.granlunds.com\/fi\/wildlife\/katiska2\/","title":{"rendered":"Katiska 2-nieluinen"},"content":{"rendered":"\n<h1 class=\"h1-width wp-block-heading\"><em>Wildlife<\/em><\/h1>\n\n\n\n<div class=\"wp-block-columns is-layout-flex wp-container-core-columns-layout-1 wp-block-columns-is-layout-flex\">\n<div class=\"wp-block-column is-layout-flow wp-block-column-is-layout-flow\">\n<figure class=\"wp-block-image size-large\"><img fetchpriority=\"high\" decoding=\"async\" width=\"1024\" height=\"1011\" src=\"https:\/\/www.granlunds.com\/wp-content\/uploads\/2020\/01\/Kass-2-sidig-beskuren-1024x1011.jpg\" alt=\"\" class=\"wp-image-1513\" srcset=\"https:\/\/www.granlunds.com\/wp-content\/uploads\/2020\/01\/Kass-2-sidig-beskuren-1024x1011.jpg 1024w, https:\/\/www.granlunds.com\/wp-content\/uploads\/2020\/01\/Kass-2-sidig-beskuren-100x100.jpg 100w, https:\/\/www.granlunds.com\/wp-content\/uploads\/2020\/01\/Kass-2-sidig-beskuren-600x592.jpg 600w, https:\/\/www.granlunds.com\/wp-content\/uploads\/2020\/01\/Kass-2-sidig-beskuren-300x296.jpg 300w, https:\/\/www.granlunds.com\/wp-content\/uploads\/2020\/01\/Kass-2-sidig-beskuren-768x758.jpg 768w, https:\/\/www.granlunds.com\/wp-content\/uploads\/2020\/01\/Kass-2-sidig-beskuren.jpg 1069w\" sizes=\"(max-width: 1024px) 100vw, 1024px\" \/><\/figure>\n<\/div>\n\n\n\n<div class=\"wp-block-column is-layout-flow wp-block-column-is-layout-flow\">\n<h2 class=\"wp-block-heading\"><em>Katiska 2-nieluinen \u00d6F80 <\/em><\/h2>\n\n\n\n<p>Pituus: 107cm<br>Leveys: 71cm<br>Korkeus: 46cm<br>Paino: 7,5kg<br>EAN\/GTIN: 6430063468006<br>Materiaali: Aluzink 1&#215;1&#8243;, 2mm PVC-pinnoitettu lanka.<\/p>\n\n\n\n<h2 class=\"wp-block-heading\"><em>Yleist\u00e4 <\/em><\/h2>\n\n\n\n<p>Eri puolilla sijaitsevat nielut tekev\u00e4t t\u00e4st\u00e4 mallista tehokkaan pyydystysv\u00e4lineen. Katiskat ovat testattuja ja toimii niin ahvenen sek\u00e4 esim. hauen pyyntiin.<\/p>\n\n\n\n<h2 class=\"wp-block-heading\">J\u00e4lleenmyyj\u00e4t<\/h2>\n\n\n\n<figure class=\"wp-block-image size-full is-resized\"><img decoding=\"async\" src=\"https:\/\/www.granlunds.com\/wp-content\/uploads\/2022\/11\/ostrologo.gif\" alt=\"\" class=\"wp-image-5954\" width=\"299\" height=\"92\"\/><\/figure>\n\n\n\n<figure class=\"wp-block-image size-full is-resized\"><a href=\"https:\/\/www.karkkainen.com\/verkkokauppa\/\"><img decoding=\"async\" src=\"https:\/\/www.granlunds.com\/wp-content\/uploads\/2022\/11\/karkkainencom_logo.png\" alt=\"\" class=\"wp-image-5951\" width=\"420\" height=\"110\"\/><\/a><\/figure>\n\n\n\n<figure class=\"wp-block-image size-full is-resized\"><a href=\"https:\/\/www.tuontitukku.fi\/\"><img loading=\"lazy\" decoding=\"async\" src=\"https:\/\/www.granlunds.com\/wp-content\/uploads\/2022\/11\/Tuontitukku.png\" alt=\"\" class=\"wp-image-5948\" width=\"406\" height=\"71\" srcset=\"https:\/\/www.granlunds.com\/wp-content\/uploads\/2022\/11\/Tuontitukku.png 570w, https:\/\/www.granlunds.com\/wp-content\/uploads\/2022\/11\/Tuontitukku-300x53.png 300w, https:\/\/www.granlunds.com\/wp-content\/uploads\/2022\/11\/Tuontitukku-250x44.png 250w\" sizes=\"(max-width: 406px) 100vw, 406px\" \/><\/a><\/figure>\n<\/div>\n<\/div>\n","protected":false},"excerpt":{"rendered":"<p>Katiska 2-nieluinen \u00d6F80 Pituus: 107cmLeveys: 71cmKorkeus: 46cmPaino: 7,5kgEAN\/GTIN: 6430063468006Materiaali: Aluzink 1&#215;1&#8243;, 2mm PVC-pinnoitettu lanka. Yleist\u00e4 Eri puolilla sijaitsevat nielut tekev\u00e4t t\u00e4st\u00e4 mallista tehokkaan pyydystysv\u00e4lineen. Katiskat ovat testattuja ja toimii niin ahvenen sek\u00e4 esim. hauen pyyntiin. J\u00e4lleenmyyj\u00e4t<\/p>\n","protected":false},"author":1,"featured_media":0,"parent":27,"menu_order":0,"comment_status":"closed","ping_status":"closed","template":"","meta":{"advgb_blocks_editor_width":"","advgb_blocks_columns_visual_guide":"","footnotes":""},"coauthors":[],"author_meta":{"author_link":"https:\/\/www.granlunds.com\/fi\/author\/tommy\/","display_name":"tommy"},"relative_dates":{"created":"Julkaistu 6 vuotta sitten","modified":"P\u00e4ivitetty 3 vuotta sitten"},"absolute_dates":{"created":"Julkaistu 13.11.2019","modified":"P\u00e4ivitetty 22.2.2023"},"absolute_dates_time":{"created":"Julkaistu 13.11.2019 12:38","modified":"P\u00e4ivitetty 22.2.2023 9:07"},"featured_img_caption":"","featured_img":false,"series_order":"","_links":{"self":[{"href":"https:\/\/www.granlunds.com\/fi\/wp-json\/wp\/v2\/pages\/543"}],"collection":[{"href":"https:\/\/www.granlunds.com\/fi\/wp-json\/wp\/v2\/pages"}],"about":[{"href":"https:\/\/www.granlunds.com\/fi\/wp-json\/wp\/v2\/types\/page"}],"author":[{"embeddable":true,"href":"https:\/\/www.granlunds.com\/fi\/wp-json\/wp\/v2\/users\/1"}],"replies":[{"embeddable":true,"href":"https:\/\/www.granlunds.com\/fi\/wp-json\/wp\/v2\/comments?post=543"}],"version-history":[{"count":11,"href":"https:\/\/www.granlunds.com\/fi\/wp-json\/wp\/v2\/pages\/543\/revisions"}],"predecessor-version":[{"id":6240,"href":"https:\/\/www.granlunds.com\/fi\/wp-json\/wp\/v2\/pages\/543\/revisions\/6240"}],"up":[{"embeddable":true,"href":"https:\/\/www.granlunds.com\/fi\/wp-json\/wp\/v2\/pages\/27"}],"wp:attachment":[{"href":"https:\/\/www.granlunds.com\/fi\/wp-json\/wp\/v2\/media?parent=543"}],"curies":[{"name":"wp","href":"https:\/\/api.w.org\/{rel}","templated":true}]}}