{"id":542,"date":"2019-11-13T10:35:00","date_gmt":"2019-11-13T09:35:00","guid":{"rendered":"https:\/\/www.granlunds.com\/wildlife\/kass1\/"},"modified":"2023-02-22T09:03:06","modified_gmt":"2023-02-22T07:03:06","slug":"katiska","status":"publish","type":"page","link":"https:\/\/www.granlunds.com\/fi\/wildlife\/katiska\/","title":{"rendered":"Katiska 1-nieluinen"},"content":{"rendered":"\n<h1 class=\"h1-width wp-block-heading\"><em>Wildlife<\/em><\/h1>\n\n\n\n<div class=\"wp-block-columns is-layout-flex wp-container-core-columns-layout-1 wp-block-columns-is-layout-flex\">\n<div class=\"wp-block-column is-layout-flow wp-block-column-is-layout-flow\">\n<figure class=\"wp-block-image size-full\"><img fetchpriority=\"high\" decoding=\"async\" width=\"598\" height=\"600\" src=\"https:\/\/www.granlunds.com\/wp-content\/uploads\/2020\/01\/fiskfalla-1.jpg\" alt=\"\" class=\"wp-image-1453\" srcset=\"https:\/\/www.granlunds.com\/wp-content\/uploads\/2020\/01\/fiskfalla-1.jpg 598w, https:\/\/www.granlunds.com\/wp-content\/uploads\/2020\/01\/fiskfalla-1-100x100.jpg 100w, https:\/\/www.granlunds.com\/wp-content\/uploads\/2020\/01\/fiskfalla-1-300x300.jpg 300w, https:\/\/www.granlunds.com\/wp-content\/uploads\/2020\/01\/fiskfalla-1-150x150.jpg 150w\" sizes=\"(max-width: 598px) 100vw, 598px\" \/><\/figure>\n<\/div>\n\n\n\n<div class=\"wp-block-column is-layout-flow wp-block-column-is-layout-flow\">\n<h2 class=\"wp-block-heading\"><em>Katiska 1-nieluinen \u00d6F81<\/em><\/h2>\n\n\n\n<p>Pituus: 107(+ aita 45cm)<br>Leveys: 71cm<br>Korkeus: 46cm<br>Paino: 7,5kg<br>EAN\/GTIN: 6430063468105<br>Materiaali: Aluzink 1&#215;1&#8243;, 2mm PVC-pinnoitettu lanka.<\/p>\n\n\n\n<h2 class=\"wp-block-heading\"><em>Yleist\u00e4<\/em><\/h2>\n\n\n\n<p><span style=\"font-size: revert; background-color: initial;\">Katiska on suunniteltu samalla periaatteella kuin rys\u00e4. Katiskassa on ulompi, leve\u00e4mpi ja sisempi, kapeampi nielu. Aita toimitetaan irrallisena mutta helposti kiinnitett\u00e4v\u00e4n\u00e4.Katiskat  ovat testattuja ja toimii niin ahvenen sek\u00e4 esim. hauen pyyntiin. Katiska on valmistettu vihre\u00e4st\u00e4  muovitetusta aluzink verkosta. Langan paksuus on 2,0mm ja silm\u00e4koko 25 x  25mm.<\/span> <\/p>\n\n\n\n<h2 class=\"wp-block-heading\">J\u00e4lleenmyyj\u00e4t<\/h2>\n\n\n\n<figure class=\"wp-block-image size-full is-resized\"><img decoding=\"async\" src=\"https:\/\/www.granlunds.com\/wp-content\/uploads\/2022\/11\/ostrologo.gif\" alt=\"\" class=\"wp-image-5954\" width=\"342\" height=\"105\"\/><\/figure>\n\n\n\n<figure class=\"wp-block-image size-full is-resized\"><a href=\"https:\/\/www.karkkainen.com\/verkkokauppa\/\"><img decoding=\"async\" src=\"https:\/\/www.granlunds.com\/wp-content\/uploads\/2022\/11\/karkkainencom_logo.png\" alt=\"\" class=\"wp-image-5951\" width=\"385\" height=\"101\"\/><\/a><\/figure>\n\n\n\n<figure class=\"wp-block-image size-full is-resized\"><a href=\"https:\/\/www.tuontitukku.fi\/\"><img loading=\"lazy\" decoding=\"async\" src=\"https:\/\/www.granlunds.com\/wp-content\/uploads\/2022\/11\/Tuontitukku.png\" alt=\"\" class=\"wp-image-5948\" width=\"396\" height=\"69\" srcset=\"https:\/\/www.granlunds.com\/wp-content\/uploads\/2022\/11\/Tuontitukku.png 570w, https:\/\/www.granlunds.com\/wp-content\/uploads\/2022\/11\/Tuontitukku-300x53.png 300w, https:\/\/www.granlunds.com\/wp-content\/uploads\/2022\/11\/Tuontitukku-250x44.png 250w\" sizes=\"(max-width: 396px) 100vw, 396px\" \/><\/a><\/figure>\n<\/div>\n<\/div>\n","protected":false},"excerpt":{"rendered":"<p>Katiska 1-nieluinen \u00d6F81 Pituus: 107(+ aita 45cm)Leveys: 71cmKorkeus: 46cmPaino: 7,5kgEAN\/GTIN: 6430063468105Materiaali: Aluzink 1&#215;1&#8243;, 2mm PVC-pinnoitettu lanka. Yleist\u00e4 Katiska on suunniteltu samalla periaatteella kuin rys\u00e4. Katiskassa on ulompi, leve\u00e4mpi ja sisempi, kapeampi nielu. Aita toimitetaan irrallisena mutta helposti kiinnitett\u00e4v\u00e4n\u00e4.Katiskat ovat testattuja ja toimii niin ahvenen sek\u00e4 esim. hauen pyyntiin. Katiska on valmistettu vihre\u00e4st\u00e4 muovitetusta aluzink verkosta. &#8230; <a title=\"Katiska 1-nieluinen\" class=\"read-more\" href=\"https:\/\/www.granlunds.com\/fi\/wildlife\/katiska\/\">Lue lis\u00e4\u00e4 <span class=\"screen-reader-text\">Katiska 1-nieluinen<\/span><\/a><\/p>\n","protected":false},"author":1,"featured_media":0,"parent":27,"menu_order":0,"comment_status":"closed","ping_status":"closed","template":"","meta":{"advgb_blocks_editor_width":"","advgb_blocks_columns_visual_guide":"","footnotes":""},"coauthors":[],"author_meta":{"author_link":"https:\/\/www.granlunds.com\/fi\/author\/tommy\/","display_name":"tommy"},"relative_dates":{"created":"Posted 6 vuotta ago","modified":"Updated 3 vuotta ago"},"absolute_dates":{"created":"Posted on 13.11.2019","modified":"Updated on 22.2.2023"},"absolute_dates_time":{"created":"Posted on 13.11.2019 10:35","modified":"Updated on 22.2.2023 9:03"},"featured_img_caption":"","featured_img":false,"series_order":"","_links":{"self":[{"href":"https:\/\/www.granlunds.com\/fi\/wp-json\/wp\/v2\/pages\/542"}],"collection":[{"href":"https:\/\/www.granlunds.com\/fi\/wp-json\/wp\/v2\/pages"}],"about":[{"href":"https:\/\/www.granlunds.com\/fi\/wp-json\/wp\/v2\/types\/page"}],"author":[{"embeddable":true,"href":"https:\/\/www.granlunds.com\/fi\/wp-json\/wp\/v2\/users\/1"}],"replies":[{"embeddable":true,"href":"https:\/\/www.granlunds.com\/fi\/wp-json\/wp\/v2\/comments?post=542"}],"version-history":[{"count":10,"href":"https:\/\/www.granlunds.com\/fi\/wp-json\/wp\/v2\/pages\/542\/revisions"}],"predecessor-version":[{"id":6235,"href":"https:\/\/www.granlunds.com\/fi\/wp-json\/wp\/v2\/pages\/542\/revisions\/6235"}],"up":[{"embeddable":true,"href":"https:\/\/www.granlunds.com\/fi\/wp-json\/wp\/v2\/pages\/27"}],"wp:attachment":[{"href":"https:\/\/www.granlunds.com\/fi\/wp-json\/wp\/v2\/media?parent=542"}],"curies":[{"name":"wp","href":"https:\/\/api.w.org\/{rel}","templated":true}]}}