{"id":528,"date":"2019-11-11T11:47:21","date_gmt":"2019-11-11T10:47:21","guid":{"rendered":"https:\/\/www.granlunds.com\/wildlife\/kanin\/"},"modified":"2023-02-22T08:54:10","modified_gmt":"2023-02-22T06:54:10","slug":"kaniloukku","status":"publish","type":"page","link":"https:\/\/www.granlunds.com\/fi\/wildlife\/kaniloukku\/","title":{"rendered":"Kaniloukku"},"content":{"rendered":"\n<h1 class=\"h1-width wp-block-heading\"><em>Wildlife<\/em><\/h1>\n\n\n\n<div class=\"wp-block-columns is-layout-flex wp-container-core-columns-layout-1 wp-block-columns-is-layout-flex\">\n<div class=\"wp-block-column is-layout-flow wp-block-column-is-layout-flow\">\n<figure class=\"wp-block-image size-large\"><img fetchpriority=\"high\" decoding=\"async\" width=\"1024\" height=\"576\" src=\"https:\/\/www.granlunds.com\/wp-content\/uploads\/2022\/11\/kaninfalla-edited-1024x576.jpg\" alt=\"\" class=\"wp-image-5888\" srcset=\"https:\/\/www.granlunds.com\/wp-content\/uploads\/2022\/11\/kaninfalla-edited-1024x576.jpg 1024w, https:\/\/www.granlunds.com\/wp-content\/uploads\/2022\/11\/kaninfalla-edited-300x169.jpg 300w, https:\/\/www.granlunds.com\/wp-content\/uploads\/2022\/11\/kaninfalla-edited-768x432.jpg 768w, https:\/\/www.granlunds.com\/wp-content\/uploads\/2022\/11\/kaninfalla-edited-250x141.jpg 250w, https:\/\/www.granlunds.com\/wp-content\/uploads\/2022\/11\/kaninfalla-edited.jpg 1067w\" sizes=\"(max-width: 1024px) 100vw, 1024px\" \/><\/figure>\n<\/div>\n\n\n\n<div class=\"wp-block-column is-layout-flow wp-block-column-is-layout-flow\">\n<h2 class=\"wp-block-heading\"><em>Kaniloukku \u00d6F20,1<\/em><\/h2>\n\n\n\n<p>Pituus: 76 cm<br>Leveys: 31 cm<br>Korkeus: 36 cm<br>Paino: 4 kg<br>EAN\/GTIN: 6430063462011<br>Materiaali: Aluzink 1&#215;1\u00bd&#8221;, 2mm lanka.<br>Vahvistukset: Galvanisoitu lanka 4mm.<\/p>\n<\/div>\n<\/div>\n\n\n\n<div class=\"wp-block-columns is-layout-flex wp-container-core-columns-layout-2 wp-block-columns-is-layout-flex\">\n<div class=\"wp-block-column is-layout-flow wp-block-column-is-layout-flow\">\n<h2 class=\"wp-block-heading\">Kaneista<\/h2>\n\n\n\n<p>Kani on aktiivinen ja sosiaalinen el\u00e4in. Se el\u00e4\u00e4 yhdyskunnissa ja kaivaa  laajoja tunneleita, joissa on monta ulostuloaukkoa. Kanin pituus on  34\u201350 cm ja se painaa 1\u20132,5 kg. Kani saa 5\u20138 poikasen poikueita jopa nelj\u00e4 kertaa vuodessa. <\/p>\n<\/div>\n\n\n\n<div class=\"wp-block-column is-vertically-aligned-top is-layout-flow wp-block-column-is-layout-flow\">\n<figure class=\"wp-block-image size-large is-resized\"><img decoding=\"async\" src=\"https:\/\/www.granlunds.com\/wp-content\/uploads\/2019\/11\/kaninfalla-fangst-1-1024x480.jpg\" alt=\"\" class=\"wp-image-413\" width=\"584\" height=\"273\" srcset=\"https:\/\/www.granlunds.com\/wp-content\/uploads\/2019\/11\/kaninfalla-fangst-1-1024x480.jpg 1024w, https:\/\/www.granlunds.com\/wp-content\/uploads\/2019\/11\/kaninfalla-fangst-1-300x141.jpg 300w, https:\/\/www.granlunds.com\/wp-content\/uploads\/2019\/11\/kaninfalla-fangst-1-768x360.jpg 768w, https:\/\/www.granlunds.com\/wp-content\/uploads\/2019\/11\/kaninfalla-fangst-1.jpg 1280w\" sizes=\"(max-width: 584px) 100vw, 584px\" \/><\/figure>\n<\/div>\n<\/div>\n\n\n\n<h2 class=\"wp-block-heading\"><em>K\u00e4ytt\u00f6 <\/em><\/h2>\n\n\n\n<p>Virit\u00e4 loukku avaamalla sy\u00f6ttiluukku ja aseta sy\u00f6tti sis\u00e4lle. <strong>Sy\u00f6ttin\u00e4 voidaan k\u00e4ytt\u00e4\u00e4 omena tai p\u00e4\u00e4ryn\u00e4. Otetaan kokonainen hedelm\u00e4 ja astutaan sen p\u00e4\u00e4lle, jolloin se hajoaa mehukkaaksi kasaksi, koko kasa laitetaan loukkun sy\u00f6tinhyllyyn. Lis\u00e4hajua voi laittaa lorauttamalla omenan p\u00e4\u00e4lle viel\u00e4 v\u00e4h\u00e4n omenamenua.<\/strong><\/p>\n\n\n\n<p>Irrota salpa molemmilta puolilta ja avaa luukku. Aseta loukun laukaisin luukussa olevan vastakappaleen alle. Loukku sulkeutuu, kun kani astuu loukussa olevalle astimelle. <\/p>\n\n\n\n<h2 class=\"has-text-align-center reseller wp-block-heading\"><a href=\"https:\/\/www.granlunds.com\/fi\/wildlife\/jalleenmyyjat\"><em>Klikkaa t\u00e4st\u00e4 ja etsi j\u00e4lleenmyyj\u00e4si!<\/em><\/a><\/h2>\n\n\n\n<div style=\"height:34px\" aria-hidden=\"true\" class=\"wp-block-spacer\"><\/div>\n","protected":false},"excerpt":{"rendered":"<p>Kaniloukku \u00d6F20,1 Pituus: 76 cmLeveys: 31 cmKorkeus: 36 cmPaino: 4 kgEAN\/GTIN: 6430063462011Materiaali: Aluzink 1&#215;1\u00bd&#8221;, 2mm lanka.Vahvistukset: Galvanisoitu lanka 4mm. Kaneista Kani on aktiivinen ja sosiaalinen el\u00e4in. Se el\u00e4\u00e4 yhdyskunnissa ja kaivaa laajoja tunneleita, joissa on monta ulostuloaukkoa. Kanin pituus on 34\u201350 cm ja se painaa 1\u20132,5 kg. Kani saa 5\u20138 poikasen poikueita jopa nelj\u00e4 kertaa &#8230; <a title=\"Kaniloukku\" class=\"read-more\" href=\"https:\/\/www.granlunds.com\/fi\/wildlife\/kaniloukku\/\">Lue lis\u00e4\u00e4 <span class=\"screen-reader-text\">Kaniloukku<\/span><\/a><\/p>\n","protected":false},"author":1,"featured_media":0,"parent":27,"menu_order":0,"comment_status":"closed","ping_status":"closed","template":"","meta":{"advgb_blocks_editor_width":"","advgb_blocks_columns_visual_guide":"","footnotes":""},"coauthors":[],"author_meta":{"author_link":"https:\/\/www.granlunds.com\/fi\/author\/tommy\/","display_name":"tommy"},"relative_dates":{"created":"Julkaistu 6 vuotta sitten","modified":"P\u00e4ivitetty 3 vuotta sitten"},"absolute_dates":{"created":"Julkaistu 11.11.2019","modified":"P\u00e4ivitetty 22.2.2023"},"absolute_dates_time":{"created":"Julkaistu 11.11.2019 11:47","modified":"P\u00e4ivitetty 22.2.2023 8:54"},"featured_img_caption":"","featured_img":false,"series_order":"","_links":{"self":[{"href":"https:\/\/www.granlunds.com\/fi\/wp-json\/wp\/v2\/pages\/528"}],"collection":[{"href":"https:\/\/www.granlunds.com\/fi\/wp-json\/wp\/v2\/pages"}],"about":[{"href":"https:\/\/www.granlunds.com\/fi\/wp-json\/wp\/v2\/types\/page"}],"author":[{"embeddable":true,"href":"https:\/\/www.granlunds.com\/fi\/wp-json\/wp\/v2\/users\/1"}],"replies":[{"embeddable":true,"href":"https:\/\/www.granlunds.com\/fi\/wp-json\/wp\/v2\/comments?post=528"}],"version-history":[{"count":13,"href":"https:\/\/www.granlunds.com\/fi\/wp-json\/wp\/v2\/pages\/528\/revisions"}],"predecessor-version":[{"id":6225,"href":"https:\/\/www.granlunds.com\/fi\/wp-json\/wp\/v2\/pages\/528\/revisions\/6225"}],"up":[{"embeddable":true,"href":"https:\/\/www.granlunds.com\/fi\/wp-json\/wp\/v2\/pages\/27"}],"wp:attachment":[{"href":"https:\/\/www.granlunds.com\/fi\/wp-json\/wp\/v2\/media?parent=528"}],"curies":[{"name":"wp","href":"https:\/\/api.w.org\/{rel}","templated":true}]}}