{"id":4848,"date":"2022-01-20T13:29:11","date_gmt":"2022-01-20T11:29:11","guid":{"rendered":"https:\/\/www.granlunds.com\/?page_id=4848"},"modified":"2024-04-05T08:13:07","modified_gmt":"2024-04-05T05:13:07","slug":"jepo-tekniset-tiedot","status":"publish","type":"page","link":"https:\/\/www.granlunds.com\/fi\/jepo-koiratarha\/jepo-tekniset-tiedot\/","title":{"rendered":"Jepo tekniset tiedot"},"content":{"rendered":"\t\t<div data-elementor-type=\"wp-page\" data-elementor-id=\"4848\" class=\"elementor elementor-4848 elementor-4767\" data-elementor-post-type=\"page\">\n\t\t\t\t\t\t\t\t\t<section class=\"elementor-section elementor-top-section elementor-element elementor-element-02e1bd4 elementor-section-stretched elementor-section-boxed elementor-section-height-default elementor-section-height-default\" data-id=\"02e1bd4\" data-element_type=\"section\" data-settings=\"{&quot;stretch_section&quot;:&quot;section-stretched&quot;}\">\n\t\t\t\t\t\t<div class=\"elementor-container elementor-column-gap-no\">\n\t\t\t\t\t<div class=\"elementor-column elementor-col-100 elementor-top-column elementor-element elementor-element-4e49dd8\" data-id=\"4e49dd8\" data-element_type=\"column\" data-settings=\"{&quot;background_background&quot;:&quot;classic&quot;}\">\n\t\t\t<div class=\"elementor-widget-wrap elementor-element-populated\">\n\t\t\t\t\t\t\t\t<div class=\"elementor-element elementor-element-cd5604d elementor-widget elementor-widget-heading\" data-id=\"cd5604d\" data-element_type=\"widget\" data-widget_type=\"heading.default\">\n\t\t\t\t<div class=\"elementor-widget-container\">\n\t\t\t<h2 class=\"elementor-heading-title elementor-size-default\"><b>Tekniset tiedot JEPO koiratarha<\/b><\/h2>\t\t<\/div>\n\t\t\t\t<\/div>\n\t\t\t\t\t<\/div>\n\t\t<\/div>\n\t\t\t\t\t\t\t<\/div>\n\t\t<\/section>\n\t\t\t\t<section class=\"elementor-section elementor-top-section elementor-element elementor-element-6e482e5 elementor-section-stretched elementor-section-boxed elementor-section-height-default elementor-section-height-default\" data-id=\"6e482e5\" data-element_type=\"section\" data-settings=\"{&quot;stretch_section&quot;:&quot;section-stretched&quot;}\">\n\t\t\t\t\t\t<div class=\"elementor-container elementor-column-gap-no\">\n\t\t\t\t\t<div class=\"elementor-column elementor-col-100 elementor-top-column elementor-element elementor-element-42c5d1c\" data-id=\"42c5d1c\" data-element_type=\"column\">\n\t\t\t<div class=\"elementor-widget-wrap elementor-element-populated\">\n\t\t\t\t\t\t\t\t<div class=\"elementor-element elementor-element-b8f2eaf elementor-widget elementor-widget-spacer\" data-id=\"b8f2eaf\" data-element_type=\"widget\" data-widget_type=\"spacer.default\">\n\t\t\t\t<div class=\"elementor-widget-container\">\n\t\t\t\t\t<div class=\"elementor-spacer\">\n\t\t\t<div class=\"elementor-spacer-inner\"><\/div>\n\t\t<\/div>\n\t\t\t\t<\/div>\n\t\t\t\t<\/div>\n\t\t\t\t\t<\/div>\n\t\t<\/div>\n\t\t\t\t\t\t\t<\/div>\n\t\t<\/section>\n\t\t\t\t<section class=\"elementor-section elementor-top-section elementor-element elementor-element-70f2b9b elementor-section-stretched elementor-section-boxed elementor-section-height-default elementor-section-height-default\" data-id=\"70f2b9b\" data-element_type=\"section\" data-settings=\"{&quot;stretch_section&quot;:&quot;section-stretched&quot;}\">\n\t\t\t\t\t\t<div class=\"elementor-container elementor-column-gap-no\">\n\t\t\t\t\t<div class=\"elementor-column elementor-col-50 elementor-top-column elementor-element elementor-element-6e03827\" data-id=\"6e03827\" data-element_type=\"column\">\n\t\t\t<div class=\"elementor-widget-wrap elementor-element-populated\">\n\t\t\t\t\t\t\t\t<div class=\"elementor-element elementor-element-0bdea82 elementor-widget elementor-widget-image\" data-id=\"0bdea82\" data-element_type=\"widget\" data-widget_type=\"image.default\">\n\t\t\t\t<div class=\"elementor-widget-container\">\n\t\t\t\t\t\t\t\t\t\t\t\t\t\t\t<img decoding=\"async\" src=\"https:\/\/www.granlunds.com\/wp-content\/uploads\/elementor\/thumbs\/Jepo-Ovielementti-1024-1-q4j8q0ytz6ezm41mhmybtzuq649dma5me9p3c0rhxk.jpg\" title=\"Jepo-Ovielementti-1024-1.jpg\" alt=\"Jepo-Ovielementti-1024-1.jpg\" loading=\"lazy\" \/>\t\t\t\t\t\t\t\t\t\t\t\t\t\t\t<\/div>\n\t\t\t\t<\/div>\n\t\t\t\t\t<\/div>\n\t\t<\/div>\n\t\t\t\t<div class=\"elementor-column elementor-col-50 elementor-top-column elementor-element elementor-element-add7cb9\" data-id=\"add7cb9\" data-element_type=\"column\" data-settings=\"{&quot;background_background&quot;:&quot;classic&quot;}\">\n\t\t\t<div class=\"elementor-widget-wrap elementor-element-populated\">\n\t\t\t\t\t\t\t\t<div class=\"elementor-element elementor-element-301ba32 elementor-widget elementor-widget-heading\" data-id=\"301ba32\" data-element_type=\"widget\" data-widget_type=\"heading.default\">\n\t\t\t\t<div class=\"elementor-widget-container\">\n\t\t\t<h2 class=\"elementor-heading-title elementor-size-default\"><b>Edut<\/b><\/h2>\t\t<\/div>\n\t\t\t\t<\/div>\n\t\t\t\t<div class=\"elementor-element elementor-element-8e533b5 elementor-widget elementor-widget-text-editor\" data-id=\"8e533b5\" data-element_type=\"widget\" data-widget_type=\"text-editor.default\">\n\t\t\t\t<div class=\"elementor-widget-container\">\n\t\t\t\t\t\t\t<section class=\"elementor-section elementor-top-section elementor-element elementor-element-bc4d187 elementor-section-boxed elementor-section-height-default elementor-section-height-default\" data-id=\"bc4d187\" data-element_type=\"section\"><div class=\"elementor-container elementor-column-gap-default\"><div class=\"elementor-row\"><div class=\"elementor-column elementor-col-100 elementor-top-column elementor-element elementor-element-0135516\" data-id=\"0135516\" data-element_type=\"column\"><div class=\"elementor-column-wrap elementor-element-populated\"><div class=\"elementor-widget-wrap\"><div class=\"elementor-element elementor-element-0952424 elementor-widget elementor-widget-heading\" data-id=\"0952424\" data-element_type=\"widget\" data-widget_type=\"heading.default\"><div class=\"elementor-widget-container\"><ul><li><span style=\"color: #ffffff; font-family: var( --e-global-typography-text-font-family ), Open sans; font-weight: var( --e-global-typography-text-font-weight ); font-size: 18px;\">JEPO koiratarha on kotimainen tuote. Turvallisuus ja kest\u00e4vyys ovat olleet kehityksen avainsanoja.<\/span><\/li><li><span style=\"color: #ffffff;\">Koiratarhassa ei ole mink\u00e4\u00e4nlaisia rakoja johon esim. koiran tassut voi j\u00e4\u00e4d\u00e4 kiinni ja elementit tulevat t\u00e4ysin kiinni toisiinsa.<\/span><\/li><li><span style=\"color: #ffffff;\">Emme ole ikin\u00e4 kuulleet ett\u00e4 verkko irtoaisi rungosta.\u00a0<\/span><\/li><li><span style=\"color: #ffffff;\">10 vuoden takuu!<\/span><\/li><li><span style=\"color: #ffffff;\">Yhdistelet ja muuntelet tarhaa helposti ja saat v\u00e4lisein\u00e4n lis\u00e4\u00e4m\u00e4ll\u00e4 elementtej\u00e4 ja voit suurentaa tarhaa tarpeen mukaan.<\/span><\/li><\/ul><\/div><\/div><\/div><\/div><\/div><\/div><\/div><\/section>\t\t\t\t\t\t<\/div>\n\t\t\t\t<\/div>\n\t\t\t\t\t<\/div>\n\t\t<\/div>\n\t\t\t\t\t\t\t<\/div>\n\t\t<\/section>\n\t\t\t\t<section class=\"elementor-section elementor-top-section elementor-element elementor-element-0530003 elementor-section-stretched elementor-hidden-tablet elementor-hidden-mobile elementor-section-boxed elementor-section-height-default elementor-section-height-default\" data-id=\"0530003\" data-element_type=\"section\" data-settings=\"{&quot;stretch_section&quot;:&quot;section-stretched&quot;}\">\n\t\t\t\t\t\t<div class=\"elementor-container elementor-column-gap-no\">\n\t\t\t\t\t<div class=\"elementor-column elementor-col-100 elementor-top-column elementor-element elementor-element-9a48261\" data-id=\"9a48261\" data-element_type=\"column\">\n\t\t\t<div class=\"elementor-widget-wrap elementor-element-populated\">\n\t\t\t\t\t\t\t\t<div class=\"elementor-element elementor-element-4e7c023 elementor-widget elementor-widget-spacer\" data-id=\"4e7c023\" data-element_type=\"widget\" data-widget_type=\"spacer.default\">\n\t\t\t\t<div class=\"elementor-widget-container\">\n\t\t\t\t\t<div class=\"elementor-spacer\">\n\t\t\t<div class=\"elementor-spacer-inner\"><\/div>\n\t\t<\/div>\n\t\t\t\t<\/div>\n\t\t\t\t<\/div>\n\t\t\t\t\t<\/div>\n\t\t<\/div>\n\t\t\t\t\t\t\t<\/div>\n\t\t<\/section>\n\t\t\t\t<section class=\"elementor-section elementor-top-section elementor-element elementor-element-d005638 elementor-section-stretched elementor-section-boxed elementor-section-height-default elementor-section-height-default\" data-id=\"d005638\" data-element_type=\"section\" data-settings=\"{&quot;stretch_section&quot;:&quot;section-stretched&quot;}\">\n\t\t\t\t\t\t<div class=\"elementor-container elementor-column-gap-no\">\n\t\t\t\t\t<div class=\"elementor-column elementor-col-50 elementor-top-column elementor-element elementor-element-507d346\" data-id=\"507d346\" data-element_type=\"column\">\n\t\t\t<div class=\"elementor-widget-wrap elementor-element-populated\">\n\t\t\t\t\t\t\t\t<div class=\"elementor-element elementor-element-1737812 elementor-widget elementor-widget-image\" data-id=\"1737812\" data-element_type=\"widget\" data-widget_type=\"image.default\">\n\t\t\t\t<div class=\"elementor-widget-container\">\n\t\t\t\t\t\t\t\t\t\t\t\t\t\t\t<img decoding=\"async\" src=\"https:\/\/www.granlunds.com\/wp-content\/uploads\/elementor\/thumbs\/20200422_095158-scaled-1-q4j8xznlvnbfz6h6zkvjghibcn0btyrr5oo6peyf7s.jpg\" title=\"20200422_095158-scaled.jpg\" alt=\"20200422_095158-scaled.jpg\" loading=\"lazy\" \/>\t\t\t\t\t\t\t\t\t\t\t\t\t\t\t<\/div>\n\t\t\t\t<\/div>\n\t\t\t\t\t<\/div>\n\t\t<\/div>\n\t\t\t\t<div class=\"elementor-column elementor-col-50 elementor-top-column elementor-element elementor-element-068f808\" data-id=\"068f808\" data-element_type=\"column\" data-settings=\"{&quot;background_background&quot;:&quot;classic&quot;}\">\n\t\t\t<div class=\"elementor-widget-wrap elementor-element-populated\">\n\t\t\t\t\t\t\t\t<div class=\"elementor-element elementor-element-f29be5c elementor-widget elementor-widget-heading\" data-id=\"f29be5c\" data-element_type=\"widget\" data-widget_type=\"heading.default\">\n\t\t\t\t<div class=\"elementor-widget-container\">\n\t\t\t<h2 class=\"elementor-heading-title elementor-size-default\"><b>Tekniset tiedot<\/b><\/h2>\t\t<\/div>\n\t\t\t\t<\/div>\n\t\t\t\t<div class=\"elementor-element elementor-element-eae4869 elementor-widget elementor-widget-text-editor\" data-id=\"eae4869\" data-element_type=\"widget\" data-widget_type=\"text-editor.default\">\n\t\t\t\t<div class=\"elementor-widget-container\">\n\t\t\t\t\t\t\t<section class=\"elementor-section elementor-top-section elementor-element elementor-element-bc4d187 elementor-section-boxed elementor-section-height-default elementor-section-height-default\" data-id=\"bc4d187\" data-element_type=\"section\"><div class=\"elementor-container elementor-column-gap-default\"><div class=\"elementor-row\"><div class=\"elementor-column elementor-col-100 elementor-top-column elementor-element elementor-element-0135516\" data-id=\"0135516\" data-element_type=\"column\"><div class=\"elementor-column-wrap elementor-element-populated\"><div class=\"elementor-widget-wrap\"><div class=\"elementor-element elementor-element-0952424 elementor-widget elementor-widget-heading\" data-id=\"0952424\" data-element_type=\"widget\" data-widget_type=\"heading.default\"><div class=\"elementor-widget-container\"><ul><li><strong style=\"color: #ffffff; font-family: var( --e-global-typography-text-font-family ), Open sans; font-size: 18px;\">RUNKO:<\/strong><span style=\"color: #ffffff; font-family: var( --e-global-typography-text-font-family ), Open sans; font-weight: var( --e-global-typography-text-font-weight ); font-size: 18px;\">\u00a0Hitsattu alumiini neli\u00f6putki 30 x 30 x 2mm.<\/span><\/li><li><span style=\"color: #ffffff;\"><strong>VERKKO:<\/strong>\u00a0Aluzink-10, silm\u00e4koko 50 x 50mm, lanka 3mm.<\/span><\/li><li><span style=\"color: #ffffff;\"><strong>OVI:<\/strong>\u00a0Jousellinen ovi aukeaa sis\u00e4\u00e4np\u00e4in, lukitus ty\u00f6nt\u00f6salvalla.<\/span><\/li><li><span style=\"color: #ffffff;\"><strong>VERKON KIINNITYS:<\/strong>\u00a0Sinkitty vanneter\u00e4s popniitattu kiinni.<\/span><\/li><li><span style=\"color: #ffffff;\"><strong>KOKOAMINEN:<\/strong>\u00a0Kokoamiseen tarvitset vain 13mm:n kiintoavaimen. Kulmatuet, pultit ja mutterit kuuluu toimitukseen.<\/span><\/li><li><span style=\"color: #ffffff;\"><strong>TAKUU:<\/strong>\u00a010 vuoden takuu, edellytt\u00e4\u00e4 ett\u00e4 tarha on asennettu oikein.<\/span><\/li><\/ul><\/div><\/div><\/div><\/div><\/div><\/div><\/div><\/section>\t\t\t\t\t\t<\/div>\n\t\t\t\t<\/div>\n\t\t\t\t\t<\/div>\n\t\t<\/div>\n\t\t\t\t\t\t\t<\/div>\n\t\t<\/section>\n\t\t\t\t<section class=\"elementor-section elementor-top-section elementor-element elementor-element-e6018d0 elementor-section-stretched elementor-hidden-tablet elementor-hidden-mobile elementor-section-boxed elementor-section-height-default elementor-section-height-default\" data-id=\"e6018d0\" data-element_type=\"section\" data-settings=\"{&quot;stretch_section&quot;:&quot;section-stretched&quot;}\">\n\t\t\t\t\t\t<div class=\"elementor-container elementor-column-gap-no\">\n\t\t\t\t\t<div class=\"elementor-column elementor-col-100 elementor-top-column elementor-element elementor-element-b8f253c\" data-id=\"b8f253c\" data-element_type=\"column\">\n\t\t\t<div class=\"elementor-widget-wrap elementor-element-populated\">\n\t\t\t\t\t\t\t\t<div class=\"elementor-element elementor-element-08d3023 elementor-widget elementor-widget-spacer\" data-id=\"08d3023\" data-element_type=\"widget\" data-widget_type=\"spacer.default\">\n\t\t\t\t<div class=\"elementor-widget-container\">\n\t\t\t\t\t<div class=\"elementor-spacer\">\n\t\t\t<div class=\"elementor-spacer-inner\"><\/div>\n\t\t<\/div>\n\t\t\t\t<\/div>\n\t\t\t\t<\/div>\n\t\t\t\t\t<\/div>\n\t\t<\/div>\n\t\t\t\t\t\t\t<\/div>\n\t\t<\/section>\n\t\t\t\t<section class=\"elementor-section elementor-top-section elementor-element elementor-element-87876f0 elementor-section-stretched elementor-section-boxed elementor-section-height-default elementor-section-height-default\" data-id=\"87876f0\" data-element_type=\"section\" data-settings=\"{&quot;stretch_section&quot;:&quot;section-stretched&quot;}\">\n\t\t\t\t\t\t<div class=\"elementor-container elementor-column-gap-no\">\n\t\t\t\t\t<div class=\"elementor-column elementor-col-50 elementor-top-column elementor-element elementor-element-2fb8988\" data-id=\"2fb8988\" data-element_type=\"column\" data-settings=\"{&quot;background_background&quot;:&quot;classic&quot;}\">\n\t\t\t<div class=\"elementor-widget-wrap elementor-element-populated\">\n\t\t\t\t\t\t\t\t<div class=\"elementor-element elementor-element-60c3ff9 elementor-widget elementor-widget-image\" data-id=\"60c3ff9\" data-element_type=\"widget\" data-widget_type=\"image.default\">\n\t\t\t\t<div class=\"elementor-widget-container\">\n\t\t\t\t\t\t\t\t\t\t\t\t\t\t\t<img fetchpriority=\"high\" decoding=\"async\" width=\"450\" height=\"294\" src=\"https:\/\/www.granlunds.com\/wp-content\/uploads\/2023\/04\/Ovijousi-oikea-450x600-1-e1680424067583.jpg\" class=\"attachment-full size-full wp-image-7108\" alt=\"\" srcset=\"https:\/\/www.granlunds.com\/wp-content\/uploads\/2023\/04\/Ovijousi-oikea-450x600-1-e1680424067583.jpg 450w, https:\/\/www.granlunds.com\/wp-content\/uploads\/2023\/04\/Ovijousi-oikea-450x600-1-e1680424067583-300x196.jpg 300w, https:\/\/www.granlunds.com\/wp-content\/uploads\/2023\/04\/Ovijousi-oikea-450x600-1-e1680424067583-250x163.jpg 250w\" sizes=\"(max-width: 450px) 100vw, 450px\" \/>\t\t\t\t\t\t\t\t\t\t\t\t\t\t\t<\/div>\n\t\t\t\t<\/div>\n\t\t\t\t\t<\/div>\n\t\t<\/div>\n\t\t\t\t<div class=\"elementor-column elementor-col-50 elementor-top-column elementor-element elementor-element-e9ba6f4\" data-id=\"e9ba6f4\" data-element_type=\"column\" data-settings=\"{&quot;background_background&quot;:&quot;classic&quot;}\">\n\t\t\t<div class=\"elementor-widget-wrap elementor-element-populated\">\n\t\t\t\t\t\t\t\t<div class=\"elementor-element elementor-element-f1313cf elementor-widget elementor-widget-text-editor\" data-id=\"f1313cf\" data-element_type=\"widget\" data-widget_type=\"text-editor.default\">\n\t\t\t\t<div class=\"elementor-widget-container\">\n\t\t\t\t\t\t\t<section class=\"elementor-section elementor-top-section elementor-element elementor-element-bc4d187 elementor-section-boxed elementor-section-height-default elementor-section-height-default\" data-id=\"bc4d187\" data-element_type=\"section\"><div class=\"elementor-container elementor-column-gap-default\"><div class=\"elementor-row\"><div class=\"elementor-column elementor-col-100 elementor-top-column elementor-element elementor-element-0135516\" data-id=\"0135516\" data-element_type=\"column\"><div class=\"elementor-column-wrap elementor-element-populated\"><div class=\"elementor-widget-wrap\"><div class=\"elementor-element elementor-element-0952424 elementor-widget elementor-widget-heading\" data-id=\"0952424\" data-element_type=\"widget\" data-widget_type=\"heading.default\"><div class=\"elementor-widget-container\"><h2><span style=\"color: #ffffff;\">Ovijousi<\/span><\/h2><p><span style=\"color: #ffffff;\">Ovielementin palautujousi pit\u00e4\u00e4 oven kiinni ettei koira karkaa ulos tarhasta.<\/span><\/p><\/div><\/div><\/div><\/div><\/div><\/div><\/div><\/section><section class=\"elementor-section elementor-top-section elementor-element elementor-element-a3a1037 elementor-section-boxed elementor-section-height-default elementor-section-height-default\" data-id=\"a3a1037\" data-element_type=\"section\"><div class=\"elementor-container elementor-column-gap-default\"><div class=\"elementor-row\"><div class=\"elementor-column elementor-col-100 elementor-top-column elementor-element elementor-element-5894791\" data-id=\"5894791\" data-element_type=\"column\"><div class=\"elementor-column-wrap elementor-element-populated\"><div class=\"elementor-widget-wrap\"><div class=\"elementor-element elementor-element-f8f634b elementor-widget elementor-widget-text-editor\" data-id=\"f8f634b\" data-element_type=\"widget\" data-widget_type=\"text-editor.default\"><div class=\"elementor-widget-container\"><div class=\"elementor-text-editor elementor-clearfix\">\u00a0<\/div><\/div><\/div><\/div><\/div><\/div><\/div><\/div><\/section>\t\t\t\t\t\t<\/div>\n\t\t\t\t<\/div>\n\t\t\t\t\t<\/div>\n\t\t<\/div>\n\t\t\t\t\t\t\t<\/div>\n\t\t<\/section>\n\t\t\t\t<section class=\"elementor-section elementor-top-section elementor-element elementor-element-9734754 elementor-section-stretched elementor-hidden-tablet elementor-hidden-mobile elementor-section-boxed elementor-section-height-default elementor-section-height-default\" data-id=\"9734754\" data-element_type=\"section\" data-settings=\"{&quot;stretch_section&quot;:&quot;section-stretched&quot;}\">\n\t\t\t\t\t\t<div class=\"elementor-container elementor-column-gap-no\">\n\t\t\t\t\t<div class=\"elementor-column elementor-col-100 elementor-top-column elementor-element elementor-element-b506219\" data-id=\"b506219\" data-element_type=\"column\">\n\t\t\t<div class=\"elementor-widget-wrap elementor-element-populated\">\n\t\t\t\t\t\t\t\t<div class=\"elementor-element elementor-element-ea3e9d9 elementor-widget elementor-widget-spacer\" data-id=\"ea3e9d9\" data-element_type=\"widget\" data-widget_type=\"spacer.default\">\n\t\t\t\t<div class=\"elementor-widget-container\">\n\t\t\t\t\t<div class=\"elementor-spacer\">\n\t\t\t<div class=\"elementor-spacer-inner\"><\/div>\n\t\t<\/div>\n\t\t\t\t<\/div>\n\t\t\t\t<\/div>\n\t\t\t\t\t<\/div>\n\t\t<\/div>\n\t\t\t\t\t\t\t<\/div>\n\t\t<\/section>\n\t\t\t\t<section class=\"elementor-section elementor-top-section elementor-element elementor-element-b0cb3e8 elementor-section-stretched elementor-section-boxed elementor-section-height-default elementor-section-height-default\" data-id=\"b0cb3e8\" data-element_type=\"section\" data-settings=\"{&quot;stretch_section&quot;:&quot;section-stretched&quot;}\">\n\t\t\t\t\t\t<div class=\"elementor-container elementor-column-gap-no\">\n\t\t\t\t\t<div class=\"elementor-column elementor-col-50 elementor-top-column elementor-element elementor-element-e67b3ea\" data-id=\"e67b3ea\" data-element_type=\"column\">\n\t\t\t<div class=\"elementor-widget-wrap elementor-element-populated\">\n\t\t\t\t\t\t\t\t<div class=\"elementor-element elementor-element-b936fdd elementor-widget elementor-widget-image\" data-id=\"b936fdd\" data-element_type=\"widget\" data-widget_type=\"image.default\">\n\t\t\t\t<div class=\"elementor-widget-container\">\n\t\t\t\t\t\t\t\t\t\t\t\t\t\t\t<img decoding=\"async\" width=\"800\" height=\"502\" src=\"https:\/\/www.granlunds.com\/wp-content\/uploads\/2023\/04\/Verkon-kiinnitys-800.jpg\" class=\"attachment-large size-large wp-image-7111\" alt=\"\" srcset=\"https:\/\/www.granlunds.com\/wp-content\/uploads\/2023\/04\/Verkon-kiinnitys-800.jpg 800w, https:\/\/www.granlunds.com\/wp-content\/uploads\/2023\/04\/Verkon-kiinnitys-800-300x188.jpg 300w, https:\/\/www.granlunds.com\/wp-content\/uploads\/2023\/04\/Verkon-kiinnitys-800-768x482.jpg 768w, https:\/\/www.granlunds.com\/wp-content\/uploads\/2023\/04\/Verkon-kiinnitys-800-250x157.jpg 250w\" sizes=\"(max-width: 800px) 100vw, 800px\" \/>\t\t\t\t\t\t\t\t\t\t\t\t\t\t\t<\/div>\n\t\t\t\t<\/div>\n\t\t\t\t\t<\/div>\n\t\t<\/div>\n\t\t\t\t<div class=\"elementor-column elementor-col-50 elementor-top-column elementor-element elementor-element-c6058d3\" data-id=\"c6058d3\" data-element_type=\"column\" data-settings=\"{&quot;background_background&quot;:&quot;classic&quot;}\">\n\t\t\t<div class=\"elementor-widget-wrap elementor-element-populated\">\n\t\t\t\t\t\t\t\t<div class=\"elementor-element elementor-element-eeb590f elementor-widget elementor-widget-text-editor\" data-id=\"eeb590f\" data-element_type=\"widget\" data-widget_type=\"text-editor.default\">\n\t\t\t\t<div class=\"elementor-widget-container\">\n\t\t\t\t\t\t\t<section class=\"elementor-section elementor-top-section elementor-element elementor-element-bc4d187 elementor-section-boxed elementor-section-height-default elementor-section-height-default\" data-id=\"bc4d187\" data-element_type=\"section\">\n<div class=\"elementor-container elementor-column-gap-default\">\n<div class=\"elementor-row\">\n<div class=\"elementor-column elementor-col-100 elementor-top-column elementor-element elementor-element-0135516\" data-id=\"0135516\" data-element_type=\"column\">\n<div class=\"elementor-column-wrap elementor-element-populated\">\n<div class=\"elementor-widget-wrap\">\n<div class=\"elementor-element elementor-element-0952424 elementor-widget elementor-widget-heading\" data-id=\"0952424\" data-element_type=\"widget\" data-widget_type=\"heading.default\">\n<div class=\"elementor-widget-container\">\n<h2><font color=\"#ffffff\">Verkon kiinnitys<\/font><\/h2>\n<p><span style=\"color: #ffffff;\">Sinkitty vanneter\u00e4s kiinnitet\u00e4\u00e4n alu-popniiteill\u00e4&nbsp;alumiinirunkoon. Vanneter\u00e4s kiert\u00e4\u00e4 koko rungon.&nbsp;<\/span><\/p>\n<p><span style=\"color: #ffffff;\">T\u00e4m\u00e4 tapa kiinnitt\u00e4\u00e4 verkko runkoon on ainutlaatuista Jepo koiratarhassa, k\u00e4ytetty yli 30 vuoden kokemuksella.<\/span><\/p>\n<\/div>\n<\/div>\n<\/div>\n<\/div>\n<\/div>\n<\/div>\n<\/div>\n<\/section>\t\t\t\t\t\t<\/div>\n\t\t\t\t<\/div>\n\t\t\t\t\t<\/div>\n\t\t<\/div>\n\t\t\t\t\t\t\t<\/div>\n\t\t<\/section>\n\t\t\t\t<section class=\"elementor-section elementor-top-section elementor-element elementor-element-9a1d079 elementor-section-stretched elementor-section-boxed elementor-section-height-default elementor-section-height-default\" data-id=\"9a1d079\" data-element_type=\"section\" data-settings=\"{&quot;stretch_section&quot;:&quot;section-stretched&quot;}\">\n\t\t\t\t\t\t<div class=\"elementor-container elementor-column-gap-no\">\n\t\t\t\t\t<div class=\"elementor-column elementor-col-100 elementor-top-column elementor-element elementor-element-19543cc\" data-id=\"19543cc\" data-element_type=\"column\">\n\t\t\t<div class=\"elementor-widget-wrap elementor-element-populated\">\n\t\t\t\t\t\t\t\t<div class=\"elementor-element elementor-element-e9a689a elementor-widget elementor-widget-spacer\" data-id=\"e9a689a\" data-element_type=\"widget\" data-widget_type=\"spacer.default\">\n\t\t\t\t<div class=\"elementor-widget-container\">\n\t\t\t\t\t<div class=\"elementor-spacer\">\n\t\t\t<div class=\"elementor-spacer-inner\"><\/div>\n\t\t<\/div>\n\t\t\t\t<\/div>\n\t\t\t\t<\/div>\n\t\t\t\t\t<\/div>\n\t\t<\/div>\n\t\t\t\t\t\t\t<\/div>\n\t\t<\/section>\n\t\t\t\t\t\t\t<\/div>\n\t\t","protected":false},"excerpt":{"rendered":"<p>Tekniset tiedot JEPO koiratarha Edut JEPO koiratarha on kotimainen tuote. Turvallisuus ja kest\u00e4vyys ovat olleet kehityksen avainsanoja. Koiratarhassa ei ole mink\u00e4\u00e4nlaisia rakoja johon esim. koiran tassut voi j\u00e4\u00e4d\u00e4 kiinni ja elementit tulevat t\u00e4ysin kiinni toisiinsa. Emme ole ikin\u00e4 kuulleet ett\u00e4 verkko irtoaisi rungosta.\u00a0 10 vuoden takuu! Yhdistelet ja muuntelet tarhaa helposti ja saat v\u00e4lisein\u00e4n lis\u00e4\u00e4m\u00e4ll\u00e4 &#8230; <a title=\"Jepo tekniset tiedot\" class=\"read-more\" href=\"https:\/\/www.granlunds.com\/fi\/jepo-koiratarha\/jepo-tekniset-tiedot\/\">Lue lis\u00e4\u00e4 <span class=\"screen-reader-text\">Jepo tekniset tiedot<\/span><\/a><\/p>\n","protected":false},"author":3,"featured_media":0,"parent":1680,"menu_order":1,"comment_status":"closed","ping_status":"closed","template":"","meta":{"advgb_blocks_editor_width":"","advgb_blocks_columns_visual_guide":"","footnotes":""},"coauthors":[],"author_meta":{"author_link":"https:\/\/www.granlunds.com\/fi\/author\/kaj\/","display_name":"Kaj"},"relative_dates":{"created":"Julkaistu 4 vuotta sitten","modified":"P\u00e4ivitetty 2 vuotta sitten"},"absolute_dates":{"created":"Julkaistu 20.1.2022","modified":"P\u00e4ivitetty 5.4.2024"},"absolute_dates_time":{"created":"Julkaistu 20.1.2022 13:29","modified":"P\u00e4ivitetty 5.4.2024 8:13"},"featured_img_caption":"","featured_img":false,"series_order":"","_links":{"self":[{"href":"https:\/\/www.granlunds.com\/fi\/wp-json\/wp\/v2\/pages\/4848"}],"collection":[{"href":"https:\/\/www.granlunds.com\/fi\/wp-json\/wp\/v2\/pages"}],"about":[{"href":"https:\/\/www.granlunds.com\/fi\/wp-json\/wp\/v2\/types\/page"}],"author":[{"embeddable":true,"href":"https:\/\/www.granlunds.com\/fi\/wp-json\/wp\/v2\/users\/3"}],"replies":[{"embeddable":true,"href":"https:\/\/www.granlunds.com\/fi\/wp-json\/wp\/v2\/comments?post=4848"}],"version-history":[{"count":28,"href":"https:\/\/www.granlunds.com\/fi\/wp-json\/wp\/v2\/pages\/4848\/revisions"}],"predecessor-version":[{"id":9171,"href":"https:\/\/www.granlunds.com\/fi\/wp-json\/wp\/v2\/pages\/4848\/revisions\/9171"}],"up":[{"embeddable":true,"href":"https:\/\/www.granlunds.com\/fi\/wp-json\/wp\/v2\/pages\/1680"}],"wp:attachment":[{"href":"https:\/\/www.granlunds.com\/fi\/wp-json\/wp\/v2\/media?parent=4848"}],"curies":[{"name":"wp","href":"https:\/\/api.w.org\/{rel}","templated":true}]}}