{"id":4827,"date":"2022-01-20T12:05:44","date_gmt":"2022-01-20T10:05:44","guid":{"rendered":"https:\/\/www.granlunds.com\/?page_id=4827"},"modified":"2023-04-02T10:59:44","modified_gmt":"2023-04-02T07:59:44","slug":"jepo-toimituksia","status":"publish","type":"page","link":"https:\/\/www.granlunds.com\/fi\/jepo-koiratarha\/jepo-toimituksia\/","title":{"rendered":"Jepo toimituksia"},"content":{"rendered":"\t\t<div data-elementor-type=\"wp-page\" data-elementor-id=\"4827\" class=\"elementor elementor-4827 elementor-4748\" data-elementor-post-type=\"page\">\n\t\t\t\t\t\t\t\t\t<section class=\"elementor-section elementor-top-section elementor-element elementor-element-3851dfa elementor-section-stretched elementor-section-boxed elementor-section-height-default elementor-section-height-default\" data-id=\"3851dfa\" data-element_type=\"section\" data-settings=\"{&quot;stretch_section&quot;:&quot;section-stretched&quot;}\">\n\t\t\t\t\t\t<div class=\"elementor-container elementor-column-gap-default\">\n\t\t\t\t\t<div class=\"elementor-column elementor-col-100 elementor-top-column elementor-element elementor-element-a014c90\" data-id=\"a014c90\" data-element_type=\"column\" data-settings=\"{&quot;background_background&quot;:&quot;classic&quot;}\">\n\t\t\t<div class=\"elementor-widget-wrap elementor-element-populated\">\n\t\t\t\t\t\t\t\t<div class=\"elementor-element elementor-element-972f1a7 elementor-widget elementor-widget-heading\" data-id=\"972f1a7\" data-element_type=\"widget\" data-widget_type=\"heading.default\">\n\t\t\t\t<div class=\"elementor-widget-container\">\n\t\t\t<h2 class=\"elementor-heading-title elementor-size-default\"><b>Toimitukset ja noudot<\/b><\/h2>\t\t<\/div>\n\t\t\t\t<\/div>\n\t\t\t\t\t<\/div>\n\t\t<\/div>\n\t\t\t\t\t\t\t<\/div>\n\t\t<\/section>\n\t\t\t\t<section class=\"elementor-section elementor-top-section elementor-element elementor-element-ce843f6 elementor-section-stretched elementor-section-boxed elementor-section-height-default elementor-section-height-default\" data-id=\"ce843f6\" data-element_type=\"section\" data-settings=\"{&quot;stretch_section&quot;:&quot;section-stretched&quot;}\">\n\t\t\t\t\t\t<div class=\"elementor-container elementor-column-gap-no\">\n\t\t\t\t\t<div class=\"elementor-column elementor-col-100 elementor-top-column elementor-element elementor-element-2647833\" data-id=\"2647833\" data-element_type=\"column\">\n\t\t\t<div class=\"elementor-widget-wrap elementor-element-populated\">\n\t\t\t\t\t\t\t\t<div class=\"elementor-element elementor-element-9b3f6c9 elementor-widget elementor-widget-spacer\" data-id=\"9b3f6c9\" data-element_type=\"widget\" data-widget_type=\"spacer.default\">\n\t\t\t\t<div class=\"elementor-widget-container\">\n\t\t\t\t\t<div class=\"elementor-spacer\">\n\t\t\t<div class=\"elementor-spacer-inner\"><\/div>\n\t\t<\/div>\n\t\t\t\t<\/div>\n\t\t\t\t<\/div>\n\t\t\t\t\t<\/div>\n\t\t<\/div>\n\t\t\t\t\t\t\t<\/div>\n\t\t<\/section>\n\t\t\t\t<section class=\"elementor-section elementor-top-section elementor-element elementor-element-80b60ea elementor-section-stretched elementor-section-boxed elementor-section-height-default elementor-section-height-default\" data-id=\"80b60ea\" data-element_type=\"section\" data-settings=\"{&quot;stretch_section&quot;:&quot;section-stretched&quot;}\">\n\t\t\t\t\t\t<div class=\"elementor-container elementor-column-gap-no\">\n\t\t\t\t\t<div class=\"elementor-column elementor-col-50 elementor-top-column elementor-element elementor-element-e5070c6\" data-id=\"e5070c6\" data-element_type=\"column\">\n\t\t\t<div class=\"elementor-widget-wrap elementor-element-populated\">\n\t\t\t\t\t\t\t\t<div class=\"elementor-element elementor-element-743371a elementor-widget elementor-widget-image\" data-id=\"743371a\" data-element_type=\"widget\" data-widget_type=\"image.default\">\n\t\t\t\t<div class=\"elementor-widget-container\">\n\t\t\t\t\t\t\t\t\t\t\t\t\t\t\t<img fetchpriority=\"high\" decoding=\"async\" width=\"1024\" height=\"576\" src=\"https:\/\/www.granlunds.com\/wp-content\/uploads\/2021\/08\/20210818_143314-1024x576.jpg\" class=\"attachment-large size-large wp-image-3921\" alt=\"\" srcset=\"https:\/\/www.granlunds.com\/wp-content\/uploads\/2021\/08\/20210818_143314-1024x576.jpg 1024w, https:\/\/www.granlunds.com\/wp-content\/uploads\/2021\/08\/20210818_143314-300x169.jpg 300w, https:\/\/www.granlunds.com\/wp-content\/uploads\/2021\/08\/20210818_143314-768x432.jpg 768w, https:\/\/www.granlunds.com\/wp-content\/uploads\/2021\/08\/20210818_143314-1600x900.jpg 1600w, https:\/\/www.granlunds.com\/wp-content\/uploads\/2021\/08\/20210818_143314-1536x864.jpg 1536w, https:\/\/www.granlunds.com\/wp-content\/uploads\/2021\/08\/20210818_143314-2048x1152.jpg 2048w, https:\/\/www.granlunds.com\/wp-content\/uploads\/2021\/08\/20210818_143314-250x141.jpg 250w\" sizes=\"(max-width: 1024px) 100vw, 1024px\" \/>\t\t\t\t\t\t\t\t\t\t\t\t\t\t\t<\/div>\n\t\t\t\t<\/div>\n\t\t\t\t\t<\/div>\n\t\t<\/div>\n\t\t\t\t<div class=\"elementor-column elementor-col-50 elementor-top-column elementor-element elementor-element-be1ce3a\" data-id=\"be1ce3a\" data-element_type=\"column\" data-settings=\"{&quot;background_background&quot;:&quot;classic&quot;}\">\n\t\t\t<div class=\"elementor-widget-wrap elementor-element-populated\">\n\t\t\t\t\t\t\t\t<div class=\"elementor-element elementor-element-9f3ecac elementor-widget elementor-widget-heading\" data-id=\"9f3ecac\" data-element_type=\"widget\" data-widget_type=\"heading.default\">\n\t\t\t\t<div class=\"elementor-widget-container\">\n\t\t\t<h2 class=\"elementor-heading-title elementor-size-default\"><b>Toimitus<\/b><\/h2>\t\t<\/div>\n\t\t\t\t<\/div>\n\t\t\t\t<div class=\"elementor-element elementor-element-6948549 elementor-widget elementor-widget-text-editor\" data-id=\"6948549\" data-element_type=\"widget\" data-widget_type=\"text-editor.default\">\n\t\t\t\t<div class=\"elementor-widget-container\">\n\t\t\t\t\t\t\t<p>Kaikkiin hintoihin lis\u00e4t\u00e4\u00e4n toimituskulut jotka sis\u00e4lt\u00e4v\u00e4t tarhaelementtien kotiinkuljetuksen.<\/p><p>Jos tilauksenne sis\u00e4lt\u00e4\u00e4 vain muita, pienempi\u00e4 tuotteita kuten koirankopin tarvikkeita niin l\u00e4hetys toimitetaan l\u00e4himp\u00e4\u00e4n postiin.<\/p>\t\t\t\t\t\t<\/div>\n\t\t\t\t<\/div>\n\t\t\t\t\t<\/div>\n\t\t<\/div>\n\t\t\t\t\t\t\t<\/div>\n\t\t<\/section>\n\t\t\t\t<section class=\"elementor-section elementor-top-section elementor-element elementor-element-aa56f7e elementor-section-stretched elementor-hidden-tablet elementor-hidden-mobile elementor-section-boxed elementor-section-height-default elementor-section-height-default\" data-id=\"aa56f7e\" data-element_type=\"section\" data-settings=\"{&quot;stretch_section&quot;:&quot;section-stretched&quot;}\">\n\t\t\t\t\t\t<div class=\"elementor-container elementor-column-gap-no\">\n\t\t\t\t\t<div class=\"elementor-column elementor-col-100 elementor-top-column elementor-element elementor-element-e19cd59\" data-id=\"e19cd59\" data-element_type=\"column\">\n\t\t\t<div class=\"elementor-widget-wrap elementor-element-populated\">\n\t\t\t\t\t\t\t\t<div class=\"elementor-element elementor-element-65518cc elementor-widget elementor-widget-spacer\" data-id=\"65518cc\" data-element_type=\"widget\" data-widget_type=\"spacer.default\">\n\t\t\t\t<div class=\"elementor-widget-container\">\n\t\t\t\t\t<div class=\"elementor-spacer\">\n\t\t\t<div class=\"elementor-spacer-inner\"><\/div>\n\t\t<\/div>\n\t\t\t\t<\/div>\n\t\t\t\t<\/div>\n\t\t\t\t\t<\/div>\n\t\t<\/div>\n\t\t\t\t\t\t\t<\/div>\n\t\t<\/section>\n\t\t\t\t<section class=\"elementor-section elementor-top-section elementor-element elementor-element-bd9fcf4 elementor-section-stretched elementor-section-boxed elementor-section-height-default elementor-section-height-default\" data-id=\"bd9fcf4\" data-element_type=\"section\" data-settings=\"{&quot;stretch_section&quot;:&quot;section-stretched&quot;}\">\n\t\t\t\t\t\t<div class=\"elementor-container elementor-column-gap-no\">\n\t\t\t\t\t<div class=\"elementor-column elementor-col-50 elementor-top-column elementor-element elementor-element-ef0226d\" data-id=\"ef0226d\" data-element_type=\"column\">\n\t\t\t<div class=\"elementor-widget-wrap elementor-element-populated\">\n\t\t\t\t\t\t\t\t<div class=\"elementor-element elementor-element-cffa71d elementor-widget elementor-widget-image\" data-id=\"cffa71d\" data-element_type=\"widget\" data-widget_type=\"image.default\">\n\t\t\t\t<div class=\"elementor-widget-container\">\n\t\t\t\t\t\t\t\t\t\t\t\t\t\t\t<img decoding=\"async\" src=\"https:\/\/www.granlunds.com\/wp-content\/uploads\/elementor\/thumbs\/Jepo-koiratarha-toimitus-scaled-q4dwgp7fzhn3x7np6ctgb2gx6wlk0lyvsvs8rx30qw.jpg\" title=\"Jepo koiratarha toimitus\" alt=\"Jepo koiratarha toimitus\" loading=\"lazy\" \/>\t\t\t\t\t\t\t\t\t\t\t\t\t\t\t<\/div>\n\t\t\t\t<\/div>\n\t\t\t\t\t<\/div>\n\t\t<\/div>\n\t\t\t\t<div class=\"elementor-column elementor-col-50 elementor-top-column elementor-element elementor-element-edc60b8\" data-id=\"edc60b8\" data-element_type=\"column\" data-settings=\"{&quot;background_background&quot;:&quot;classic&quot;}\">\n\t\t\t<div class=\"elementor-widget-wrap elementor-element-populated\">\n\t\t\t\t\t\t\t\t<div class=\"elementor-element elementor-element-17ca6fc elementor-widget elementor-widget-heading\" data-id=\"17ca6fc\" data-element_type=\"widget\" data-widget_type=\"heading.default\">\n\t\t\t\t<div class=\"elementor-widget-container\">\n\t\t\t<h2 class=\"elementor-heading-title elementor-size-default\"><b>Nouto tehtaalta<\/b><\/h2>\t\t<\/div>\n\t\t\t\t<\/div>\n\t\t\t\t<div class=\"elementor-element elementor-element-e6b9c37 elementor-widget elementor-widget-text-editor\" data-id=\"e6b9c37\" data-element_type=\"widget\" data-widget_type=\"text-editor.default\">\n\t\t\t\t<div class=\"elementor-widget-container\">\n\t\t\t\t\t\t\t<p>Verkkokaupassa voit my\u00f6s valita toimitustavaksi, nouto tehtaalta, t\u00e4ysin ilman toimituskuluja.<\/p><p>Tehdas sijaitsee Munsalassa, Pohjanmaalla ja aukioloajat ovat maanantai-perjantai klo. 07-15, Noudosta sovittava etuk\u00e4teen.<\/p><p>Tilaamasi tuotteet voit my\u00f6skin noutaa Ostrocenterist\u00e4 Korsn\u00e4sissa, t\u00e4st\u00e4 onkin sovittava etuk\u00e4teen.<\/p>\t\t\t\t\t\t<\/div>\n\t\t\t\t<\/div>\n\t\t\t\t\t<\/div>\n\t\t<\/div>\n\t\t\t\t\t\t\t<\/div>\n\t\t<\/section>\n\t\t\t\t<section class=\"elementor-section elementor-top-section elementor-element elementor-element-52286ea elementor-section-stretched elementor-section-boxed elementor-section-height-default elementor-section-height-default\" data-id=\"52286ea\" data-element_type=\"section\" data-settings=\"{&quot;stretch_section&quot;:&quot;section-stretched&quot;}\">\n\t\t\t\t\t\t<div class=\"elementor-container elementor-column-gap-no\">\n\t\t\t\t\t<div class=\"elementor-column elementor-col-100 elementor-top-column elementor-element elementor-element-0543680\" data-id=\"0543680\" data-element_type=\"column\">\n\t\t\t<div class=\"elementor-widget-wrap elementor-element-populated\">\n\t\t\t\t\t\t\t\t<div class=\"elementor-element elementor-element-d733388 elementor-widget elementor-widget-spacer\" data-id=\"d733388\" data-element_type=\"widget\" data-widget_type=\"spacer.default\">\n\t\t\t\t<div class=\"elementor-widget-container\">\n\t\t\t\t\t<div class=\"elementor-spacer\">\n\t\t\t<div class=\"elementor-spacer-inner\"><\/div>\n\t\t<\/div>\n\t\t\t\t<\/div>\n\t\t\t\t<\/div>\n\t\t\t\t\t<\/div>\n\t\t<\/div>\n\t\t\t\t\t\t\t<\/div>\n\t\t<\/section>\n\t\t\t\t\t\t\t<\/div>\n\t\t","protected":false},"excerpt":{"rendered":"<p>Toimitukset ja noudot Toimitus Kaikkiin hintoihin lis\u00e4t\u00e4\u00e4n toimituskulut jotka sis\u00e4lt\u00e4v\u00e4t tarhaelementtien kotiinkuljetuksen. Jos tilauksenne sis\u00e4lt\u00e4\u00e4 vain muita, pienempi\u00e4 tuotteita kuten koirankopin tarvikkeita niin l\u00e4hetys toimitetaan l\u00e4himp\u00e4\u00e4n postiin. Nouto tehtaalta Verkkokaupassa voit my\u00f6s valita toimitustavaksi, nouto tehtaalta, t\u00e4ysin ilman toimituskuluja. Tehdas sijaitsee Munsalassa, Pohjanmaalla ja aukioloajat ovat maanantai-perjantai klo. 07-15, Noudosta sovittava etuk\u00e4teen. Tilaamasi tuotteet voit &#8230; <a title=\"Jepo toimituksia\" class=\"read-more\" href=\"https:\/\/www.granlunds.com\/fi\/jepo-koiratarha\/jepo-toimituksia\/\">Lue lis\u00e4\u00e4 <span class=\"screen-reader-text\">Jepo toimituksia<\/span><\/a><\/p>\n","protected":false},"author":3,"featured_media":0,"parent":1680,"menu_order":1,"comment_status":"closed","ping_status":"closed","template":"","meta":{"advgb_blocks_editor_width":"","advgb_blocks_columns_visual_guide":"","footnotes":""},"coauthors":[],"author_meta":{"author_link":"https:\/\/www.granlunds.com\/fi\/author\/kaj\/","display_name":"Kaj"},"relative_dates":{"created":"Julkaistu 4 vuotta sitten","modified":"P\u00e4ivitetty 3 vuotta sitten"},"absolute_dates":{"created":"Julkaistu 20.1.2022","modified":"P\u00e4ivitetty 2.4.2023"},"absolute_dates_time":{"created":"Julkaistu 20.1.2022 12:05","modified":"P\u00e4ivitetty 2.4.2023 10:59"},"featured_img_caption":"","featured_img":false,"series_order":"","_links":{"self":[{"href":"https:\/\/www.granlunds.com\/fi\/wp-json\/wp\/v2\/pages\/4827"}],"collection":[{"href":"https:\/\/www.granlunds.com\/fi\/wp-json\/wp\/v2\/pages"}],"about":[{"href":"https:\/\/www.granlunds.com\/fi\/wp-json\/wp\/v2\/types\/page"}],"author":[{"embeddable":true,"href":"https:\/\/www.granlunds.com\/fi\/wp-json\/wp\/v2\/users\/3"}],"replies":[{"embeddable":true,"href":"https:\/\/www.granlunds.com\/fi\/wp-json\/wp\/v2\/comments?post=4827"}],"version-history":[{"count":26,"href":"https:\/\/www.granlunds.com\/fi\/wp-json\/wp\/v2\/pages\/4827\/revisions"}],"predecessor-version":[{"id":6957,"href":"https:\/\/www.granlunds.com\/fi\/wp-json\/wp\/v2\/pages\/4827\/revisions\/6957"}],"up":[{"embeddable":true,"href":"https:\/\/www.granlunds.com\/fi\/wp-json\/wp\/v2\/pages\/1680"}],"wp:attachment":[{"href":"https:\/\/www.granlunds.com\/fi\/wp-json\/wp\/v2\/media?parent=4827"}],"curies":[{"name":"wp","href":"https:\/\/api.w.org\/{rel}","templated":true}]}}