{"id":4504,"date":"2022-01-20T12:15:00","date_gmt":"2022-01-20T10:15:00","guid":{"rendered":"https:\/\/www.granlunds.com\/jepo-koiratarha\/historia-jepo\/"},"modified":"2023-04-04T23:51:29","modified_gmt":"2023-04-04T20:51:29","slug":"jepo-historia","status":"publish","type":"page","link":"https:\/\/www.granlunds.com\/fi\/jepo-koiratarha\/jepo-historia\/","title":{"rendered":"Jepo Historia"},"content":{"rendered":"\t\t<div data-elementor-type=\"wp-page\" data-elementor-id=\"4504\" class=\"elementor elementor-4504 elementor-4484\" data-elementor-post-type=\"page\">\n\t\t\t\t\t\t\t\t\t<section class=\"elementor-section elementor-top-section elementor-element elementor-element-783d924 elementor-section-stretched elementor-section-boxed elementor-section-height-default elementor-section-height-default\" data-id=\"783d924\" data-element_type=\"section\" data-settings=\"{&quot;stretch_section&quot;:&quot;section-stretched&quot;}\">\n\t\t\t\t\t\t<div class=\"elementor-container elementor-column-gap-no\">\n\t\t\t\t\t<div class=\"elementor-column elementor-col-50 elementor-top-column elementor-element elementor-element-8d6bdcf\" data-id=\"8d6bdcf\" data-element_type=\"column\">\n\t\t\t<div class=\"elementor-widget-wrap elementor-element-populated\">\n\t\t\t\t\t\t\t\t<div class=\"elementor-element elementor-element-ec74fe3 elementor-widget elementor-widget-image\" data-id=\"ec74fe3\" data-element_type=\"widget\" data-widget_type=\"image.default\">\n\t\t\t\t<div class=\"elementor-widget-container\">\n\t\t\t\t\t\t\t\t\t\t\t\t\t\t\t<img decoding=\"async\" src=\"https:\/\/www.granlunds.com\/wp-content\/uploads\/elementor\/thumbs\/vachtelintarha-1-q4j9cfgcv130bji5obk89cc7upub2l3bh5fp3fjpmw.jpg\" title=\"vachtelintarha-1.jpg\" alt=\"vachtelintarha-1.jpg\" loading=\"lazy\" \/>\t\t\t\t\t\t\t\t\t\t\t\t\t\t\t<\/div>\n\t\t\t\t<\/div>\n\t\t\t\t\t<\/div>\n\t\t<\/div>\n\t\t\t\t<div class=\"elementor-column elementor-col-50 elementor-top-column elementor-element elementor-element-058498c\" data-id=\"058498c\" data-element_type=\"column\" data-settings=\"{&quot;background_background&quot;:&quot;classic&quot;}\">\n\t\t\t<div class=\"elementor-widget-wrap elementor-element-populated\">\n\t\t\t\t\t\t\t\t<div class=\"elementor-element elementor-element-7bbec12 elementor-widget elementor-widget-heading\" data-id=\"7bbec12\" data-element_type=\"widget\" data-widget_type=\"heading.default\">\n\t\t\t\t<div class=\"elementor-widget-container\">\n\t\t\t<h2 class=\"elementor-heading-title elementor-size-default\"><b>JEPO Koiratarha historia<\/b><\/h2>\t\t<\/div>\n\t\t\t\t<\/div>\n\t\t\t\t<div class=\"elementor-element elementor-element-1f6a5cc elementor-widget elementor-widget-text-editor\" data-id=\"1f6a5cc\" data-element_type=\"widget\" data-widget_type=\"text-editor.default\">\n\t\t\t\t<div class=\"elementor-widget-container\">\n\t\t\t\t\t\t\t<p><strong>1988<\/strong>\u00a0 JEPO Koiratarha tuli markkinoille sinkityll\u00e4 rungolla.<\/p>\t\t\t\t\t\t<\/div>\n\t\t\t\t<\/div>\n\t\t\t\t<div class=\"elementor-element elementor-element-9e1e6ff elementor-widget elementor-widget-text-editor\" data-id=\"9e1e6ff\" data-element_type=\"widget\" data-widget_type=\"text-editor.default\">\n\t\t\t\t<div class=\"elementor-widget-container\">\n\t\t\t\t\t\t\t<p><strong>2002<\/strong>\u00a0 Vaihdettiin alumiinirunkoon ja pienemp\u00e4\u00e4n verkon silm\u00e4kokoon, 50x50mm.<\/p>\t\t\t\t\t\t<\/div>\n\t\t\t\t<\/div>\n\t\t\t\t<div class=\"elementor-element elementor-element-d3662ea elementor-widget elementor-widget-text-editor\" data-id=\"d3662ea\" data-element_type=\"widget\" data-widget_type=\"text-editor.default\">\n\t\t\t\t<div class=\"elementor-widget-container\">\n\t\t\t\t\t\t\t<p><strong>2020<\/strong>\u00a0 Valmistus ja myynti siirtyy Ab Granlunds Wire Oy:lle. Elementit ovat yhteensopivia Junimegin valmistamien elementtien kanssa. Alumiininen runko ja vahva verkon kiinnitys ovat jatkossakin sama. Samoin elementtien kiinnitys toisiinsa pysyy samana.<\/p>\t\t\t\t\t\t<\/div>\n\t\t\t\t<\/div>\n\t\t\t\t\t<\/div>\n\t\t<\/div>\n\t\t\t\t\t\t\t<\/div>\n\t\t<\/section>\n\t\t\t\t<section class=\"elementor-section elementor-top-section elementor-element elementor-element-d8b9092 elementor-section-stretched elementor-section-boxed elementor-section-height-default elementor-section-height-default\" data-id=\"d8b9092\" data-element_type=\"section\" data-settings=\"{&quot;stretch_section&quot;:&quot;section-stretched&quot;}\">\n\t\t\t\t\t\t<div class=\"elementor-container elementor-column-gap-no\">\n\t\t\t\t\t<div class=\"elementor-column elementor-col-100 elementor-top-column elementor-element elementor-element-8f71250\" data-id=\"8f71250\" data-element_type=\"column\">\n\t\t\t<div class=\"elementor-widget-wrap elementor-element-populated\">\n\t\t\t\t\t\t\t\t<div class=\"elementor-element elementor-element-f72afcc elementor-widget elementor-widget-spacer\" data-id=\"f72afcc\" data-element_type=\"widget\" data-widget_type=\"spacer.default\">\n\t\t\t\t<div class=\"elementor-widget-container\">\n\t\t\t\t\t<div class=\"elementor-spacer\">\n\t\t\t<div class=\"elementor-spacer-inner\"><\/div>\n\t\t<\/div>\n\t\t\t\t<\/div>\n\t\t\t\t<\/div>\n\t\t\t\t\t<\/div>\n\t\t<\/div>\n\t\t\t\t\t\t\t<\/div>\n\t\t<\/section>\n\t\t\t\t\t\t\t<\/div>\n\t\t","protected":false},"excerpt":{"rendered":"<p>JEPO Koiratarha historia 1988\u00a0 JEPO Koiratarha tuli markkinoille sinkityll\u00e4 rungolla. 2002\u00a0 Vaihdettiin alumiinirunkoon ja pienemp\u00e4\u00e4n verkon silm\u00e4kokoon, 50x50mm. 2020\u00a0 Valmistus ja myynti siirtyy Ab Granlunds Wire Oy:lle. Elementit ovat yhteensopivia Junimegin valmistamien elementtien kanssa. Alumiininen runko ja vahva verkon kiinnitys ovat jatkossakin sama. Samoin elementtien kiinnitys toisiinsa pysyy samana.<\/p>\n","protected":false},"author":3,"featured_media":0,"parent":1680,"menu_order":1,"comment_status":"closed","ping_status":"closed","template":"","meta":{"advgb_blocks_editor_width":"","advgb_blocks_columns_visual_guide":"","footnotes":""},"coauthors":[],"author_meta":{"author_link":"https:\/\/www.granlunds.com\/fi\/author\/kaj\/","display_name":"Kaj"},"relative_dates":{"created":"Julkaistu 4 vuotta sitten","modified":"P\u00e4ivitetty 3 vuotta sitten"},"absolute_dates":{"created":"Julkaistu 20.1.2022","modified":"P\u00e4ivitetty 4.4.2023"},"absolute_dates_time":{"created":"Julkaistu 20.1.2022 12:15","modified":"P\u00e4ivitetty 4.4.2023 23:51"},"featured_img_caption":"","featured_img":false,"series_order":"","_links":{"self":[{"href":"https:\/\/www.granlunds.com\/fi\/wp-json\/wp\/v2\/pages\/4504"}],"collection":[{"href":"https:\/\/www.granlunds.com\/fi\/wp-json\/wp\/v2\/pages"}],"about":[{"href":"https:\/\/www.granlunds.com\/fi\/wp-json\/wp\/v2\/types\/page"}],"author":[{"embeddable":true,"href":"https:\/\/www.granlunds.com\/fi\/wp-json\/wp\/v2\/users\/3"}],"replies":[{"embeddable":true,"href":"https:\/\/www.granlunds.com\/fi\/wp-json\/wp\/v2\/comments?post=4504"}],"version-history":[{"count":25,"href":"https:\/\/www.granlunds.com\/fi\/wp-json\/wp\/v2\/pages\/4504\/revisions"}],"predecessor-version":[{"id":7128,"href":"https:\/\/www.granlunds.com\/fi\/wp-json\/wp\/v2\/pages\/4504\/revisions\/7128"}],"up":[{"embeddable":true,"href":"https:\/\/www.granlunds.com\/fi\/wp-json\/wp\/v2\/pages\/1680"}],"wp:attachment":[{"href":"https:\/\/www.granlunds.com\/fi\/wp-json\/wp\/v2\/media?parent=4504"}],"curies":[{"name":"wp","href":"https:\/\/api.w.org\/{rel}","templated":true}]}}