{"id":3408,"date":"2021-01-27T10:27:24","date_gmt":"2021-01-27T08:27:24","guid":{"rendered":"https:\/\/www.granlunds.com\/kauppa-kivikorit\/"},"modified":"2023-11-22T15:43:29","modified_gmt":"2023-11-22T13:43:29","slug":"kauppa-kivikorit","status":"publish","type":"page","link":"https:\/\/www.granlunds.com\/fi\/kauppa-kivikorit\/","title":{"rendered":"Kauppa &#8211; Kivikorit"},"content":{"rendered":"\t\t<div data-elementor-type=\"wp-page\" data-elementor-id=\"3408\" class=\"elementor elementor-3408 elementor-3208\" data-elementor-post-type=\"page\">\n\t\t\t\t\t\t\t\t\t<section class=\"elementor-section elementor-top-section elementor-element elementor-element-bdbebcf elementor-section-stretched elementor-section-boxed elementor-section-height-default elementor-section-height-default\" data-id=\"bdbebcf\" data-element_type=\"section\" data-settings=\"{&quot;stretch_section&quot;:&quot;section-stretched&quot;}\">\n\t\t\t\t\t\t<div class=\"elementor-container elementor-column-gap-default\">\n\t\t\t\t\t<div class=\"elementor-column elementor-col-100 elementor-top-column elementor-element elementor-element-0cd051c\" data-id=\"0cd051c\" data-element_type=\"column\" data-settings=\"{&quot;background_background&quot;:&quot;classic&quot;}\">\n\t\t\t<div class=\"elementor-widget-wrap elementor-element-populated\">\n\t\t\t\t\t\t\t\t<div class=\"elementor-element elementor-element-1487ee1 elementor-widget elementor-widget-heading\" data-id=\"1487ee1\" data-element_type=\"widget\" data-widget_type=\"heading.default\">\n\t\t\t\t<div class=\"elementor-widget-container\">\n\t\t\t<h2 class=\"elementor-heading-title elementor-size-default\"><b>Verkkokauppa - kivikorit<\/b><\/h2>\t\t<\/div>\n\t\t\t\t<\/div>\n\t\t\t\t<div class=\"elementor-element elementor-element-5b5b635 elementor-widget elementor-widget-text-editor\" data-id=\"5b5b635\" data-element_type=\"widget\" data-widget_type=\"text-editor.default\">\n\t\t\t\t<div class=\"elementor-widget-container\">\n\t\t\t\t\t\t\t<p>Verkkokaupasta voitte k\u00e4tev\u00e4sti tilata kivikoreja kierrelankaasennuksella, joka on nopea vaihtoehto pihaprojektillesi.<\/p>\t\t\t\t\t\t<\/div>\n\t\t\t\t<\/div>\n\t\t\t\t\t<\/div>\n\t\t<\/div>\n\t\t\t\t\t\t\t<\/div>\n\t\t<\/section>\n\t\t\t\t<section class=\"elementor-section elementor-top-section elementor-element elementor-element-ab8716a elementor-section-boxed elementor-section-height-default elementor-section-height-default\" data-id=\"ab8716a\" data-element_type=\"section\">\n\t\t\t\t\t\t<div class=\"elementor-container elementor-column-gap-default\">\n\t\t\t\t\t<div class=\"elementor-column elementor-col-100 elementor-top-column elementor-element elementor-element-6950a5a\" data-id=\"6950a5a\" data-element_type=\"column\">\n\t\t\t<div class=\"elementor-widget-wrap elementor-element-populated\">\n\t\t\t\t\t\t\t\t<div class=\"elementor-element elementor-element-e2f48dd elementor-widget elementor-widget-spacer\" data-id=\"e2f48dd\" data-element_type=\"widget\" data-widget_type=\"spacer.default\">\n\t\t\t\t<div class=\"elementor-widget-container\">\n\t\t\t\t\t<div class=\"elementor-spacer\">\n\t\t\t<div class=\"elementor-spacer-inner\"><\/div>\n\t\t<\/div>\n\t\t\t\t<\/div>\n\t\t\t\t<\/div>\n\t\t\t\t\t<\/div>\n\t\t<\/div>\n\t\t\t\t\t\t\t<\/div>\n\t\t<\/section>\n\t\t\t\t<section class=\"elementor-section elementor-top-section elementor-element elementor-element-7b50d07 elementor-section-stretched elementor-section-boxed elementor-section-height-default elementor-section-height-default\" data-id=\"7b50d07\" data-element_type=\"section\" data-settings=\"{&quot;stretch_section&quot;:&quot;section-stretched&quot;}\">\n\t\t\t\t\t\t<div class=\"elementor-container elementor-column-gap-default\">\n\t\t\t\t\t<div class=\"elementor-column elementor-col-100 elementor-top-column elementor-element elementor-element-7f3cc5a\" data-id=\"7f3cc5a\" data-element_type=\"column\">\n\t\t\t<div class=\"elementor-widget-wrap elementor-element-populated\">\n\t\t\t\t\t\t\t\t<div class=\"elementor-element elementor-element-b8bb0a1 elementor-grid-4 elementor-grid-tablet-3 elementor-grid-mobile-2 elementor-products-grid elementor-wc-products elementor-widget elementor-widget-wc-categories\" data-id=\"b8bb0a1\" data-element_type=\"widget\" data-widget_type=\"wc-categories.default\">\n\t\t\t\t<div class=\"elementor-widget-container\">\n\t\t\t<div class=\"woocommerce columns-4\"><ul class=\"products elementor-grid columns-4\">\n<li class=\"product-category product first\">\n\t<a aria-label=\"Visit product category Kivikorit 5 mm\" href=\"https:\/\/www.granlunds.com\/fi\/tuote-kategoria\/kivikorit-5mm\/\"><img fetchpriority=\"high\" decoding=\"async\" src=\"https:\/\/www.granlunds.com\/wp-content\/uploads\/2021\/01\/Kivikorikauppa-5mm-1-250x250.jpg\" alt=\"Kivikorit 5 mm\" width=\"250\" height=\"250\" srcset=\"https:\/\/www.granlunds.com\/wp-content\/uploads\/2021\/01\/Kivikorikauppa-5mm-1-250x250.jpg 250w, https:\/\/www.granlunds.com\/wp-content\/uploads\/2021\/01\/Kivikorikauppa-5mm-1-300x300.jpg 300w, https:\/\/www.granlunds.com\/wp-content\/uploads\/2021\/01\/Kivikorikauppa-5mm-1-150x150.jpg 150w, https:\/\/www.granlunds.com\/wp-content\/uploads\/2021\/01\/Kivikorikauppa-5mm-1-768x768.jpg 768w, https:\/\/www.granlunds.com\/wp-content\/uploads\/2021\/01\/Kivikorikauppa-5mm-1-100x100.jpg 100w, https:\/\/www.granlunds.com\/wp-content\/uploads\/2021\/01\/Kivikorikauppa-5mm-1.jpg 1000w\" sizes=\"(max-width: 250px) 100vw, 250px\" \/>\t\t<h2 class=\"woocommerce-loop-category__title\">\n\t\t\tKivikorit 5 mm <mark class=\"count\">(18)<\/mark>\t\t<\/h2>\n\t\t<\/a><\/li>\n<li class=\"product-category product\">\n\t<a aria-label=\"Visit product category Kivikorit 3mm\" href=\"https:\/\/www.granlunds.com\/fi\/tuote-kategoria\/kivikorit-3mm\/\"><img decoding=\"async\" src=\"https:\/\/www.granlunds.com\/wp-content\/uploads\/2021\/01\/Kivikorikauppa-3mm-1-250x250.jpg\" alt=\"Kivikorit 3mm\" width=\"250\" height=\"250\" srcset=\"https:\/\/www.granlunds.com\/wp-content\/uploads\/2021\/01\/Kivikorikauppa-3mm-1-250x250.jpg 250w, https:\/\/www.granlunds.com\/wp-content\/uploads\/2021\/01\/Kivikorikauppa-3mm-1-300x300.jpg 300w, https:\/\/www.granlunds.com\/wp-content\/uploads\/2021\/01\/Kivikorikauppa-3mm-1-150x150.jpg 150w, https:\/\/www.granlunds.com\/wp-content\/uploads\/2021\/01\/Kivikorikauppa-3mm-1-768x768.jpg 768w, https:\/\/www.granlunds.com\/wp-content\/uploads\/2021\/01\/Kivikorikauppa-3mm-1-100x100.jpg 100w, https:\/\/www.granlunds.com\/wp-content\/uploads\/2021\/01\/Kivikorikauppa-3mm-1.jpg 1000w\" sizes=\"(max-width: 250px) 100vw, 250px\" \/>\t\t<h2 class=\"woocommerce-loop-category__title\">\n\t\t\tKivikorit 3mm <mark class=\"count\">(14)<\/mark>\t\t<\/h2>\n\t\t<\/a><\/li>\n<li class=\"product-category product\">\n\t<a aria-label=\"Visit product category Kivimajakka\" href=\"https:\/\/www.granlunds.com\/fi\/tuote-kategoria\/kivimajakka\/\"><img decoding=\"async\" src=\"https:\/\/www.granlunds.com\/wp-content\/uploads\/2021\/01\/Paxal-1-kanttinen-250x250.jpg\" alt=\"Kivimajakka\" width=\"250\" height=\"250\" srcset=\"https:\/\/www.granlunds.com\/wp-content\/uploads\/2021\/01\/Paxal-1-kanttinen-250x251.jpg 250w, https:\/\/www.granlunds.com\/wp-content\/uploads\/2021\/01\/Paxal-1-kanttinen-1019x1024.jpg 1019w, https:\/\/www.granlunds.com\/wp-content\/uploads\/2021\/01\/Paxal-1-kanttinen-150x150.jpg 150w, https:\/\/www.granlunds.com\/wp-content\/uploads\/2021\/01\/Paxal-1-kanttinen-768x772.jpg 768w, https:\/\/www.granlunds.com\/wp-content\/uploads\/2021\/01\/Paxal-1-kanttinen-1528x1536.jpg 1528w, https:\/\/www.granlunds.com\/wp-content\/uploads\/2021\/01\/Paxal-1-kanttinen-100x100.jpg 100w, https:\/\/www.granlunds.com\/wp-content\/uploads\/2021\/01\/Paxal-1-kanttinen.jpg 1560w\" sizes=\"(max-width: 250px) 100vw, 250px\" \/>\t\t<h2 class=\"woocommerce-loop-category__title\">\n\t\t\tKivimajakka <mark class=\"count\">(6)<\/mark>\t\t<\/h2>\n\t\t<\/a><\/li>\n<li class=\"product-category product last\">\n\t<a aria-label=\"Visit product category Savustin ritil\u00e4\" href=\"https:\/\/www.granlunds.com\/fi\/tuote-kategoria\/savustin-ritila\/\"><img loading=\"lazy\" decoding=\"async\" src=\"https:\/\/www.granlunds.com\/wp-content\/uploads\/2019\/10\/rokgaller-250x250.jpg\" alt=\"Savustin ritil\u00e4\" width=\"250\" height=\"250\" srcset=\"https:\/\/www.granlunds.com\/wp-content\/uploads\/2019\/10\/rokgaller-250x250.jpg 250w, https:\/\/www.granlunds.com\/wp-content\/uploads\/2019\/10\/rokgaller-150x150.jpg 150w\" sizes=\"(max-width: 250px) 100vw, 250px\" \/>\t\t<h2 class=\"woocommerce-loop-category__title\">\n\t\t\tSavustin ritil\u00e4 <mark class=\"count\">(1)<\/mark>\t\t<\/h2>\n\t\t<\/a><\/li>\n<\/ul>\n<\/div>\t\t<\/div>\n\t\t\t\t<\/div>\n\t\t\t\t\t<\/div>\n\t\t<\/div>\n\t\t\t\t\t\t\t<\/div>\n\t\t<\/section>\n\t\t\t\t\t\t\t<\/div>\n\t\t","protected":false},"excerpt":{"rendered":"<p>Verkkokauppa &#8211; kivikorit Verkkokaupasta voitte k\u00e4tev\u00e4sti tilata kivikoreja kierrelankaasennuksella, joka on nopea vaihtoehto pihaprojektillesi.<\/p>\n","protected":false},"author":2,"featured_media":0,"parent":0,"menu_order":0,"comment_status":"closed","ping_status":"closed","template":"","meta":{"advgb_blocks_editor_width":"","advgb_blocks_columns_visual_guide":"","footnotes":""},"coauthors":[],"author_meta":{"author_link":"https:\/\/www.granlunds.com\/fi\/author\/jos\/","display_name":"jos"},"relative_dates":{"created":"Julkaistu 5 vuotta sitten","modified":"P\u00e4ivitetty 2 vuotta sitten"},"absolute_dates":{"created":"Julkaistu 27.1.2021","modified":"P\u00e4ivitetty 22.11.2023"},"absolute_dates_time":{"created":"Julkaistu 27.1.2021 10:27","modified":"P\u00e4ivitetty 22.11.2023 15:43"},"featured_img_caption":"","featured_img":false,"series_order":"","_links":{"self":[{"href":"https:\/\/www.granlunds.com\/fi\/wp-json\/wp\/v2\/pages\/3408"}],"collection":[{"href":"https:\/\/www.granlunds.com\/fi\/wp-json\/wp\/v2\/pages"}],"about":[{"href":"https:\/\/www.granlunds.com\/fi\/wp-json\/wp\/v2\/types\/page"}],"author":[{"embeddable":true,"href":"https:\/\/www.granlunds.com\/fi\/wp-json\/wp\/v2\/users\/2"}],"replies":[{"embeddable":true,"href":"https:\/\/www.granlunds.com\/fi\/wp-json\/wp\/v2\/comments?post=3408"}],"version-history":[{"count":38,"href":"https:\/\/www.granlunds.com\/fi\/wp-json\/wp\/v2\/pages\/3408\/revisions"}],"predecessor-version":[{"id":8659,"href":"https:\/\/www.granlunds.com\/fi\/wp-json\/wp\/v2\/pages\/3408\/revisions\/8659"}],"wp:attachment":[{"href":"https:\/\/www.granlunds.com\/fi\/wp-json\/wp\/v2\/media?parent=3408"}],"curies":[{"name":"wp","href":"https:\/\/api.w.org\/{rel}","templated":true}]}}