{"id":25,"date":"2019-10-24T13:14:24","date_gmt":"2019-10-24T11:14:24","guid":{"rendered":"https:\/\/www.granlunds.com\/?page_id=25"},"modified":"2020-09-13T13:57:33","modified_gmt":"2020-09-13T10:57:33","slug":"farm","status":"publish","type":"page","link":"https:\/\/www.granlunds.com\/fi\/farm\/","title":{"rendered":"H\u00e4kki, Pes\u00e4koppi ja Tarhaverkko"},"content":{"rendered":"\n<h1 class=\"h1-width wp-block-heading\">Farm<\/h1>\n\n\n\n<div class=\"wp-block-image\"><figure class=\"alignright\"><img fetchpriority=\"high\" decoding=\"async\" width=\"271\" height=\"406\" src=\"https:\/\/www.granlunds.com\/wp-content\/uploads\/2019\/11\/farm2.jpg\" alt=\"\" class=\"wp-image-316\" srcset=\"https:\/\/www.granlunds.com\/wp-content\/uploads\/2019\/11\/farm2.jpg 271w, https:\/\/www.granlunds.com\/wp-content\/uploads\/2019\/11\/farm2-200x300.jpg 200w\" sizes=\"(max-width: 271px) 100vw, 271px\" \/><\/figure><\/div>\n\n\n\n<p>Granlunds on Ostrocenterin tyt\u00e4ryhti\u00f6 ja sijaitsee Munsalassa,  Uudessakaarlepyyss\u00e4. Yrityksell\u00e4 on yli 50 vuoden kokemus h\u00e4kkien ja pes\u00e4koppien tuotannosta ja kehityksest\u00e4. Tuotekehitys toteutuu  l\u00e4heisess\u00e4 yhteisty\u00f6ss\u00e4 asiakkaidemme kanssa. Tarhaajat ovat kertoneet  meille uudistustarpeistaan ja me olemme, tarhaajan ty\u00f6kokemusta  hyv\u00e4ksik\u00e4ytt\u00e4en, valmistaneet parhaan mahdollisen tuotteen. Konekanta on  p\u00e4ivitetty asiakastoiveiden perusteella, vastaamaan t\u00e4m\u00e4n p\u00e4iv\u00e4n  tarpeita. <\/p>\n\n\n\n<p>Vuosien mittaan olemme kehitt\u00e4neet uusia tuotteita, my\u00f6s turkisalan  ulkopuolelta. L\u00e4hitulevaisuudessa aloitamme n\u00e4iden tuotteiden  markkinoinnin. <\/p>\n\n\n\n<p>N\u00e4hd\u00e4ksesi meid\u00e4n tarhatuotteemme: <a rel=\"noreferrer noopener\" aria-label=\" (\u00f6ppnas i en ny flik)\" href=\"https:\/\/www.granlunds.com\/wp-content\/uploads\/2019\/11\/ProduktkatalogFI.pdf\" target=\"_blank\">klikkaa t\u00e4st\u00e4<\/a> <\/p>\n\n\n\n<p>Verkkoa varastossa 2018: <a rel=\"noreferrer noopener\" aria-label=\" (\u00f6ppnas i en ny flik)\" href=\"https:\/\/www.granlunds.com\/wp-content\/uploads\/2019\/11\/MateriallistaFI.pdf\" target=\"_blank\">klikkaa t\u00e4st\u00e4<\/a><\/p>\n\n\n\n<div style=\"height:39px\" aria-hidden=\"true\" class=\"wp-block-spacer\"><\/div>\n\n\n\n<h1 class=\"h1-width wp-block-heading\"> Yhteisty\u00f6ntekij\u00e4t<\/h1>\n\n\n\n<figure class=\"wp-block-image\"><img decoding=\"async\" width=\"1024\" height=\"94\" src=\"https:\/\/www.granlunds.com\/wp-content\/uploads\/2019\/11\/wire4-1024x94.jpg\" alt=\"\" class=\"wp-image-312\" srcset=\"https:\/\/www.granlunds.com\/wp-content\/uploads\/2019\/11\/wire4-1024x94.jpg 1024w, https:\/\/www.granlunds.com\/wp-content\/uploads\/2019\/11\/wire4-300x27.jpg 300w, https:\/\/www.granlunds.com\/wp-content\/uploads\/2019\/11\/wire4-768x70.jpg 768w, https:\/\/www.granlunds.com\/wp-content\/uploads\/2019\/11\/wire4.jpg 1280w\" sizes=\"(max-width: 1024px) 100vw, 1024px\" \/><\/figure>\n","protected":false},"excerpt":{"rendered":"<p>Farm Granlunds on Ostrocenterin tyt\u00e4ryhti\u00f6 ja sijaitsee Munsalassa, Uudessakaarlepyyss\u00e4. Yrityksell\u00e4 on yli 50 vuoden kokemus h\u00e4kkien ja pes\u00e4koppien tuotannosta ja kehityksest\u00e4. Tuotekehitys toteutuu l\u00e4heisess\u00e4 yhteisty\u00f6ss\u00e4 asiakkaidemme kanssa. Tarhaajat ovat kertoneet meille uudistustarpeistaan ja me olemme, tarhaajan ty\u00f6kokemusta hyv\u00e4ksik\u00e4ytt\u00e4en, valmistaneet parhaan mahdollisen tuotteen. Konekanta on p\u00e4ivitetty asiakastoiveiden perusteella, vastaamaan t\u00e4m\u00e4n p\u00e4iv\u00e4n tarpeita. Vuosien mittaan olemme kehitt\u00e4neet &#8230; <a title=\"H\u00e4kki, Pes\u00e4koppi ja Tarhaverkko\" class=\"read-more\" href=\"https:\/\/www.granlunds.com\/fi\/farm\/\">Lue lis\u00e4\u00e4 <span class=\"screen-reader-text\">H\u00e4kki, Pes\u00e4koppi ja Tarhaverkko<\/span><\/a><\/p>\n","protected":false},"author":1,"featured_media":0,"parent":0,"menu_order":1,"comment_status":"closed","ping_status":"closed","template":"","meta":{"advgb_blocks_editor_width":"","advgb_blocks_columns_visual_guide":"","footnotes":""},"coauthors":[],"author_meta":{"author_link":"https:\/\/www.granlunds.com\/fi\/author\/tommy\/","display_name":"tommy"},"relative_dates":{"created":"Julkaistu 7 vuotta sitten","modified":"P\u00e4ivitetty 6 vuotta sitten"},"absolute_dates":{"created":"Julkaistu 24.10.2019","modified":"P\u00e4ivitetty 13.9.2020"},"absolute_dates_time":{"created":"Julkaistu 24.10.2019 13:14","modified":"P\u00e4ivitetty 13.9.2020 13:57"},"featured_img_caption":"","featured_img":false,"series_order":"","_links":{"self":[{"href":"https:\/\/www.granlunds.com\/fi\/wp-json\/wp\/v2\/pages\/25"}],"collection":[{"href":"https:\/\/www.granlunds.com\/fi\/wp-json\/wp\/v2\/pages"}],"about":[{"href":"https:\/\/www.granlunds.com\/fi\/wp-json\/wp\/v2\/types\/page"}],"author":[{"embeddable":true,"href":"https:\/\/www.granlunds.com\/fi\/wp-json\/wp\/v2\/users\/1"}],"replies":[{"embeddable":true,"href":"https:\/\/www.granlunds.com\/fi\/wp-json\/wp\/v2\/comments?post=25"}],"version-history":[{"count":7,"href":"https:\/\/www.granlunds.com\/fi\/wp-json\/wp\/v2\/pages\/25\/revisions"}],"predecessor-version":[{"id":2764,"href":"https:\/\/www.granlunds.com\/fi\/wp-json\/wp\/v2\/pages\/25\/revisions\/2764"}],"wp:attachment":[{"href":"https:\/\/www.granlunds.com\/fi\/wp-json\/wp\/v2\/media?parent=25"}],"curies":[{"name":"wp","href":"https:\/\/api.w.org\/{rel}","templated":true}]}}