{"id":1864,"date":"2020-02-17T12:44:44","date_gmt":"2020-02-17T10:44:44","guid":{"rendered":"https:\/\/www.granlunds.com\/my-account\/"},"modified":"2020-02-19T10:22:27","modified_gmt":"2020-02-19T08:22:27","slug":"oma-tili","status":"publish","type":"page","link":"https:\/\/www.granlunds.com\/fi\/oma-tili\/","title":{"rendered":"Oma tili"},"content":{"rendered":"<div class=\"woocommerce\"><\/div>\n","protected":false},"excerpt":{"rendered":"","protected":false},"author":1,"featured_media":0,"parent":0,"menu_order":0,"comment_status":"closed","ping_status":"closed","template":"","meta":{"advgb_blocks_editor_width":"","advgb_blocks_columns_visual_guide":"","footnotes":""},"coauthors":[],"author_meta":{"author_link":"https:\/\/www.granlunds.com\/fi\/author\/tommy\/","display_name":"tommy"},"relative_dates":{"created":"Julkaistu 6 vuotta sitten","modified":"P\u00e4ivitetty 6 vuotta sitten"},"absolute_dates":{"created":"Julkaistu 17.2.2020","modified":"P\u00e4ivitetty 19.2.2020"},"absolute_dates_time":{"created":"Julkaistu 17.2.2020 12:44","modified":"P\u00e4ivitetty 19.2.2020 10:22"},"featured_img_caption":"","featured_img":false,"series_order":"","_links":{"self":[{"href":"https:\/\/www.granlunds.com\/fi\/wp-json\/wp\/v2\/pages\/1864"}],"collection":[{"href":"https:\/\/www.granlunds.com\/fi\/wp-json\/wp\/v2\/pages"}],"about":[{"href":"https:\/\/www.granlunds.com\/fi\/wp-json\/wp\/v2\/types\/page"}],"author":[{"embeddable":true,"href":"https:\/\/www.granlunds.com\/fi\/wp-json\/wp\/v2\/users\/1"}],"replies":[{"embeddable":true,"href":"https:\/\/www.granlunds.com\/fi\/wp-json\/wp\/v2\/comments?post=1864"}],"version-history":[{"count":1,"href":"https:\/\/www.granlunds.com\/fi\/wp-json\/wp\/v2\/pages\/1864\/revisions"}],"predecessor-version":[{"id":1884,"href":"https:\/\/www.granlunds.com\/fi\/wp-json\/wp\/v2\/pages\/1864\/revisions\/1884"}],"wp:attachment":[{"href":"https:\/\/www.granlunds.com\/fi\/wp-json\/wp\/v2\/media?parent=1864"}],"curies":[{"name":"wp","href":"https:\/\/api.w.org\/{rel}","templated":true}]}}