{"id":10462,"date":"2026-01-30T12:50:35","date_gmt":"2026-01-30T10:50:35","guid":{"rendered":"https:\/\/www.granlunds.com\/?page_id=10462"},"modified":"2026-01-30T13:18:21","modified_gmt":"2026-01-30T11:18:21","slug":"verkkoseina-kayttoalue","status":"publish","type":"page","link":"https:\/\/www.granlunds.com\/fi\/verkkoseina-2\/verkkoseina-kayttoalue\/","title":{"rendered":"Verkkosein\u00e4 k\u00e4ytt\u00f6alue"},"content":{"rendered":"\t\t<div data-elementor-type=\"wp-page\" data-elementor-id=\"10462\" class=\"elementor elementor-10462 elementor-10396\" data-elementor-post-type=\"page\">\n\t\t\t\t\t\t\t\t\t<section class=\"elementor-section elementor-top-section elementor-element elementor-element-490f937 elementor-section-stretched elementor-section-boxed elementor-section-height-default elementor-section-height-default\" data-id=\"490f937\" data-element_type=\"section\" data-settings=\"{&quot;stretch_section&quot;:&quot;section-stretched&quot;}\">\n\t\t\t\t\t\t<div class=\"elementor-container elementor-column-gap-no\">\n\t\t\t\t\t<div class=\"elementor-column elementor-col-100 elementor-top-column elementor-element elementor-element-8467cb1\" data-id=\"8467cb1\" data-element_type=\"column\" data-settings=\"{&quot;background_background&quot;:&quot;classic&quot;}\">\n\t\t\t<div class=\"elementor-widget-wrap elementor-element-populated\">\n\t\t\t\t\t\t\t\t<div class=\"elementor-element elementor-element-6fa7214 elementor-widget elementor-widget-heading\" data-id=\"6fa7214\" data-element_type=\"widget\" data-widget_type=\"heading.default\">\n\t\t\t\t<div class=\"elementor-widget-container\">\n\t\t\t<h2 class=\"elementor-heading-title elementor-size-default\"><b>Verkkosein\u00e4t k\u00e4ytt\u00f6alueet<\/b><\/h2>\t\t<\/div>\n\t\t\t\t<\/div>\n\t\t\t\t\t<\/div>\n\t\t<\/div>\n\t\t\t\t\t\t\t<\/div>\n\t\t<\/section>\n\t\t\t\t<section class=\"elementor-section elementor-top-section elementor-element elementor-element-b6260c6 elementor-section-stretched elementor-section-boxed elementor-section-height-default elementor-section-height-default\" data-id=\"b6260c6\" data-element_type=\"section\" data-settings=\"{&quot;stretch_section&quot;:&quot;section-stretched&quot;}\">\n\t\t\t\t\t\t<div class=\"elementor-container elementor-column-gap-no\">\n\t\t\t\t\t<div class=\"elementor-column elementor-col-100 elementor-top-column elementor-element elementor-element-c52272a\" data-id=\"c52272a\" data-element_type=\"column\">\n\t\t\t<div class=\"elementor-widget-wrap elementor-element-populated\">\n\t\t\t\t\t\t\t\t<div class=\"elementor-element elementor-element-4109a48 elementor-widget elementor-widget-spacer\" data-id=\"4109a48\" data-element_type=\"widget\" data-widget_type=\"spacer.default\">\n\t\t\t\t<div class=\"elementor-widget-container\">\n\t\t\t\t\t<div class=\"elementor-spacer\">\n\t\t\t<div class=\"elementor-spacer-inner\"><\/div>\n\t\t<\/div>\n\t\t\t\t<\/div>\n\t\t\t\t<\/div>\n\t\t\t\t\t<\/div>\n\t\t<\/div>\n\t\t\t\t\t\t\t<\/div>\n\t\t<\/section>\n\t\t\t\t<section class=\"elementor-section elementor-top-section elementor-element elementor-element-b6667b8 elementor-section-stretched elementor-section-boxed elementor-section-height-default elementor-section-height-default\" data-id=\"b6667b8\" data-element_type=\"section\" data-settings=\"{&quot;stretch_section&quot;:&quot;section-stretched&quot;}\">\n\t\t\t\t\t\t<div class=\"elementor-container elementor-column-gap-no\">\n\t\t\t\t\t<div class=\"elementor-column elementor-col-66 elementor-top-column elementor-element elementor-element-a24da01\" data-id=\"a24da01\" data-element_type=\"column\">\n\t\t\t<div class=\"elementor-widget-wrap elementor-element-populated\">\n\t\t\t\t\t\t\t\t<div class=\"elementor-element elementor-element-dde0219 elementor-widget elementor-widget-image\" data-id=\"dde0219\" data-element_type=\"widget\" data-widget_type=\"image.default\">\n\t\t\t\t<div class=\"elementor-widget-container\">\n\t\t\t\t\t\t\t\t\t\t\t\t\t\t\t<img fetchpriority=\"high\" decoding=\"async\" width=\"1024\" height=\"628\" src=\"https:\/\/www.granlunds.com\/wp-content\/uploads\/2026\/01\/Fresh-1-scaled-e1769759431906-1-1024x628.jpg\" class=\"attachment-large size-large wp-image-10466\" alt=\"\" srcset=\"https:\/\/www.granlunds.com\/wp-content\/uploads\/2026\/01\/Fresh-1-scaled-e1769759431906-1-1024x628.jpg 1024w, https:\/\/www.granlunds.com\/wp-content\/uploads\/2026\/01\/Fresh-1-scaled-e1769759431906-1-300x184.jpg 300w, https:\/\/www.granlunds.com\/wp-content\/uploads\/2026\/01\/Fresh-1-scaled-e1769759431906-1-768x471.jpg 768w, https:\/\/www.granlunds.com\/wp-content\/uploads\/2026\/01\/Fresh-1-scaled-e1769759431906-1-50x31.jpg 50w, https:\/\/www.granlunds.com\/wp-content\/uploads\/2026\/01\/Fresh-1-scaled-e1769759431906-1-1600x982.jpg 1600w, https:\/\/www.granlunds.com\/wp-content\/uploads\/2026\/01\/Fresh-1-scaled-e1769759431906-1-1536x943.jpg 1536w, https:\/\/www.granlunds.com\/wp-content\/uploads\/2026\/01\/Fresh-1-scaled-e1769759431906-1-250x153.jpg 250w, https:\/\/www.granlunds.com\/wp-content\/uploads\/2026\/01\/Fresh-1-scaled-e1769759431906-1.jpg 1877w\" sizes=\"(max-width: 1024px) 100vw, 1024px\" \/>\t\t\t\t\t\t\t\t\t\t\t\t\t\t\t<\/div>\n\t\t\t\t<\/div>\n\t\t\t\t\t<\/div>\n\t\t<\/div>\n\t\t\t\t<div class=\"elementor-column elementor-col-33 elementor-top-column elementor-element elementor-element-b4ae499\" data-id=\"b4ae499\" data-element_type=\"column\" data-settings=\"{&quot;background_background&quot;:&quot;classic&quot;}\">\n\t\t\t<div class=\"elementor-widget-wrap elementor-element-populated\">\n\t\t\t\t\t\t\t\t<div class=\"elementor-element elementor-element-a443319 elementor-widget elementor-widget-heading\" data-id=\"a443319\" data-element_type=\"widget\" data-widget_type=\"heading.default\">\n\t\t\t\t<div class=\"elementor-widget-container\">\n\t\t\t<h2 class=\"elementor-heading-title elementor-size-default\"><b>Kaasuasema<\/b><\/h2>\t\t<\/div>\n\t\t\t\t<\/div>\n\t\t\t\t<div class=\"elementor-element elementor-element-276bd86 elementor-widget elementor-widget-text-editor\" data-id=\"276bd86\" data-element_type=\"widget\" data-widget_type=\"text-editor.default\">\n\t\t\t\t<div class=\"elementor-widget-container\">\n\t\t\t\t\t\t\t<p>Lukittava aitaus kaasus\u00e4ili\u00f6n ymp\u00e4ri.<br \/>Korkeusvaatimus 2,5m<\/p>\t\t\t\t\t\t<\/div>\n\t\t\t\t<\/div>\n\t\t\t\t\t<\/div>\n\t\t<\/div>\n\t\t\t\t\t\t\t<\/div>\n\t\t<\/section>\n\t\t\t\t<section class=\"elementor-section elementor-top-section elementor-element elementor-element-6b72e20 elementor-section-stretched elementor-section-boxed elementor-section-height-default elementor-section-height-default\" data-id=\"6b72e20\" data-element_type=\"section\" data-settings=\"{&quot;stretch_section&quot;:&quot;section-stretched&quot;}\">\n\t\t\t\t\t\t<div class=\"elementor-container elementor-column-gap-no\">\n\t\t\t\t\t<div class=\"elementor-column elementor-col-100 elementor-top-column elementor-element elementor-element-bf1864a\" data-id=\"bf1864a\" data-element_type=\"column\">\n\t\t\t<div class=\"elementor-widget-wrap elementor-element-populated\">\n\t\t\t\t\t\t\t\t<div class=\"elementor-element elementor-element-2e64924 elementor-widget elementor-widget-spacer\" data-id=\"2e64924\" data-element_type=\"widget\" data-widget_type=\"spacer.default\">\n\t\t\t\t<div class=\"elementor-widget-container\">\n\t\t\t\t\t<div class=\"elementor-spacer\">\n\t\t\t<div class=\"elementor-spacer-inner\"><\/div>\n\t\t<\/div>\n\t\t\t\t<\/div>\n\t\t\t\t<\/div>\n\t\t\t\t\t<\/div>\n\t\t<\/div>\n\t\t\t\t\t\t\t<\/div>\n\t\t<\/section>\n\t\t\t\t<section class=\"elementor-section elementor-top-section elementor-element elementor-element-adb4add elementor-section-stretched elementor-section-boxed elementor-section-height-default elementor-section-height-default\" data-id=\"adb4add\" data-element_type=\"section\" data-settings=\"{&quot;stretch_section&quot;:&quot;section-stretched&quot;}\">\n\t\t\t\t\t\t<div class=\"elementor-container elementor-column-gap-no\">\n\t\t\t\t\t<div class=\"elementor-column elementor-col-50 elementor-top-column elementor-element elementor-element-dd6da2e\" data-id=\"dd6da2e\" data-element_type=\"column\">\n\t\t\t<div class=\"elementor-widget-wrap elementor-element-populated\">\n\t\t\t\t\t\t\t\t<div class=\"elementor-element elementor-element-82edabe elementor-widget elementor-widget-image\" data-id=\"82edabe\" data-element_type=\"widget\" data-widget_type=\"image.default\">\n\t\t\t\t<div class=\"elementor-widget-container\">\n\t\t\t\t\t\t\t\t\t\t\t\t\t\t\t<img decoding=\"async\" width=\"822\" height=\"1024\" src=\"https:\/\/www.granlunds.com\/wp-content\/uploads\/2026\/01\/Hybridiarena-4-1-822x1024.jpg\" class=\"attachment-large size-large wp-image-10469\" alt=\"\" srcset=\"https:\/\/www.granlunds.com\/wp-content\/uploads\/2026\/01\/Hybridiarena-4-1-822x1024.jpg 822w, https:\/\/www.granlunds.com\/wp-content\/uploads\/2026\/01\/Hybridiarena-4-1-241x300.jpg 241w, https:\/\/www.granlunds.com\/wp-content\/uploads\/2026\/01\/Hybridiarena-4-1-768x957.jpg 768w, https:\/\/www.granlunds.com\/wp-content\/uploads\/2026\/01\/Hybridiarena-4-1-50x62.jpg 50w, https:\/\/www.granlunds.com\/wp-content\/uploads\/2026\/01\/Hybridiarena-4-1-1600x1993.jpg 1600w, https:\/\/www.granlunds.com\/wp-content\/uploads\/2026\/01\/Hybridiarena-4-1-1233x1536.jpg 1233w, https:\/\/www.granlunds.com\/wp-content\/uploads\/2026\/01\/Hybridiarena-4-1-1644x2048.jpg 1644w, https:\/\/www.granlunds.com\/wp-content\/uploads\/2026\/01\/Hybridiarena-4-1-250x311.jpg 250w, https:\/\/www.granlunds.com\/wp-content\/uploads\/2026\/01\/Hybridiarena-4-1.jpg 1800w\" sizes=\"(max-width: 822px) 100vw, 822px\" \/>\t\t\t\t\t\t\t\t\t\t\t\t\t\t\t<\/div>\n\t\t\t\t<\/div>\n\t\t\t\t\t<\/div>\n\t\t<\/div>\n\t\t\t\t<div class=\"elementor-column elementor-col-50 elementor-top-column elementor-element elementor-element-1d35a08\" data-id=\"1d35a08\" data-element_type=\"column\" data-settings=\"{&quot;background_background&quot;:&quot;classic&quot;}\">\n\t\t\t<div class=\"elementor-widget-wrap elementor-element-populated\">\n\t\t\t\t\t\t\t\t<div class=\"elementor-element elementor-element-e87d88e elementor-widget elementor-widget-heading\" data-id=\"e87d88e\" data-element_type=\"widget\" data-widget_type=\"heading.default\">\n\t\t\t\t<div class=\"elementor-widget-container\">\n\t\t\t<h2 class=\"elementor-heading-title elementor-size-default\"><b>Muuntamo<\/b><\/h2>\t\t<\/div>\n\t\t\t\t<\/div>\n\t\t\t\t<div class=\"elementor-element elementor-element-852314e elementor-widget elementor-widget-text-editor\" data-id=\"852314e\" data-element_type=\"widget\" data-widget_type=\"text-editor.default\">\n\t\t\t\t<div class=\"elementor-widget-container\">\n\t\t\t\t\t\t\t<p>Muuntamon verkkosein\u00e4 korkeilla turvallisuusvaatimuksilla.<br \/>Korkea sein\u00e4 pienell\u00e4 verkon silm\u00e4koolla.<\/p>\t\t\t\t\t\t<\/div>\n\t\t\t\t<\/div>\n\t\t\t\t\t<\/div>\n\t\t<\/div>\n\t\t\t\t\t\t\t<\/div>\n\t\t<\/section>\n\t\t\t\t<section class=\"elementor-section elementor-top-section elementor-element elementor-element-7b27367 elementor-section-stretched elementor-section-boxed elementor-section-height-default elementor-section-height-default\" data-id=\"7b27367\" data-element_type=\"section\" data-settings=\"{&quot;stretch_section&quot;:&quot;section-stretched&quot;}\">\n\t\t\t\t\t\t<div class=\"elementor-container elementor-column-gap-no\">\n\t\t\t\t\t<div class=\"elementor-column elementor-col-100 elementor-top-column elementor-element elementor-element-8c82c89\" data-id=\"8c82c89\" data-element_type=\"column\">\n\t\t\t<div class=\"elementor-widget-wrap elementor-element-populated\">\n\t\t\t\t\t\t\t\t<div class=\"elementor-element elementor-element-0867621 elementor-widget elementor-widget-spacer\" data-id=\"0867621\" data-element_type=\"widget\" data-widget_type=\"spacer.default\">\n\t\t\t\t<div class=\"elementor-widget-container\">\n\t\t\t\t\t<div class=\"elementor-spacer\">\n\t\t\t<div class=\"elementor-spacer-inner\"><\/div>\n\t\t<\/div>\n\t\t\t\t<\/div>\n\t\t\t\t<\/div>\n\t\t\t\t\t<\/div>\n\t\t<\/div>\n\t\t\t\t\t\t\t<\/div>\n\t\t<\/section>\n\t\t\t\t<section class=\"elementor-section elementor-top-section elementor-element elementor-element-327ad3c elementor-section-stretched elementor-section-boxed elementor-section-height-default elementor-section-height-default\" data-id=\"327ad3c\" data-element_type=\"section\" data-settings=\"{&quot;stretch_section&quot;:&quot;section-stretched&quot;}\">\n\t\t\t\t\t\t<div class=\"elementor-container elementor-column-gap-no\">\n\t\t\t\t\t<div class=\"elementor-column elementor-col-66 elementor-top-column elementor-element elementor-element-cedecc0\" data-id=\"cedecc0\" data-element_type=\"column\">\n\t\t\t<div class=\"elementor-widget-wrap elementor-element-populated\">\n\t\t\t\t\t\t\t\t<div class=\"elementor-element elementor-element-ca15006 elementor-widget elementor-widget-image\" data-id=\"ca15006\" data-element_type=\"widget\" data-widget_type=\"image.default\">\n\t\t\t\t<div class=\"elementor-widget-container\">\n\t\t\t\t\t\t\t\t\t\t\t\t\t\t\t<img decoding=\"async\" width=\"1024\" height=\"810\" src=\"https:\/\/www.granlunds.com\/wp-content\/uploads\/2026\/01\/Roskakatos-scaled-e1769761738606-1-1024x810.jpg\" class=\"attachment-large size-large wp-image-10472\" alt=\"\" srcset=\"https:\/\/www.granlunds.com\/wp-content\/uploads\/2026\/01\/Roskakatos-scaled-e1769761738606-1-1024x810.jpg 1024w, https:\/\/www.granlunds.com\/wp-content\/uploads\/2026\/01\/Roskakatos-scaled-e1769761738606-1-300x237.jpg 300w, https:\/\/www.granlunds.com\/wp-content\/uploads\/2026\/01\/Roskakatos-scaled-e1769761738606-1-768x608.jpg 768w, https:\/\/www.granlunds.com\/wp-content\/uploads\/2026\/01\/Roskakatos-scaled-e1769761738606-1-50x40.jpg 50w, https:\/\/www.granlunds.com\/wp-content\/uploads\/2026\/01\/Roskakatos-scaled-e1769761738606-1-250x198.jpg 250w, https:\/\/www.granlunds.com\/wp-content\/uploads\/2026\/01\/Roskakatos-scaled-e1769761738606-1.jpg 1254w\" sizes=\"(max-width: 1024px) 100vw, 1024px\" \/>\t\t\t\t\t\t\t\t\t\t\t\t\t\t\t<\/div>\n\t\t\t\t<\/div>\n\t\t\t\t\t<\/div>\n\t\t<\/div>\n\t\t\t\t<div class=\"elementor-column elementor-col-33 elementor-top-column elementor-element elementor-element-89b1591\" data-id=\"89b1591\" data-element_type=\"column\" data-settings=\"{&quot;background_background&quot;:&quot;classic&quot;}\">\n\t\t\t<div class=\"elementor-widget-wrap elementor-element-populated\">\n\t\t\t\t\t\t\t\t<div class=\"elementor-element elementor-element-1bd004b elementor-widget elementor-widget-heading\" data-id=\"1bd004b\" data-element_type=\"widget\" data-widget_type=\"heading.default\">\n\t\t\t\t<div class=\"elementor-widget-container\">\n\t\t\t<h2 class=\"elementor-heading-title elementor-size-default\"><b>J\u00e4teastioiden katos<\/b><\/h2>\t\t<\/div>\n\t\t\t\t<\/div>\n\t\t\t\t<div class=\"elementor-element elementor-element-94b5980 elementor-widget elementor-widget-text-editor\" data-id=\"94b5980\" data-element_type=\"widget\" data-widget_type=\"text-editor.default\">\n\t\t\t\t<div class=\"elementor-widget-container\">\n\t\t\t\t\t\t\t<p>Lukittava pariovi pienell\u00e4 silm\u00e4koolla joka pit\u00e4\u00e4 linnut ulkona.<\/p>\t\t\t\t\t\t<\/div>\n\t\t\t\t<\/div>\n\t\t\t\t\t<\/div>\n\t\t<\/div>\n\t\t\t\t\t\t\t<\/div>\n\t\t<\/section>\n\t\t\t\t<section class=\"elementor-section elementor-top-section elementor-element elementor-element-e22e685 elementor-section-stretched elementor-section-boxed elementor-section-height-default elementor-section-height-default\" data-id=\"e22e685\" data-element_type=\"section\" data-settings=\"{&quot;stretch_section&quot;:&quot;section-stretched&quot;}\">\n\t\t\t\t\t\t<div class=\"elementor-container elementor-column-gap-no\">\n\t\t\t\t\t<div class=\"elementor-column elementor-col-100 elementor-top-column elementor-element elementor-element-e93ec72\" data-id=\"e93ec72\" data-element_type=\"column\">\n\t\t\t<div class=\"elementor-widget-wrap elementor-element-populated\">\n\t\t\t\t\t\t\t\t<div class=\"elementor-element elementor-element-55a88e6 elementor-widget elementor-widget-spacer\" data-id=\"55a88e6\" data-element_type=\"widget\" data-widget_type=\"spacer.default\">\n\t\t\t\t<div class=\"elementor-widget-container\">\n\t\t\t\t\t<div class=\"elementor-spacer\">\n\t\t\t<div class=\"elementor-spacer-inner\"><\/div>\n\t\t<\/div>\n\t\t\t\t<\/div>\n\t\t\t\t<\/div>\n\t\t\t\t\t<\/div>\n\t\t<\/div>\n\t\t\t\t\t\t\t<\/div>\n\t\t<\/section>\n\t\t\t\t<section class=\"elementor-section elementor-top-section elementor-element elementor-element-062b84e elementor-section-stretched elementor-section-boxed elementor-section-height-default elementor-section-height-default\" data-id=\"062b84e\" data-element_type=\"section\" data-settings=\"{&quot;stretch_section&quot;:&quot;section-stretched&quot;}\">\n\t\t\t\t\t\t<div class=\"elementor-container elementor-column-gap-no\">\n\t\t\t\t\t<div class=\"elementor-column elementor-col-66 elementor-top-column elementor-element elementor-element-5bf76c4\" data-id=\"5bf76c4\" data-element_type=\"column\">\n\t\t\t<div class=\"elementor-widget-wrap elementor-element-populated\">\n\t\t\t\t\t\t\t\t<div class=\"elementor-element elementor-element-f4dcb55 elementor-widget elementor-widget-image\" data-id=\"f4dcb55\" data-element_type=\"widget\" data-widget_type=\"image.default\">\n\t\t\t\t<div class=\"elementor-widget-container\">\n\t\t\t\t\t\t\t\t\t\t\t\t\t\t\t<img loading=\"lazy\" decoding=\"async\" width=\"1024\" height=\"590\" src=\"https:\/\/www.granlunds.com\/wp-content\/uploads\/2026\/01\/Tullmagasinet-1-scaled-1-1024x590.jpg\" class=\"attachment-large size-large wp-image-10475\" alt=\"\" srcset=\"https:\/\/www.granlunds.com\/wp-content\/uploads\/2026\/01\/Tullmagasinet-1-scaled-1-1024x590.jpg 1024w, https:\/\/www.granlunds.com\/wp-content\/uploads\/2026\/01\/Tullmagasinet-1-scaled-1-300x173.jpg 300w, https:\/\/www.granlunds.com\/wp-content\/uploads\/2026\/01\/Tullmagasinet-1-scaled-1-768x443.jpg 768w, https:\/\/www.granlunds.com\/wp-content\/uploads\/2026\/01\/Tullmagasinet-1-scaled-1-50x29.jpg 50w, https:\/\/www.granlunds.com\/wp-content\/uploads\/2026\/01\/Tullmagasinet-1-scaled-1-1600x922.jpg 1600w, https:\/\/www.granlunds.com\/wp-content\/uploads\/2026\/01\/Tullmagasinet-1-scaled-1-1536x885.jpg 1536w, https:\/\/www.granlunds.com\/wp-content\/uploads\/2026\/01\/Tullmagasinet-1-scaled-1-2048x1180.jpg 2048w, https:\/\/www.granlunds.com\/wp-content\/uploads\/2026\/01\/Tullmagasinet-1-scaled-1-250x144.jpg 250w\" sizes=\"(max-width: 1024px) 100vw, 1024px\" \/>\t\t\t\t\t\t\t\t\t\t\t\t\t\t\t<\/div>\n\t\t\t\t<\/div>\n\t\t\t\t\t<\/div>\n\t\t<\/div>\n\t\t\t\t<div class=\"elementor-column elementor-col-33 elementor-top-column elementor-element elementor-element-29511d0\" data-id=\"29511d0\" data-element_type=\"column\" data-settings=\"{&quot;background_background&quot;:&quot;classic&quot;}\">\n\t\t\t<div class=\"elementor-widget-wrap elementor-element-populated\">\n\t\t\t\t\t\t\t\t<div class=\"elementor-element elementor-element-519da11 elementor-widget elementor-widget-heading\" data-id=\"519da11\" data-element_type=\"widget\" data-widget_type=\"heading.default\">\n\t\t\t\t<div class=\"elementor-widget-container\">\n\t\t\t<h2 class=\"elementor-heading-title elementor-size-default\"><b>Br\u00e4nsletank<\/b><\/h2>\t\t<\/div>\n\t\t\t\t<\/div>\n\t\t\t\t<div class=\"elementor-element elementor-element-9a2819c elementor-widget elementor-widget-text-editor\" data-id=\"9a2819c\" data-element_type=\"widget\" data-widget_type=\"text-editor.default\">\n\t\t\t\t<div class=\"elementor-widget-container\">\n\t\t\t\t\t\t\t<p>Inh\u00e4gnad br\u00e4nsletank ovan jord, v\u00e4ggh\u00f6jd minst 2,5m.<\/p>\t\t\t\t\t\t<\/div>\n\t\t\t\t<\/div>\n\t\t\t\t\t<\/div>\n\t\t<\/div>\n\t\t\t\t\t\t\t<\/div>\n\t\t<\/section>\n\t\t\t\t<section class=\"elementor-section elementor-top-section elementor-element elementor-element-b7884cd elementor-section-stretched elementor-section-boxed elementor-section-height-default elementor-section-height-default\" data-id=\"b7884cd\" data-element_type=\"section\" data-settings=\"{&quot;stretch_section&quot;:&quot;section-stretched&quot;}\">\n\t\t\t\t\t\t<div class=\"elementor-container elementor-column-gap-no\">\n\t\t\t\t\t<div class=\"elementor-column elementor-col-100 elementor-top-column elementor-element elementor-element-35284fa\" data-id=\"35284fa\" data-element_type=\"column\">\n\t\t\t<div class=\"elementor-widget-wrap elementor-element-populated\">\n\t\t\t\t\t\t\t\t<div class=\"elementor-element elementor-element-ac01ef7 elementor-widget elementor-widget-spacer\" data-id=\"ac01ef7\" data-element_type=\"widget\" data-widget_type=\"spacer.default\">\n\t\t\t\t<div class=\"elementor-widget-container\">\n\t\t\t\t\t<div class=\"elementor-spacer\">\n\t\t\t<div class=\"elementor-spacer-inner\"><\/div>\n\t\t<\/div>\n\t\t\t\t<\/div>\n\t\t\t\t<\/div>\n\t\t\t\t\t<\/div>\n\t\t<\/div>\n\t\t\t\t\t\t\t<\/div>\n\t\t<\/section>\n\t\t\t\t\t\t\t<\/div>\n\t\t","protected":false},"excerpt":{"rendered":"<p>Verkkosein\u00e4t k\u00e4ytt\u00f6alueet Kaasuasema Lukittava aitaus kaasus\u00e4ili\u00f6n ymp\u00e4ri.Korkeusvaatimus 2,5m Muuntamo Muuntamon verkkosein\u00e4 korkeilla turvallisuusvaatimuksilla.Korkea sein\u00e4 pienell\u00e4 verkon silm\u00e4koolla. J\u00e4teastioiden katos Lukittava pariovi pienell\u00e4 silm\u00e4koolla joka pit\u00e4\u00e4 linnut ulkona. Br\u00e4nsletank Inh\u00e4gnad br\u00e4nsletank ovan jord, v\u00e4ggh\u00f6jd minst 2,5m.<\/p>\n","protected":false},"author":3,"featured_media":0,"parent":9334,"menu_order":1,"comment_status":"closed","ping_status":"closed","template":"","meta":{"advgb_blocks_editor_width":"","advgb_blocks_columns_visual_guide":"","footnotes":""},"coauthors":[],"author_meta":{"author_link":"https:\/\/www.granlunds.com\/fi\/author\/kaj\/","display_name":"Kaj"},"relative_dates":{"created":"Julkaistu 2 kuukautta sitten","modified":"P\u00e4ivitetty 2 kuukautta sitten"},"absolute_dates":{"created":"Julkaistu 30.1.2026","modified":"P\u00e4ivitetty 30.1.2026"},"absolute_dates_time":{"created":"Julkaistu 30.1.2026 12:50","modified":"P\u00e4ivitetty 30.1.2026 13:18"},"featured_img_caption":"","featured_img":false,"series_order":"","_links":{"self":[{"href":"https:\/\/www.granlunds.com\/fi\/wp-json\/wp\/v2\/pages\/10462"}],"collection":[{"href":"https:\/\/www.granlunds.com\/fi\/wp-json\/wp\/v2\/pages"}],"about":[{"href":"https:\/\/www.granlunds.com\/fi\/wp-json\/wp\/v2\/types\/page"}],"author":[{"embeddable":true,"href":"https:\/\/www.granlunds.com\/fi\/wp-json\/wp\/v2\/users\/3"}],"replies":[{"embeddable":true,"href":"https:\/\/www.granlunds.com\/fi\/wp-json\/wp\/v2\/comments?post=10462"}],"version-history":[{"count":7,"href":"https:\/\/www.granlunds.com\/fi\/wp-json\/wp\/v2\/pages\/10462\/revisions"}],"predecessor-version":[{"id":10499,"href":"https:\/\/www.granlunds.com\/fi\/wp-json\/wp\/v2\/pages\/10462\/revisions\/10499"}],"up":[{"embeddable":true,"href":"https:\/\/www.granlunds.com\/fi\/wp-json\/wp\/v2\/pages\/9334"}],"wp:attachment":[{"href":"https:\/\/www.granlunds.com\/fi\/wp-json\/wp\/v2\/media?parent=10462"}],"curies":[{"name":"wp","href":"https:\/\/api.w.org\/{rel}","templated":true}]}}