{"id":1017,"date":"2019-12-03T13:36:03","date_gmt":"2019-12-03T12:36:03","guid":{"rendered":"https:\/\/www.granlunds.com\/?page_id=1017"},"modified":"2020-01-03T13:37:57","modified_gmt":"2020-01-03T11:37:57","slug":"tayttomateriaali","status":"publish","type":"page","link":"https:\/\/www.granlunds.com\/fi\/kivikorit\/tayttomateriaali\/","title":{"rendered":"Kivikorit T\u00e4ytt\u00f6materiaali"},"content":{"rendered":"\n<h1 class=\"h1-width wp-block-heading\"><strong>Kivikorit<\/strong><\/h1>\n\n\n\n<h1 class=\"wp-block-heading\"><strong>T\u00e4ytt\u00f6materiaali<\/strong><\/h1>\n\n\n\n<p>Kivikorit\nt\u00e4ytet\u00e4\u00e4n useimmin kiviper\u00e4isell\u00e4 materiaalilla kuten murskeella tai\nluonnonkivell\u00e4. Vaihtoehtoisia materiaaleja voi my\u00f6s k\u00e4ytt\u00e4\u00e4, t\u00e4ytyy vain\nhuomioida k\u00e4ytt\u00f6alueen s\u00e4\u00e4olosuhteet.<\/p>\n\n\n\n<p>Korimalliin\nsopiva t\u00e4ytt\u00f6materiaalin karkeus t\u00e4ytyy varmistaa.<\/p>\n\n\n\n<p>Karkeampi\nt\u00e4ytemateriaali vaatii kieman enemm\u00e4n k\u00e4sity\u00f6t\u00e4 kauniin lopputuloksen\nsaamiseksi.<\/p>\n\n\n\n<p>Ota yhteytt\u00e4 paikalliseen Granlundsien kivikorien j\u00e4lleenmyyj\u00e4\u00e4n, mik\u00e4li olet ep\u00e4varma t\u00e4ytt\u00f6materiaalin soveltuvuudesta.<\/p>\n\n\n\n<div style=\"height:32px\" aria-hidden=\"true\" class=\"wp-block-spacer\"><\/div>\n\n\n\n<div class=\"wp-block-columns is-layout-flex wp-container-core-columns-layout-1 wp-block-columns-is-layout-flex\">\n<div class=\"wp-block-column is-layout-flow wp-block-column-is-layout-flow\">\n<div class=\"wp-block-image\"><figure class=\"aligncenter size-large\"><img fetchpriority=\"high\" decoding=\"async\" width=\"1024\" height=\"576\" src=\"https:\/\/www.granlunds.com\/wp-content\/uploads\/2019\/12\/Kross-100-200mm-1024x576.jpg\" alt=\"\" class=\"wp-image-994\" srcset=\"https:\/\/www.granlunds.com\/wp-content\/uploads\/2019\/12\/Kross-100-200mm-1024x576.jpg 1024w, https:\/\/www.granlunds.com\/wp-content\/uploads\/2019\/12\/Kross-100-200mm-600x338.jpg 600w, https:\/\/www.granlunds.com\/wp-content\/uploads\/2019\/12\/Kross-100-200mm-300x169.jpg 300w, https:\/\/www.granlunds.com\/wp-content\/uploads\/2019\/12\/Kross-100-200mm-768x432.jpg 768w, https:\/\/www.granlunds.com\/wp-content\/uploads\/2019\/12\/Kross-100-200mm-1600x900.jpg 1600w, https:\/\/www.granlunds.com\/wp-content\/uploads\/2019\/12\/Kross-100-200mm-1536x864.jpg 1536w, https:\/\/www.granlunds.com\/wp-content\/uploads\/2019\/12\/Kross-100-200mm.jpg 1920w\" sizes=\"(max-width: 1024px) 100vw, 1024px\" \/><figcaption><strong>Murske 100-200mm <\/strong><\/figcaption><\/figure><\/div>\n\n\n\n<div class=\"wp-block-image\"><figure class=\"aligncenter size-large\"><img decoding=\"async\" width=\"1024\" height=\"576\" src=\"https:\/\/www.granlunds.com\/wp-content\/uploads\/2020\/01\/\u00c5teranv\u00e4ndning-2-1024x576.jpg\" alt=\"\" class=\"wp-image-1476\" srcset=\"https:\/\/www.granlunds.com\/wp-content\/uploads\/2020\/01\/\u00c5teranv\u00e4ndning-2-1024x576.jpg 1024w, https:\/\/www.granlunds.com\/wp-content\/uploads\/2020\/01\/\u00c5teranv\u00e4ndning-2-600x338.jpg 600w, https:\/\/www.granlunds.com\/wp-content\/uploads\/2020\/01\/\u00c5teranv\u00e4ndning-2-300x169.jpg 300w, https:\/\/www.granlunds.com\/wp-content\/uploads\/2020\/01\/\u00c5teranv\u00e4ndning-2-768x432.jpg 768w, https:\/\/www.granlunds.com\/wp-content\/uploads\/2020\/01\/\u00c5teranv\u00e4ndning-2-1600x900.jpg 1600w, https:\/\/www.granlunds.com\/wp-content\/uploads\/2020\/01\/\u00c5teranv\u00e4ndning-2-1536x864.jpg 1536w, https:\/\/www.granlunds.com\/wp-content\/uploads\/2020\/01\/\u00c5teranv\u00e4ndning-2-2048x1152.jpg 2048w\" sizes=\"(max-width: 1024px) 100vw, 1024px\" \/><figcaption><strong>Kierr\u00e4tys<\/strong><\/figcaption><\/figure><\/div>\n<\/div>\n\n\n\n<div class=\"wp-block-column is-layout-flow wp-block-column-is-layout-flow\">\n<div class=\"wp-block-image\"><figure class=\"aligncenter size-large\"><img decoding=\"async\" width=\"1024\" height=\"576\" src=\"https:\/\/www.granlunds.com\/wp-content\/uploads\/2019\/12\/Natursten-100-200mm-1024x576.jpg\" alt=\"\" class=\"wp-image-985\" srcset=\"https:\/\/www.granlunds.com\/wp-content\/uploads\/2019\/12\/Natursten-100-200mm-1024x576.jpg 1024w, https:\/\/www.granlunds.com\/wp-content\/uploads\/2019\/12\/Natursten-100-200mm-600x338.jpg 600w, https:\/\/www.granlunds.com\/wp-content\/uploads\/2019\/12\/Natursten-100-200mm-300x169.jpg 300w, https:\/\/www.granlunds.com\/wp-content\/uploads\/2019\/12\/Natursten-100-200mm-768x432.jpg 768w, https:\/\/www.granlunds.com\/wp-content\/uploads\/2019\/12\/Natursten-100-200mm-1600x900.jpg 1600w, https:\/\/www.granlunds.com\/wp-content\/uploads\/2019\/12\/Natursten-100-200mm-1536x864.jpg 1536w, https:\/\/www.granlunds.com\/wp-content\/uploads\/2019\/12\/Natursten-100-200mm.jpg 1920w\" sizes=\"(max-width: 1024px) 100vw, 1024px\" \/><figcaption><strong>Luonnonkivi 100-200mm<\/strong> <\/figcaption><\/figure><\/div>\n\n\n\n<div class=\"wp-block-image\"><figure class=\"aligncenter size-large\"><img loading=\"lazy\" decoding=\"async\" width=\"1024\" height=\"576\" src=\"https:\/\/www.granlunds.com\/wp-content\/uploads\/2019\/12\/Kross-32-65mm-1024x576.jpg\" alt=\"\" class=\"wp-image-988\" srcset=\"https:\/\/www.granlunds.com\/wp-content\/uploads\/2019\/12\/Kross-32-65mm-1024x576.jpg 1024w, https:\/\/www.granlunds.com\/wp-content\/uploads\/2019\/12\/Kross-32-65mm-600x338.jpg 600w, https:\/\/www.granlunds.com\/wp-content\/uploads\/2019\/12\/Kross-32-65mm-300x169.jpg 300w, https:\/\/www.granlunds.com\/wp-content\/uploads\/2019\/12\/Kross-32-65mm-768x432.jpg 768w, https:\/\/www.granlunds.com\/wp-content\/uploads\/2019\/12\/Kross-32-65mm-1600x900.jpg 1600w, https:\/\/www.granlunds.com\/wp-content\/uploads\/2019\/12\/Kross-32-65mm-1536x864.jpg 1536w, https:\/\/www.granlunds.com\/wp-content\/uploads\/2019\/12\/Kross-32-65mm.jpg 1920w\" sizes=\"(max-width: 1024px) 100vw, 1024px\" \/><figcaption><strong>Murske 32-65mm<\/strong> <\/figcaption><\/figure><\/div>\n<\/div>\n<\/div>\n","protected":false},"excerpt":{"rendered":"<p>T\u00e4ytt\u00f6materiaali Kivikorit t\u00e4ytet\u00e4\u00e4n useimmin kiviper\u00e4isell\u00e4 materiaalilla kuten murskeella tai luonnonkivell\u00e4. Vaihtoehtoisia materiaaleja voi my\u00f6s k\u00e4ytt\u00e4\u00e4, t\u00e4ytyy vain huomioida k\u00e4ytt\u00f6alueen s\u00e4\u00e4olosuhteet. Korimalliin sopiva t\u00e4ytt\u00f6materiaalin karkeus t\u00e4ytyy varmistaa. Karkeampi t\u00e4ytemateriaali vaatii kieman enemm\u00e4n k\u00e4sity\u00f6t\u00e4 kauniin lopputuloksen saamiseksi. Ota yhteytt\u00e4 paikalliseen Granlundsien kivikorien j\u00e4lleenmyyj\u00e4\u00e4n, mik\u00e4li olet ep\u00e4varma t\u00e4ytt\u00f6materiaalin soveltuvuudesta.<\/p>\n","protected":false},"author":1,"featured_media":0,"parent":23,"menu_order":0,"comment_status":"closed","ping_status":"closed","template":"","meta":{"advgb_blocks_editor_width":"","advgb_blocks_columns_visual_guide":"","footnotes":""},"coauthors":[],"author_meta":{"author_link":"https:\/\/www.granlunds.com\/fi\/author\/tommy\/","display_name":"tommy"},"relative_dates":{"created":"Julkaistu 6 vuotta sitten","modified":"P\u00e4ivitetty 6 vuotta sitten"},"absolute_dates":{"created":"Julkaistu 3.12.2019","modified":"P\u00e4ivitetty 3.1.2020"},"absolute_dates_time":{"created":"Julkaistu 3.12.2019 13:36","modified":"P\u00e4ivitetty 3.1.2020 13:37"},"featured_img_caption":"","featured_img":false,"series_order":"","_links":{"self":[{"href":"https:\/\/www.granlunds.com\/fi\/wp-json\/wp\/v2\/pages\/1017"}],"collection":[{"href":"https:\/\/www.granlunds.com\/fi\/wp-json\/wp\/v2\/pages"}],"about":[{"href":"https:\/\/www.granlunds.com\/fi\/wp-json\/wp\/v2\/types\/page"}],"author":[{"embeddable":true,"href":"https:\/\/www.granlunds.com\/fi\/wp-json\/wp\/v2\/users\/1"}],"replies":[{"embeddable":true,"href":"https:\/\/www.granlunds.com\/fi\/wp-json\/wp\/v2\/comments?post=1017"}],"version-history":[{"count":6,"href":"https:\/\/www.granlunds.com\/fi\/wp-json\/wp\/v2\/pages\/1017\/revisions"}],"predecessor-version":[{"id":1524,"href":"https:\/\/www.granlunds.com\/fi\/wp-json\/wp\/v2\/pages\/1017\/revisions\/1524"}],"up":[{"embeddable":true,"href":"https:\/\/www.granlunds.com\/fi\/wp-json\/wp\/v2\/pages\/23"}],"wp:attachment":[{"href":"https:\/\/www.granlunds.com\/fi\/wp-json\/wp\/v2\/media?parent=1017"}],"curies":[{"name":"wp","href":"https:\/\/api.w.org\/{rel}","templated":true}]}}